{"id":295,"date":"2020-02-08T17:00:09","date_gmt":"2020-02-08T17:00:09","guid":{"rendered":"https:\/\/monaistudio.lt\/?page_id=295"},"modified":"2021-10-03T15:26:21","modified_gmt":"2021-10-03T15:26:21","slug":"partners","status":"publish","type":"page","link":"https:\/\/monaistudio.lt\/en\/partners\/","title":{"rendered":"Partners"},"content":{"rendered":"<div data-elementor-type=\"wp-page\" data-elementor-id=\"295\" class=\"elementor elementor-295\" data-elementor-post-type=\"page\">\n\t\t\t\t\t\t<section class=\"elementor-section elementor-top-section elementor-element elementor-element-90f34b1 elementor-hidden-phone elementor-section-boxed elementor-section-height-default elementor-section-height-default\" data-id=\"90f34b1\" data-element_type=\"section\" data-e-type=\"section\" data-settings=\"{&quot;ekit_has_onepagescroll_dot&quot;:&quot;yes&quot;}\">\n\t\t\t\t\t\t<div class=\"elementor-container elementor-column-gap-default\">\n\t\t\t\t\t<div class=\"elementor-column elementor-col-50 elementor-top-column elementor-element elementor-element-3b418e4\" data-id=\"3b418e4\" data-element_type=\"column\" data-e-type=\"column\">\n\t\t\t<div class=\"elementor-widget-wrap\">\n\t\t\t\t\t\t\t<\/div>\n\t\t<\/div>\n\t\t\t\t<div class=\"elementor-column elementor-col-50 elementor-top-column elementor-element elementor-element-7b28fda\" data-id=\"7b28fda\" data-element_type=\"column\" data-e-type=\"column\">\n\t\t\t<div class=\"elementor-widget-wrap elementor-element-populated\">\n\t\t\t\t\t\t<div class=\"elementor-element elementor-element-50b65ba elementor-widget elementor-widget-image\" data-id=\"50b65ba\" data-element_type=\"widget\" data-e-type=\"widget\" data-settings=\"{&quot;ekit_we_effect_on&quot;:&quot;none&quot;}\" data-widget_type=\"image.default\">\n\t\t\t\t<div class=\"elementor-widget-container\">\n\t\t\t\t\t\t\t\t\t\t\t\t\t\t\t<img decoding=\"async\" data-src=\"https:\/\/monaistudio.lt\/wp-content\/uploads\/2020\/04\/duzmogai-grafitSU-DEME-su-saule.png\" title=\"duzmogai grafitSU DEME su saule\" alt=\"duzmogai grafitSU DEME su saule\" src=\"data:image\/svg+xml;base64,PHN2ZyB3aWR0aD0iMSIgaGVpZ2h0PSIxIiB4bWxucz0iaHR0cDovL3d3dy53My5vcmcvMjAwMC9zdmciPjwvc3ZnPg==\" class=\"lazyload\" style=\"--smush-placeholder-width: 1920px; --smush-placeholder-aspect-ratio: 1920\/933;\" \/>\t\t\t\t\t\t\t\t\t\t\t\t\t\t\t<\/div>\n\t\t\t\t<\/div>\n\t\t\t\t\t<\/div>\n\t\t<\/div>\n\t\t\t\t\t<\/div>\n\t\t<\/section>\n\t\t\t\t<section class=\"elementor-section elementor-top-section elementor-element elementor-element-03f3d02 elementor-section-boxed elementor-section-height-default elementor-section-height-default\" data-id=\"03f3d02\" data-element_type=\"section\" data-e-type=\"section\" data-settings=\"{&quot;ekit_has_onepagescroll_dot&quot;:&quot;yes&quot;}\">\n\t\t\t\t\t\t<div class=\"elementor-container elementor-column-gap-default\">\n\t\t\t\t\t<div class=\"elementor-column elementor-col-50 elementor-top-column elementor-element elementor-element-8f9a2e3\" data-id=\"8f9a2e3\" data-element_type=\"column\" data-e-type=\"column\">\n\t\t\t<div class=\"elementor-widget-wrap elementor-element-populated\">\n\t\t\t\t\t\t<div class=\"elementor-element elementor-element-aeba7fe elementor-widget elementor-widget-text-editor\" data-id=\"aeba7fe\" data-element_type=\"widget\" data-e-type=\"widget\" data-settings=\"{&quot;ekit_we_effect_on&quot;:&quot;none&quot;}\" data-widget_type=\"text-editor.default\">\n\t\t\t\t<div class=\"elementor-widget-container\">\n\t\t\t\t\t\t\t\t\t<h1>Our friends<\/h1><p>You can\u2019t live on your own. We have many friends and some of those friends happened to run shops. These shops are the only places in Lithuania where you can come and see some of our works \u201cin flesh\u201d instead of purchasing from our e-store. We are happy to present them here and encourage people to visit these beautiful places, examine our jewelry and postcards and also check out other stuff from different Lithuanian authors. These places are great!<\/p>\t\t\t\t\t\t\t\t<\/div>\n\t\t\t\t<\/div>\n\t\t\t\t\t<\/div>\n\t\t<\/div>\n\t\t\t\t<div class=\"elementor-column elementor-col-50 elementor-top-column elementor-element elementor-element-d336b0b\" data-id=\"d336b0b\" data-element_type=\"column\" data-e-type=\"column\">\n\t\t\t<div class=\"elementor-widget-wrap\">\n\t\t\t\t\t\t\t<\/div>\n\t\t<\/div>\n\t\t\t\t\t<\/div>\n\t\t<\/section>\n\t\t\t\t<section class=\"elementor-section elementor-top-section elementor-element elementor-element-705d6a8 elementor-section-full_width elementor-hidden-desktop elementor-hidden-tablet elementor-section-height-default elementor-section-height-default\" data-id=\"705d6a8\" data-element_type=\"section\" data-e-type=\"section\" data-settings=\"{&quot;ekit_has_onepagescroll_dot&quot;:&quot;yes&quot;}\">\n\t\t\t\t\t\t<div class=\"elementor-container elementor-column-gap-default\">\n\t\t\t\t\t<div class=\"elementor-column elementor-col-100 elementor-top-column elementor-element elementor-element-35c2645\" data-id=\"35c2645\" data-element_type=\"column\" data-e-type=\"column\">\n\t\t\t<div class=\"elementor-widget-wrap elementor-element-populated\">\n\t\t\t\t\t\t<div class=\"elementor-element elementor-element-5530c84 elementor-widget elementor-widget-image\" data-id=\"5530c84\" data-element_type=\"widget\" data-e-type=\"widget\" data-settings=\"{&quot;ekit_we_effect_on&quot;:&quot;none&quot;}\" data-widget_type=\"image.default\">\n\t\t\t\t<div class=\"elementor-widget-container\">\n\t\t\t\t\t\t\t\t\t\t\t\t\t\t\t<img fetchpriority=\"high\" decoding=\"async\" width=\"1024\" height=\"498\" src=\"https:\/\/monaistudio.lt\/wp-content\/uploads\/2020\/04\/duzmogai-grafitSU-DEME-su-saule-1024x498.png\" class=\"attachment-large size-large wp-image-2314\" alt=\"\" srcset=\"https:\/\/monaistudio.lt\/wp-content\/uploads\/2020\/04\/duzmogai-grafitSU-DEME-su-saule-1024x498.png 1024w, https:\/\/monaistudio.lt\/wp-content\/uploads\/2020\/04\/duzmogai-grafitSU-DEME-su-saule-600x292.png 600w, https:\/\/monaistudio.lt\/wp-content\/uploads\/2020\/04\/duzmogai-grafitSU-DEME-su-saule-300x146.png 300w, https:\/\/monaistudio.lt\/wp-content\/uploads\/2020\/04\/duzmogai-grafitSU-DEME-su-saule-768x373.png 768w, https:\/\/monaistudio.lt\/wp-content\/uploads\/2020\/04\/duzmogai-grafitSU-DEME-su-saule.png 1920w\" sizes=\"(max-width: 1024px) 100vw, 1024px\" \/>\t\t\t\t\t\t\t\t\t\t\t\t\t\t\t<\/div>\n\t\t\t\t<\/div>\n\t\t\t\t\t<\/div>\n\t\t<\/div>\n\t\t\t\t\t<\/div>\n\t\t<\/section>\n\t\t\t\t<section class=\"elementor-section elementor-top-section elementor-element elementor-element-6ea9d42 elementor-hidden-phone elementor-section-boxed elementor-section-height-default elementor-section-height-default\" data-id=\"6ea9d42\" data-element_type=\"section\" data-e-type=\"section\" data-settings=\"{&quot;ekit_has_onepagescroll_dot&quot;:&quot;yes&quot;}\">\n\t\t\t\t\t\t<div class=\"elementor-container elementor-column-gap-default\">\n\t\t\t\t\t<div class=\"elementor-column elementor-col-100 elementor-top-column elementor-element elementor-element-20856fc\" data-id=\"20856fc\" data-element_type=\"column\" data-e-type=\"column\">\n\t\t\t<div class=\"elementor-widget-wrap elementor-element-populated\">\n\t\t\t\t\t\t<div class=\"elementor-element elementor-element-2fbb8ec elementor-widget elementor-widget-spacer\" data-id=\"2fbb8ec\" data-element_type=\"widget\" data-e-type=\"widget\" data-settings=\"{&quot;ekit_we_effect_on&quot;:&quot;none&quot;}\" data-widget_type=\"spacer.default\">\n\t\t\t\t<div class=\"elementor-widget-container\">\n\t\t\t\t\t\t\t<div class=\"elementor-spacer\">\n\t\t\t<div class=\"elementor-spacer-inner\"><\/div>\n\t\t<\/div>\n\t\t\t\t\t\t<\/div>\n\t\t\t\t<\/div>\n\t\t\t\t\t<\/div>\n\t\t<\/div>\n\t\t\t\t\t<\/div>\n\t\t<\/section>\n\t\t\t\t<section class=\"elementor-section elementor-top-section elementor-element elementor-element-ec8c0da elementor-section-boxed elementor-section-height-default elementor-section-height-default\" data-id=\"ec8c0da\" data-element_type=\"section\" data-e-type=\"section\" data-settings=\"{&quot;ekit_has_onepagescroll_dot&quot;:&quot;yes&quot;}\">\n\t\t\t\t\t\t<div class=\"elementor-container elementor-column-gap-wider\">\n\t\t\t\t\t<div class=\"elementor-column elementor-col-50 elementor-top-column elementor-element elementor-element-2d777b9\" data-id=\"2d777b9\" data-element_type=\"column\" data-e-type=\"column\">\n\t\t\t<div class=\"elementor-widget-wrap elementor-element-populated\">\n\t\t\t\t\t\t<div class=\"elementor-element elementor-element-17b656c elementor-widget elementor-widget-heading\" data-id=\"17b656c\" data-element_type=\"widget\" data-e-type=\"widget\" data-settings=\"{&quot;ekit_we_effect_on&quot;:&quot;none&quot;}\" data-widget_type=\"heading.default\">\n\t\t\t\t<div class=\"elementor-widget-container\">\n\t\t\t\t\t<h2 class=\"elementor-heading-title elementor-size-default\"><a href=\"https:\/\/www.facebook.com\/balticshamans\/\" target=\"_blank\">Baltic shamans<\/a><\/h2>\t\t\t\t<\/div>\n\t\t\t\t<\/div>\n\t\t\t\t<div class=\"elementor-element elementor-element-26eee69 elementor-widget elementor-widget-image\" data-id=\"26eee69\" data-element_type=\"widget\" data-e-type=\"widget\" data-settings=\"{&quot;ekit_we_effect_on&quot;:&quot;none&quot;}\" data-widget_type=\"image.default\">\n\t\t\t\t<div class=\"elementor-widget-container\">\n\t\t\t\t\t\t\t\t\t\t\t\t\t\t\t<img decoding=\"async\" width=\"1024\" height=\"1024\" data-src=\"https:\/\/monaistudio.lt\/wp-content\/uploads\/2020\/03\/SHAMANS-APKIRPTA-1024x1024.jpg\" class=\"attachment-large size-large wp-image-1028 lazyload\" alt=\"\" data-srcset=\"https:\/\/monaistudio.lt\/wp-content\/uploads\/2020\/03\/SHAMANS-APKIRPTA-1024x1024.jpg 1024w, https:\/\/monaistudio.lt\/wp-content\/uploads\/2020\/03\/SHAMANS-APKIRPTA-400x400.jpg 400w, https:\/\/monaistudio.lt\/wp-content\/uploads\/2020\/03\/SHAMANS-APKIRPTA-100x100.jpg 100w, https:\/\/monaistudio.lt\/wp-content\/uploads\/2020\/03\/SHAMANS-APKIRPTA-600x600.jpg 600w, https:\/\/monaistudio.lt\/wp-content\/uploads\/2020\/03\/SHAMANS-APKIRPTA-150x150.jpg 150w, https:\/\/monaistudio.lt\/wp-content\/uploads\/2020\/03\/SHAMANS-APKIRPTA-300x300.jpg 300w, https:\/\/monaistudio.lt\/wp-content\/uploads\/2020\/03\/SHAMANS-APKIRPTA-768x768.jpg 768w, https:\/\/monaistudio.lt\/wp-content\/uploads\/2020\/03\/SHAMANS-APKIRPTA.jpg 1330w\" data-sizes=\"(max-width: 1024px) 100vw, 1024px\" src=\"data:image\/svg+xml;base64,PHN2ZyB3aWR0aD0iMSIgaGVpZ2h0PSIxIiB4bWxucz0iaHR0cDovL3d3dy53My5vcmcvMjAwMC9zdmciPjwvc3ZnPg==\" style=\"--smush-placeholder-width: 1024px; --smush-placeholder-aspect-ratio: 1024\/1024;\" \/>\t\t\t\t\t\t\t\t\t\t\t\t\t\t\t<\/div>\n\t\t\t\t<\/div>\n\t\t\t\t<div class=\"elementor-element elementor-element-0e49b87 elementor-widget elementor-widget-text-editor\" data-id=\"0e49b87\" data-element_type=\"widget\" data-e-type=\"widget\" data-settings=\"{&quot;ekit_we_effect_on&quot;:&quot;none&quot;}\" data-widget_type=\"text-editor.default\">\n\t\t\t\t<div class=\"elementor-widget-container\">\n\t\t\t\t\t\t\t\t\t<p>Baltic Shamans shop is a place of Lithuanian shamanism in U\u017eupis, the most artsy part of Vilnius. You can find works of many different craftsmen, from jewelry to clothing and music instruments. Great staff, ambient atmosphere and terrific surroundings. You can find examples of most of our works here: many different postcards, ceramic necklaces, earrings and pins.<\/p><p>Uzupio str 2, Vilnius 01202<\/p>\t\t\t\t\t\t\t\t<\/div>\n\t\t\t\t<\/div>\n\t\t\t\t\t<\/div>\n\t\t<\/div>\n\t\t\t\t<div class=\"elementor-column elementor-col-50 elementor-top-column elementor-element elementor-element-3c319df\" data-id=\"3c319df\" data-element_type=\"column\" data-e-type=\"column\">\n\t\t\t<div class=\"elementor-widget-wrap elementor-element-populated\">\n\t\t\t\t\t\t<div class=\"elementor-element elementor-element-16918e7 elementor-widget elementor-widget-heading\" data-id=\"16918e7\" data-element_type=\"widget\" data-e-type=\"widget\" data-settings=\"{&quot;ekit_we_effect_on&quot;:&quot;none&quot;}\" data-widget_type=\"heading.default\">\n\t\t\t\t<div class=\"elementor-widget-container\">\n\t\t\t\t\t<h2 class=\"elementor-heading-title elementor-size-default\"><a href=\"https:\/\/www.facebook.com\/dangausragaine\/\" target=\"_blank\">Ragain\u0117<\/a><\/h2>\t\t\t\t<\/div>\n\t\t\t\t<\/div>\n\t\t\t\t<div class=\"elementor-element elementor-element-95c7451 elementor-widget elementor-widget-image\" data-id=\"95c7451\" data-element_type=\"widget\" data-e-type=\"widget\" data-settings=\"{&quot;ekit_we_effect_on&quot;:&quot;none&quot;}\" data-widget_type=\"image.default\">\n\t\t\t\t<div class=\"elementor-widget-container\">\n\t\t\t\t\t\t\t\t\t\t\t\t\t\t\t<img decoding=\"async\" width=\"1024\" height=\"1024\" data-src=\"https:\/\/monaistudio.lt\/wp-content\/uploads\/2020\/03\/RAGAINE3-APKIRPTA-1024x1024.jpg\" class=\"attachment-large size-large wp-image-1026 lazyload\" alt=\"\" data-srcset=\"https:\/\/monaistudio.lt\/wp-content\/uploads\/2020\/03\/RAGAINE3-APKIRPTA-1024x1024.jpg 1024w, https:\/\/monaistudio.lt\/wp-content\/uploads\/2020\/03\/RAGAINE3-APKIRPTA-400x400.jpg 400w, https:\/\/monaistudio.lt\/wp-content\/uploads\/2020\/03\/RAGAINE3-APKIRPTA-100x100.jpg 100w, https:\/\/monaistudio.lt\/wp-content\/uploads\/2020\/03\/RAGAINE3-APKIRPTA-600x600.jpg 600w, https:\/\/monaistudio.lt\/wp-content\/uploads\/2020\/03\/RAGAINE3-APKIRPTA-150x150.jpg 150w, https:\/\/monaistudio.lt\/wp-content\/uploads\/2020\/03\/RAGAINE3-APKIRPTA-300x300.jpg 300w, https:\/\/monaistudio.lt\/wp-content\/uploads\/2020\/03\/RAGAINE3-APKIRPTA-768x768.jpg 768w, https:\/\/monaistudio.lt\/wp-content\/uploads\/2020\/03\/RAGAINE3-APKIRPTA.jpg 1188w\" data-sizes=\"(max-width: 1024px) 100vw, 1024px\" src=\"data:image\/svg+xml;base64,PHN2ZyB3aWR0aD0iMSIgaGVpZ2h0PSIxIiB4bWxucz0iaHR0cDovL3d3dy53My5vcmcvMjAwMC9zdmciPjwvc3ZnPg==\" style=\"--smush-placeholder-width: 1024px; --smush-placeholder-aspect-ratio: 1024\/1024;\" \/>\t\t\t\t\t\t\t\t\t\t\t\t\t\t\t<\/div>\n\t\t\t\t<\/div>\n\t\t\t\t<div class=\"elementor-element elementor-element-734823e elementor-widget elementor-widget-text-editor\" data-id=\"734823e\" data-element_type=\"widget\" data-e-type=\"widget\" data-settings=\"{&quot;ekit_we_effect_on&quot;:&quot;none&quot;}\" data-widget_type=\"text-editor.default\">\n\t\t\t\t<div class=\"elementor-widget-container\">\n\t\t\t\t\t\t\t\t\t<p>Ragain\u0117 is a place of ancient baltic wisdom and music. Apart from huge selection of Lithuanian CD\u2019s and Vinyl recordings they have crafts from many different Lithuanian authors as well. Very cozy shop with a working fireplace during winter season and warm staff all year long. They sell our jewelry and postcards. Also it\u2019s the only place in the city of Kaunas where you can find our works!<\/p><ol><li>S. Skapo str 3, Vilnius 01122; Kurpi\u0173 str 29, Kaunas 44287<\/li><\/ol>\t\t\t\t\t\t\t\t<\/div>\n\t\t\t\t<\/div>\n\t\t\t\t\t<\/div>\n\t\t<\/div>\n\t\t\t\t\t<\/div>\n\t\t<\/section>\n\t\t\t\t<section class=\"elementor-section elementor-top-section elementor-element elementor-element-1f86aff elementor-section-boxed elementor-section-height-default elementor-section-height-default\" data-id=\"1f86aff\" data-element_type=\"section\" data-e-type=\"section\" data-settings=\"{&quot;ekit_has_onepagescroll_dot&quot;:&quot;yes&quot;}\">\n\t\t\t\t\t\t<div class=\"elementor-container elementor-column-gap-wider\">\n\t\t\t\t\t<div class=\"elementor-column elementor-col-100 elementor-top-column elementor-element elementor-element-6f87944\" data-id=\"6f87944\" data-element_type=\"column\" data-e-type=\"column\">\n\t\t\t<div class=\"elementor-widget-wrap elementor-element-populated\">\n\t\t\t\t\t\t<div class=\"elementor-element elementor-element-d85f832 elementor-widget elementor-widget-heading\" data-id=\"d85f832\" data-element_type=\"widget\" data-e-type=\"widget\" data-settings=\"{&quot;ekit_we_effect_on&quot;:&quot;none&quot;}\" data-widget_type=\"heading.default\">\n\t\t\t\t<div class=\"elementor-widget-container\">\n\t\t\t\t\t<h2 class=\"elementor-heading-title elementor-size-default\"><a href=\"https:\/\/www.facebook.com\/pg\/parduotuvele.lt\" target=\"_blank\">Parduotuv\u0117l\u0117<\/a><\/h2>\t\t\t\t<\/div>\n\t\t\t\t<\/div>\n\t\t\t\t<div class=\"elementor-element elementor-element-82e8dc0 elementor-widget elementor-widget-image\" data-id=\"82e8dc0\" data-element_type=\"widget\" data-e-type=\"widget\" data-settings=\"{&quot;ekit_we_effect_on&quot;:&quot;none&quot;}\" data-widget_type=\"image.default\">\n\t\t\t\t<div class=\"elementor-widget-container\">\n\t\t\t\t\t\t\t\t\t\t\t\t\t\t\t<img decoding=\"async\" width=\"741\" height=\"741\" data-src=\"https:\/\/monaistudio.lt\/wp-content\/uploads\/2020\/03\/PARDUOTUVELE-APKIRPTA.jpg\" class=\"attachment-large size-large wp-image-1025 lazyload\" alt=\"\" data-srcset=\"https:\/\/monaistudio.lt\/wp-content\/uploads\/2020\/03\/PARDUOTUVELE-APKIRPTA.jpg 741w, https:\/\/monaistudio.lt\/wp-content\/uploads\/2020\/03\/PARDUOTUVELE-APKIRPTA-400x400.jpg 400w, https:\/\/monaistudio.lt\/wp-content\/uploads\/2020\/03\/PARDUOTUVELE-APKIRPTA-100x100.jpg 100w, https:\/\/monaistudio.lt\/wp-content\/uploads\/2020\/03\/PARDUOTUVELE-APKIRPTA-600x600.jpg 600w, https:\/\/monaistudio.lt\/wp-content\/uploads\/2020\/03\/PARDUOTUVELE-APKIRPTA-150x150.jpg 150w, https:\/\/monaistudio.lt\/wp-content\/uploads\/2020\/03\/PARDUOTUVELE-APKIRPTA-300x300.jpg 300w\" data-sizes=\"(max-width: 741px) 100vw, 741px\" src=\"data:image\/svg+xml;base64,PHN2ZyB3aWR0aD0iMSIgaGVpZ2h0PSIxIiB4bWxucz0iaHR0cDovL3d3dy53My5vcmcvMjAwMC9zdmciPjwvc3ZnPg==\" style=\"--smush-placeholder-width: 741px; --smush-placeholder-aspect-ratio: 741\/741;\" \/>\t\t\t\t\t\t\t\t\t\t\t\t\t\t\t<\/div>\n\t\t\t\t<\/div>\n\t\t\t\t<div class=\"elementor-element elementor-element-8d3a8b3 elementor-widget elementor-widget-text-editor\" data-id=\"8d3a8b3\" data-element_type=\"widget\" data-e-type=\"widget\" data-settings=\"{&quot;ekit_we_effect_on&quot;:&quot;none&quot;}\" data-widget_type=\"text-editor.default\">\n\t\t\t\t<div class=\"elementor-widget-container\">\n\t\t\t\t\t\t\t\t\t<p>In Parduotuv\u0117l\u0117 jewelry and postcards are not the main focus, even though you can find some. This place is a must for everyone interested in eco-friendly food and other things. Some of our postcards, earrings and pins could be found at this great place in Vilnius old town.<\/p><p>\u0160v. Stepono str 6, Vilnius 01138<\/p>\t\t\t\t\t\t\t\t<\/div>\n\t\t\t\t<\/div>\n\t\t\t\t\t<\/div>\n\t\t<\/div>\n\t\t\t\t\t<\/div>\n\t\t<\/section>\n\t\t\t\t<section class=\"elementor-section elementor-top-section elementor-element elementor-element-c404e96 elementor-section-boxed elementor-section-height-default elementor-section-height-default\" data-id=\"c404e96\" data-element_type=\"section\" data-e-type=\"section\" data-settings=\"{&quot;ekit_has_onepagescroll_dot&quot;:&quot;yes&quot;}\">\n\t\t\t\t\t\t<div class=\"elementor-container elementor-column-gap-default\">\n\t\t\t\t\t<div class=\"elementor-column elementor-col-100 elementor-top-column elementor-element elementor-element-526fc31\" data-id=\"526fc31\" data-element_type=\"column\" data-e-type=\"column\">\n\t\t\t<div class=\"elementor-widget-wrap elementor-element-populated\">\n\t\t\t\t\t\t<div class=\"elementor-element elementor-element-45dddda elementor-widget elementor-widget-spacer\" data-id=\"45dddda\" data-element_type=\"widget\" data-e-type=\"widget\" data-settings=\"{&quot;ekit_we_effect_on&quot;:&quot;none&quot;}\" data-widget_type=\"spacer.default\">\n\t\t\t\t<div class=\"elementor-widget-container\">\n\t\t\t\t\t\t\t<div class=\"elementor-spacer\">\n\t\t\t<div class=\"elementor-spacer-inner\"><\/div>\n\t\t<\/div>\n\t\t\t\t\t\t<\/div>\n\t\t\t\t<\/div>\n\t\t\t\t\t<\/div>\n\t\t<\/div>\n\t\t\t\t\t<\/div>\n\t\t<\/section>\n\t\t\t\t<\/div>","protected":false},"excerpt":{"rendered":"<p>M\u016bs\u0173 draugai Vienas nei\u0161gyvensi. Visi turi draug\u0173, mes taip pat turim daug ir \u0161auni\u0173. Taip jau nutiko, kad kai kurie i\u0161 j\u0173 yra \u012fsireng\u0119 nedideles parduotuves. \u0160ios parduotuv\u0117s yra vienintel\u0117s vietos, kur galite \u012fsigyti Monus ne m\u016bs\u0173 internetin\u0117je parduotuv\u0117je, bet u\u017esuk\u0119 ir pasi\u017ei\u016br\u0117j\u0119 gyvai. Su malonumu dalinam\u0117s kur \u0161ias vietas galima rasti ir raginame u\u017esukti [&hellip;]<\/p>\n","protected":false},"author":1,"featured_media":0,"parent":0,"menu_order":0,"comment_status":"closed","ping_status":"closed","template":"","meta":{"_acf_changed":false,"ocean_post_layout":"full-screen","ocean_both_sidebars_style":"","ocean_both_sidebars_content_width":0,"ocean_both_sidebars_sidebars_width":0,"ocean_sidebar":"0","ocean_second_sidebar":"0","ocean_disable_margins":"on","ocean_add_body_class":"","ocean_shortcode_before_top_bar":"","ocean_shortcode_after_top_bar":"","ocean_shortcode_before_header":"","ocean_shortcode_after_header":"","ocean_has_shortcode":"","ocean_shortcode_after_title":"","ocean_shortcode_before_footer_widgets":"","ocean_shortcode_after_footer_widgets":"","ocean_shortcode_before_footer_bottom":"","ocean_shortcode_after_footer_bottom":"","ocean_display_top_bar":"default","ocean_display_header":"default","ocean_header_style":"","ocean_center_header_left_menu":"0","ocean_custom_header_template":"0","ocean_custom_logo":0,"ocean_custom_retina_logo":0,"ocean_custom_logo_max_width":0,"ocean_custom_logo_tablet_max_width":0,"ocean_custom_logo_mobile_max_width":0,"ocean_custom_logo_max_height":0,"ocean_custom_logo_tablet_max_height":0,"ocean_custom_logo_mobile_max_height":0,"ocean_header_custom_menu":"0","ocean_menu_typo_font_family":"0","ocean_menu_typo_font_subset":"","ocean_menu_typo_font_size":0,"ocean_menu_typo_font_size_tablet":0,"ocean_menu_typo_font_size_mobile":0,"ocean_menu_typo_font_size_unit":"px","ocean_menu_typo_font_weight":"","ocean_menu_typo_font_weight_tablet":"","ocean_menu_typo_font_weight_mobile":"","ocean_menu_typo_transform":"","ocean_menu_typo_transform_tablet":"","ocean_menu_typo_transform_mobile":"","ocean_menu_typo_line_height":0,"ocean_menu_typo_line_height_tablet":0,"ocean_menu_typo_line_height_mobile":0,"ocean_menu_typo_line_height_unit":"","ocean_menu_typo_spacing":0,"ocean_menu_typo_spacing_tablet":0,"ocean_menu_typo_spacing_mobile":0,"ocean_menu_typo_spacing_unit":"","ocean_menu_link_color":"","ocean_menu_link_color_hover":"","ocean_menu_link_color_active":"","ocean_menu_link_background":"","ocean_menu_link_hover_background":"","ocean_menu_link_active_background":"","ocean_menu_social_links_bg":"","ocean_menu_social_hover_links_bg":"","ocean_menu_social_links_color":"","ocean_menu_social_hover_links_color":"","ocean_disable_title":"default","ocean_disable_heading":"default","ocean_post_title":"","ocean_post_subheading":"","ocean_post_title_style":"","ocean_post_title_background_color":"","ocean_post_title_background":0,"ocean_post_title_bg_image_position":"","ocean_post_title_bg_image_attachment":"","ocean_post_title_bg_image_repeat":"","ocean_post_title_bg_image_size":"","ocean_post_title_height":0,"ocean_post_title_bg_overlay":0.5,"ocean_post_title_bg_overlay_color":"","ocean_disable_breadcrumbs":"default","ocean_breadcrumbs_color":"","ocean_breadcrumbs_separator_color":"","ocean_breadcrumbs_links_color":"","ocean_breadcrumbs_links_hover_color":"","ocean_display_footer_widgets":"default","ocean_display_footer_bottom":"default","ocean_custom_footer_template":"0","footnotes":""},"class_list":["post-295","page","type-page","status-publish","hentry","entry","owp-thumbs-layout-horizontal","owp-btn-normal","owp-tabs-layout-horizontal","has-no-thumbnails"],"acf":[],"_links":{"self":[{"href":"https:\/\/monaistudio.lt\/en\/wp-json\/wp\/v2\/pages\/295","targetHints":{"allow":["GET"]}}],"collection":[{"href":"https:\/\/monaistudio.lt\/en\/wp-json\/wp\/v2\/pages"}],"about":[{"href":"https:\/\/monaistudio.lt\/en\/wp-json\/wp\/v2\/types\/page"}],"author":[{"embeddable":true,"href":"https:\/\/monaistudio.lt\/en\/wp-json\/wp\/v2\/users\/1"}],"replies":[{"embeddable":true,"href":"https:\/\/monaistudio.lt\/en\/wp-json\/wp\/v2\/comments?post=295"}],"version-history":[{"count":46,"href":"https:\/\/monaistudio.lt\/en\/wp-json\/wp\/v2\/pages\/295\/revisions"}],"predecessor-version":[{"id":13838,"href":"https:\/\/monaistudio.lt\/en\/wp-json\/wp\/v2\/pages\/295\/revisions\/13838"}],"wp:attachment":[{"href":"https:\/\/monaistudio.lt\/en\/wp-json\/wp\/v2\/media?parent=295"}],"curies":[{"name":"wp","href":"https:\/\/api.w.org\/{rel}","templated":true}]}}