{"id":3,"date":"2020-02-05T13:32:06","date_gmt":"2020-02-05T13:32:06","guid":{"rendered":"http:\/\/monaistudio.lt\/?page_id=3"},"modified":"2021-10-03T15:27:05","modified_gmt":"2021-10-03T15:27:05","slug":"privacy-policy","status":"publish","type":"page","link":"https:\/\/monaistudio.lt\/en\/privacy-policy\/","title":{"rendered":"Privacy Policy"},"content":{"rendered":"<div data-elementor-type=\"wp-page\" data-elementor-id=\"3\" class=\"elementor elementor-3\" data-elementor-post-type=\"page\">\n\t\t\t\t\t\t<section class=\"elementor-section elementor-top-section elementor-element elementor-element-ebd3291 elementor-section-boxed elementor-section-height-default elementor-section-height-default\" data-id=\"ebd3291\" data-element_type=\"section\" data-e-type=\"section\" data-settings=\"{&quot;ekit_has_onepagescroll_dot&quot;:&quot;yes&quot;}\">\n\t\t\t\t\t\t<div class=\"elementor-container elementor-column-gap-default\">\n\t\t\t\t\t<div class=\"elementor-column elementor-col-100 elementor-top-column elementor-element elementor-element-f38fcff\" data-id=\"f38fcff\" data-element_type=\"column\" data-e-type=\"column\">\n\t\t\t<div class=\"elementor-widget-wrap elementor-element-populated\">\n\t\t\t\t\t\t<div class=\"elementor-element elementor-element-6a8752e elementor-widget elementor-widget-heading\" data-id=\"6a8752e\" data-element_type=\"widget\" data-e-type=\"widget\" data-settings=\"{&quot;ekit_we_effect_on&quot;:&quot;none&quot;}\" data-widget_type=\"heading.default\">\n\t\t\t\t<div class=\"elementor-widget-container\">\n\t\t\t\t\t<h1 class=\"elementor-heading-title elementor-size-default\">Privacy policy<\/h1>\t\t\t\t<\/div>\n\t\t\t\t<\/div>\n\t\t\t\t\t<\/div>\n\t\t<\/div>\n\t\t\t\t\t<\/div>\n\t\t<\/section>\n\t\t\t\t<section class=\"elementor-section elementor-top-section elementor-element elementor-element-1a592b73 elementor-section-boxed elementor-section-height-default elementor-section-height-default\" data-id=\"1a592b73\" data-element_type=\"section\" data-e-type=\"section\" data-settings=\"{&quot;ekit_has_onepagescroll_dot&quot;:&quot;yes&quot;}\">\n\t\t\t\t\t\t<div class=\"elementor-container elementor-column-gap-default\">\n\t\t\t\t\t<div class=\"elementor-column elementor-col-100 elementor-top-column elementor-element elementor-element-41b9f72\" data-id=\"41b9f72\" data-element_type=\"column\" data-e-type=\"column\">\n\t\t\t<div class=\"elementor-widget-wrap elementor-element-populated\">\n\t\t\t\t\t\t<div class=\"elementor-element elementor-element-7f3ad48a elementor-widget elementor-widget-text-editor\" data-id=\"7f3ad48a\" data-element_type=\"widget\" data-e-type=\"widget\" data-settings=\"{&quot;ekit_we_effect_on&quot;:&quot;none&quot;}\" data-widget_type=\"text-editor.default\">\n\t\t\t\t<div class=\"elementor-widget-container\">\n\t\t\t\t\t\t\t\t\t<p><\/p>\n<h1 class=\"wp-block-heading\">Privacy policy<\/h1>\n<h2>Apie mus<\/h2>\n<p>Monaistudio yra prekinio \u017eenklo Monai tinklapis bei internetin\u0117 parduotuv\u0117. Mes kuriame rank\u0173 darbo juvelyrik\u0105, tapybos darbus, atvirukus bei kitas prekes ir parduodame jas internetu, adresu monaistudio.lt. \u0160i privatumo politika yra skirta apibr\u0117\u017eti tam tikrus duomenis kuriuos mes savo tinklapyje renkame bei kaip jie b\u016bna panaudoti.<\/p>\n<p>Jei jums kyla papildom\u0173 klausim\u0173 d\u0117l privatumo politikos, visuomet raginame para\u0161yti svetain\u0117je nurodytais kontaktais.<\/p>\n<p>\u0160i privatumo politika galioja \u0161io tinklalapio ribose.<\/p>\n<h2>Asmeniniai duomenys, renkami \u0161iame puslapyje<\/h2>\n<p><strong>Asmeniniai duomenys<\/strong><\/p>\n<p>Naudodamiesi m\u016bs\u0173 paslaugomis j\u016bs privalote suteikti tam tikr\u0105 informacij\u0105 apie save, kad gal\u0117tume i\u0161pildyti j\u016bs\u0173 u\u017esakym\u0105. Mes garantuojame, kad j\u016bs\u0173 asmeniniai duomenys bus naudojami tiktai j\u016bs\u0173 u\u017esakymo internetin\u0117je parduotuv\u0117je tikslais. Be kit\u0173 duomen\u0173, pagrindiniai yra \u0161ie:<\/p>\n<ol>\n<li>El. pa\u0161to adresas<\/li>\n<li>Vardas ir pavard\u0117<\/li>\n<li>Telefono numeris<\/li>\n<\/ol>\n<p>Gyvenamosios vietos adresas<\/p>\n<ol start=\"5\">\n<li>Sausainiukai (angl. cookies) bei vartotojo duomenys<\/li>\n<\/ol>\n<p>Mes pasiliekame teis\u0119 j\u016bs\u0173 nurodyti el. pa\u0161tu i\u0161si\u0173sti naujienlai\u0161k\u012f, su m\u016bs\u0173 prek\u0117mis susijusius pasi\u016blymus bei kitus marketinginius lai\u0161kus. Nor\u0117dami j\u0173 atsisakyti visuomet galite tai padaryti para\u0161ydami mums.<\/p>\n<p><strong>Vartotojo duomenys<\/strong><\/p>\n<p>M\u016bs\u0173 svetain\u0117 taip pat gali rinkti informacij\u0105 apie j\u016bs\u0173 nar\u0161ymo duomenis, kuriuos siun\u010di\u0105 j\u016bs\u0173 kompiuterio ar mobiliojo \u012frenginio nar\u0161ykl\u0117.<\/p>\n<p>\u0160ie duomenys apima tokius dalykus kaip IP adresas, nar\u0161ykl\u0117s tipas, versija, nuorodos ir puslapiai kurias j\u016bs aplankote m\u016bs\u0173 tinklalapyje, j\u016bs\u0173 mobiliojo \u012frenginio tipas bei nar\u0161ykl\u0117s tipas bei kitas informacija, reikalinga analizuojant j\u016bs\u0173 apsilankym\u0105 m\u016bs\u0173 tinklapyje.<\/p>\n<p><strong>Slapukai<\/strong><\/p>\n<p>M\u016bs\u0173 tinklapyje yra naudojami slapukai (angl. Cookies), kurie skirti surinkti informacij\u0105 apie j\u016bs\u0173 apsilankym\u0105 svetain\u0117je.<\/p>\n<p>Slapukas \u2013 tai tekstinis dokumentas, kuris turi unikal\u0173 identifikacijos numer\u012f. Jis perduodamas i\u0161 interneto tinklalapio \u012f lankytojo kompiuterio kiet\u0105j\u012f disk\u0105, kad tinklalapio administratorius gal\u0117t\u0173 atskirti lankytojo kompiuter\u012f ir matyti jo veikl\u0105 internete.<\/p>\n<p>Naudodamiesi m\u016bs\u0173 puslapiu j\u016bs sutinkate su slapuk\u0173 politika. J\u016bs galite nurodyti savo nar\u0161ykl\u0117s nustatymuose nepriimti slapuk\u0173, ta\u010diau tai gali \u012ftakoti svetain\u0117s veikim\u0105 j\u016bs\u0173 nar\u0161ykl\u0117je.<\/p>\n<p>Koki\u0173 slapuk\u0173 informacij\u0105 naudojame:<\/p>\n<ol>\n<li><strong>Sesijos slapukai (angl. session cookies)<\/strong><\/li>\n<li><strong>Nustatym\u0173 slapukai (angl. preference cookies)<\/strong><\/li>\n<li><strong>Saugumo slapukai (angl. security cookies)<\/strong><\/li>\n<li><strong>Marketinginiai slapukai (angl. advertising cookies)<\/strong><\/li>\n<\/ol>\n<p><strong>Atsiskaitymo duomenys<\/strong><\/p>\n<p>Kai atsiskaitote u\u017e prekes m\u016bs\u0173 tinklapyje, mes pra\u0161ome j\u016bs\u0173 nurodyti duomenis, b\u016btinus u-sakymo apdorojimui. Tai j\u016bs\u0173 vardas, pavard\u0117, mok\u0117jimo bei pristatymo adresai, elektroninio pa\u0161to adresas, telefono numeris, mok\u0117jimo duomenys bei pasirenkam\u0105 j\u016bs\u0173 paskyros informacij\u0105 kaip prisijungimo duomenys bei slapta\u017eodis. Mes naudojame \u0161i\u0105 informacij\u0105 tik u\u017esakymo \u012fvykdymo tikslais, tokiais atvejais kaip:<\/p>\n<ul>\n<li>Siun\u010diant jums informacij\u0105 apie j\u016bs\u0173 u\u017esakym\u0105<\/li>\n<li>Atsakydami \u012f j\u016bs\u0173 \u017einutes bei klausimus, \u012fskaitant ir skundus bei preki\u0173 gr\u0105\u017einim\u0105<\/li>\n<li>Vykdydami mok\u0117jimus bei apsisaugodami nuo suk\u010diavimo<\/li>\n<li>Sukurdami jums paskyr\u0105 m\u016bs\u0173 tinklapyje<\/li>\n<li>\u012evykdydami \u012fstatymais nustatytas prievoles, tokias kaip mokes\u010di\u0173 deklaravimas<\/li>\n<li>Siekdami pagerinti m\u016bs\u0173 svetain\u0119<\/li>\n<li>Si\u0173sdami jums informacij\u0105 apie naujas prekes bei kitas naujienas (jei sutinkate toki\u0105 informacij\u0105 gauti)<\/li>\n<\/ul>\n<p>Jei susikursite paskyr\u0105 tinklapyje, mes i\u0161saugosime j\u016bs\u0173 vard\u0105, adres\u0105, el. pa\u0161t\u0105 bei telefono numer\u012f tam, kad sekan\u010dio apsipirkimo metu jis gal\u0117t\u0173 b\u016bti automati\u0161kai u\u017epildytas.<\/p>\n<h2>Duomen\u0173 saugojimas<\/h2>\n<p>Mes saugosime j\u016bs\u0173 duomenis tik tol, kol jie bus reikalingi \u012fgyvendinant procesus nurodytus \u0161ioje privatumo politikoje. Mes taip pat saugosime su j\u016bs\u0173 atsiskaitymu u\u017e prekes susijusi\u0105 informacij\u0105 tol, kol jis gali b\u016bti reikalinga i\u0161pildant tam tikrus legalius \u012fsipareigojimus (pavyzd\u017eiui preki\u0173 gr\u0105\u017einimo atveju).<\/p>\n<p>Taip pat j\u016bs\u0173 duomenis saugome ir analizuojant vartotoj\u0173 elgsen\u0105 m\u016bs\u0173 tinklapio ribose. Tai apima duomenis apie tai, kurias m\u016bs\u0173 puslapio dalis lankote, kiek laiko u\u017etrunkate kiekviename lange ir pan.<\/p>\n<h2>Duomen\u0173 perk\u0117limas<\/h2>\n<p>J\u016bs\u0173 asmeniniai duomenys gali b\u016bti perkelti \u012f kompiuterius u\u017e j\u016bs\u0173 miesto ar \u0161alies rib\u0173.<\/p>\n<p>Jei gyvenate u\u017e Lietuvos rib\u0173 tur\u0117kite omenyje kad mes perkeliame ir analizuojame j\u016bs\u0173 duomenis Lietuvoje.<\/p>\n<p>Sutikdami su m\u016bs\u0173 privatumo politika bei naudodamiesi svetaine j\u016bs sutinkate su \u0161iuo duomen\u0173 perk\u0117limu.<\/p>\n<p>Mes prisiimame atsakomyb\u0119 u\u017etikrinti, kad j\u016bs\u0173 asmeniniai duomenys bus naudojami tik \u0161ioje privatumo politikoje apra\u0161ytais tikslais.<\/p>\n<h2>Duomen\u0173 analiz\u0117<\/h2>\n<p>Mes pasiliekame teis\u0119 naudotis tre\u010di\u0173j\u0173 \u0161ali\u0173 \u012franga, skirta j\u016bs\u0173 duomen\u0173 analizei (pvz. kaip Goodle Analytics)<\/p>\n<h2>Mok\u0117jimo b\u016bdai<\/h2>\n<p>\u0160iame tinklalapyje j\u016bs galite \u012fsigyti fizines prekes, u\u017e kurias atsiskaitoma bankiniu pavedimu arba per tre\u010di\u0173j\u0173 \u0161ali\u0173 mok\u0117jimus administruojan\u010di\u0173 \u012fmoni\u0173 sistemas.<\/p>\n<p>Mes nesaugome j\u016bs\u0173 kreditin\u0117s kortel\u0117s duomen\u0173. Jei juos pra\u0161o pateikti tre\u010dia \u0161alis (pvz. Paysera arba Paypal mok\u0117jimo platformos), j\u016bs sutinkate su j\u0173 privatumo politika.<\/p>\n<p>Mes priimame mok\u0117jimus bankiniu pavedimu (kur\u012f atliekate patys), taip pat mok\u0117jimus naudojantis Paypal, Stripe bei Paysera platformomis. Dalis u\u017esakymo informacijos gali b\u016bti perduota \u0161ioms \u0161alims, jei to reikalauja mok\u0117jimo \u012fvykdymo porced\u016bra.<\/p>\n<p>Daugiau informacijos jums gali suteikti min\u0117t\u0173 tre\u010di\u0173j\u0173 \u0161ali\u0173 (Paypal, Stripe, Paysera) privatumo politika.<\/p>\n<h2>Nuorodos \u012f kitas svetaines<\/h2>\n<p>M\u016bs\u0173 tinklapyje galite rasti nuorod\u0173 \u012f kitus tinklapius, kurie n\u0117ra valdomi bei administruojami m\u016bs\u0173. Paspaud\u0119 toki\u0105 nuorod\u0105 b\u016bsite nukreipti \u012f tre\u010dios \u0161alies tinklalap\u012f. Mes patariame prie\u0161 naudojantis kitomis svetain\u0117mis susipa\u017einti su j\u0173 privatumo politika.<\/p>\n<p>Mes neturime jokios \u012ftakos tre\u010di\u0173j\u0173 \u0161ali\u0173 svetaini\u0173 turiniui ar privatumo politikai.<\/p>\n<h2>Privatumo politikos pakeitimai<\/h2>\n<p>Privatumo politika gali b\u016bti atnaujinta. Jei tai \u012fvyks, nauja privatumo politika bus pateikta \u0161iame puslapyje.<\/p>\n<p>Kei\u010diant privatumo politik\u0105 j\u016bs b\u016bsite informuojame atskiru lai\u0161ku apie pasikeitimus.<\/p>\n<h2>J\u016bs turite teis\u0119 per\u017ei\u016br\u0117ti privatumo politik\u0105 bet kuriuo metu. Visi pakeitimai laikomi \u012fsigaliojusiais tada, kai yra patalpinami \u0161iame tinklapyje.<\/h2>\n<p><\/p>\t\t\t\t\t\t\t\t<\/div>\n\t\t\t\t<\/div>\n\t\t\t\t\t<\/div>\n\t\t<\/div>\n\t\t\t\t\t<\/div>\n\t\t<\/section>\n\t\t\t\t<\/div>","protected":false},"excerpt":{"rendered":"<p>Privatumo politika Privatumo politika Apie mus Monaistudio yra prekinio \u017eenklo Monai tinklapis bei internetin\u0117 parduotuv\u0117. Mes kuriame rank\u0173 darbo juvelyrik\u0105, tapybos darbus, atvirukus bei kitas prekes ir parduodame jas internetu, adresu monaistudio.lt. \u0160i privatumo politika yra skirta apibr\u0117\u017eti tam tikrus duomenis kuriuos mes savo tinklapyje renkame bei kaip jie b\u016bna panaudoti. Jei jums kyla papildom\u0173 [&hellip;]<\/p>\n","protected":false},"author":1,"featured_media":0,"parent":0,"menu_order":0,"comment_status":"closed","ping_status":"open","template":"","meta":{"_acf_changed":false,"ocean_post_layout":"full-width","ocean_both_sidebars_style":"","ocean_both_sidebars_content_width":0,"ocean_both_sidebars_sidebars_width":0,"ocean_sidebar":"0","ocean_second_sidebar":"0","ocean_disable_margins":"enable","ocean_add_body_class":"","ocean_shortcode_before_top_bar":"","ocean_shortcode_after_top_bar":"","ocean_shortcode_before_header":"","ocean_shortcode_after_header":"","ocean_has_shortcode":"","ocean_shortcode_after_title":"","ocean_shortcode_before_footer_widgets":"","ocean_shortcode_after_footer_widgets":"","ocean_shortcode_before_footer_bottom":"","ocean_shortcode_after_footer_bottom":"","ocean_display_top_bar":"default","ocean_display_header":"default","ocean_header_style":"","ocean_center_header_left_menu":"0","ocean_custom_header_template":"0","ocean_custom_logo":0,"ocean_custom_retina_logo":0,"ocean_custom_logo_max_width":0,"ocean_custom_logo_tablet_max_width":0,"ocean_custom_logo_mobile_max_width":0,"ocean_custom_logo_max_height":0,"ocean_custom_logo_tablet_max_height":0,"ocean_custom_logo_mobile_max_height":0,"ocean_header_custom_menu":"0","ocean_menu_typo_font_family":"0","ocean_menu_typo_font_subset":"","ocean_menu_typo_font_size":0,"ocean_menu_typo_font_size_tablet":0,"ocean_menu_typo_font_size_mobile":0,"ocean_menu_typo_font_size_unit":"px","ocean_menu_typo_font_weight":"","ocean_menu_typo_font_weight_tablet":"","ocean_menu_typo_font_weight_mobile":"","ocean_menu_typo_transform":"","ocean_menu_typo_transform_tablet":"","ocean_menu_typo_transform_mobile":"","ocean_menu_typo_line_height":0,"ocean_menu_typo_line_height_tablet":0,"ocean_menu_typo_line_height_mobile":0,"ocean_menu_typo_line_height_unit":"","ocean_menu_typo_spacing":0,"ocean_menu_typo_spacing_tablet":0,"ocean_menu_typo_spacing_mobile":0,"ocean_menu_typo_spacing_unit":"","ocean_menu_link_color":"","ocean_menu_link_color_hover":"","ocean_menu_link_color_active":"","ocean_menu_link_background":"","ocean_menu_link_hover_background":"","ocean_menu_link_active_background":"","ocean_menu_social_links_bg":"","ocean_menu_social_hover_links_bg":"","ocean_menu_social_links_color":"","ocean_menu_social_hover_links_color":"","ocean_disable_title":"default","ocean_disable_heading":"default","ocean_post_title":"","ocean_post_subheading":"","ocean_post_title_style":"","ocean_post_title_background_color":"","ocean_post_title_background":0,"ocean_post_title_bg_image_position":"","ocean_post_title_bg_image_attachment":"","ocean_post_title_bg_image_repeat":"","ocean_post_title_bg_image_size":"","ocean_post_title_height":0,"ocean_post_title_bg_overlay":0.5,"ocean_post_title_bg_overlay_color":"","ocean_disable_breadcrumbs":"default","ocean_breadcrumbs_color":"","ocean_breadcrumbs_separator_color":"","ocean_breadcrumbs_links_color":"","ocean_breadcrumbs_links_hover_color":"","ocean_display_footer_widgets":"default","ocean_display_footer_bottom":"default","ocean_custom_footer_template":"0","footnotes":""},"class_list":["post-3","page","type-page","status-publish","hentry","entry","owp-thumbs-layout-horizontal","owp-btn-normal","owp-tabs-layout-horizontal","has-no-thumbnails"],"acf":[],"_links":{"self":[{"href":"https:\/\/monaistudio.lt\/en\/wp-json\/wp\/v2\/pages\/3","targetHints":{"allow":["GET"]}}],"collection":[{"href":"https:\/\/monaistudio.lt\/en\/wp-json\/wp\/v2\/pages"}],"about":[{"href":"https:\/\/monaistudio.lt\/en\/wp-json\/wp\/v2\/types\/page"}],"author":[{"embeddable":true,"href":"https:\/\/monaistudio.lt\/en\/wp-json\/wp\/v2\/users\/1"}],"replies":[{"embeddable":true,"href":"https:\/\/monaistudio.lt\/en\/wp-json\/wp\/v2\/comments?post=3"}],"version-history":[{"count":17,"href":"https:\/\/monaistudio.lt\/en\/wp-json\/wp\/v2\/pages\/3\/revisions"}],"predecessor-version":[{"id":13841,"href":"https:\/\/monaistudio.lt\/en\/wp-json\/wp\/v2\/pages\/3\/revisions\/13841"}],"wp:attachment":[{"href":"https:\/\/monaistudio.lt\/en\/wp-json\/wp\/v2\/media?parent=3"}],"curies":[{"name":"wp","href":"https:\/\/api.w.org\/{rel}","templated":true}]}}