{"id":5275,"date":"2020-04-29T17:27:06","date_gmt":"2020-04-29T17:27:06","guid":{"rendered":"https:\/\/monaistudio.lt\/?page_id=5275"},"modified":"2020-05-14T17:35:45","modified_gmt":"2020-05-14T17:35:45","slug":"thank-you-page-2","status":"publish","type":"page","link":"https:\/\/monaistudio.lt\/en\/thank-you-page-2\/","title":{"rendered":"Thank you page"},"content":{"rendered":"<div data-elementor-type=\"wp-page\" data-elementor-id=\"5275\" class=\"elementor elementor-5275\" data-elementor-post-type=\"page\">\n\t\t\t\t\t\t<section class=\"elementor-section elementor-top-section elementor-element elementor-element-7fde5de3 elementor-section-boxed elementor-section-height-default elementor-section-height-default\" data-id=\"7fde5de3\" data-element_type=\"section\" data-e-type=\"section\" data-settings=\"{&quot;ekit_has_onepagescroll_dot&quot;:&quot;yes&quot;}\">\n\t\t\t\t\t\t<div class=\"elementor-container elementor-column-gap-default\">\n\t\t\t\t\t<div class=\"elementor-column elementor-col-50 elementor-top-column elementor-element elementor-element-622fd69f\" data-id=\"622fd69f\" data-element_type=\"column\" data-e-type=\"column\">\n\t\t\t<div class=\"elementor-widget-wrap elementor-element-populated\">\n\t\t\t\t\t\t<div class=\"elementor-element elementor-element-1fd2be9 elementor-widget elementor-widget-heading\" data-id=\"1fd2be9\" data-element_type=\"widget\" data-e-type=\"widget\" data-settings=\"{&quot;ekit_we_effect_on&quot;:&quot;none&quot;}\" data-widget_type=\"heading.default\">\n\t\t\t\t<div class=\"elementor-widget-container\">\n\t\t\t\t\t<h2 class=\"elementor-heading-title elementor-size-default\">A\u010di\u016b, kad perkate pas mus!<\/h2>\t\t\t\t<\/div>\n\t\t\t\t<\/div>\n\t\t\t\t<div class=\"elementor-element elementor-element-5e0fecc elementor-hidden-desktop elementor-hidden-tablet elementor-widget elementor-widget-image\" data-id=\"5e0fecc\" data-element_type=\"widget\" data-e-type=\"widget\" data-settings=\"{&quot;ekit_we_effect_on&quot;:&quot;none&quot;}\" data-widget_type=\"image.default\">\n\t\t\t\t<div class=\"elementor-widget-container\">\n\t\t\t\t\t\t\t\t\t\t\t\t\t\t\t<img fetchpriority=\"high\" decoding=\"async\" width=\"1024\" height=\"696\" src=\"https:\/\/monaistudio.lt\/wp-content\/uploads\/2020\/02\/ZMOGAS-SU-DEME-1-1024x696.png\" class=\"attachment-large size-large wp-image-5265\" alt=\"\" srcset=\"https:\/\/monaistudio.lt\/wp-content\/uploads\/2020\/02\/ZMOGAS-SU-DEME-1.png 1024w, https:\/\/monaistudio.lt\/wp-content\/uploads\/2020\/02\/ZMOGAS-SU-DEME-1-600x408.png 600w, https:\/\/monaistudio.lt\/wp-content\/uploads\/2020\/02\/ZMOGAS-SU-DEME-1-300x204.png 300w, https:\/\/monaistudio.lt\/wp-content\/uploads\/2020\/02\/ZMOGAS-SU-DEME-1-768x522.png 768w\" sizes=\"(max-width: 1024px) 100vw, 1024px\" \/>\t\t\t\t\t\t\t\t\t\t\t\t\t\t\t<\/div>\n\t\t\t\t<\/div>\n\t\t\t\t<div class=\"elementor-element elementor-element-28af3b8 elementor-widget elementor-widget-text-editor\" data-id=\"28af3b8\" data-element_type=\"widget\" data-e-type=\"widget\" data-settings=\"{&quot;ekit_we_effect_on&quot;:&quot;none&quot;}\" data-widget_type=\"text-editor.default\">\n\t\t\t\t<div class=\"elementor-widget-container\">\n\t\t\t\t\t\t\t\t\t<p>Netrukus susisieksime su jumis nurodytu el. pa\u0161tu bei pateiksime j\u016bs\u0173 u\u017esakymo detales ir tolesnius su u\u017esakymu susijusius veiksmus. Jei per artimiausias 5 minutes lai\u0161ko negavote, jis gali b\u016bti nu\u0117j\u0119s prie \u0161lam\u0161to (spam) arba reklam\u0173 (promotions) (jei naudojate Gmail). Jei turite papildom\u0173 klausim\u0173 visuomet pra\u0161ome ra\u0161yti, \u010dia m\u016bs\u0173 <span style=\"text-decoration: underline;\"><a href=\"https:\/\/monaistudio.lt\/lt\/contact\/\">kontaktai<\/a><\/span>.<\/p><p>Kol ruo\u0161iame j\u016bs\u0173 siunt\u0105 kvie\u010diame gr\u012f\u017eti <span style=\"text-decoration: underline;\"><a href=\"https:\/\/monaistudio.lt\/lt\">atgal \u012f tinklap\u012f<\/a><\/span>.<\/p>\t\t\t\t\t\t\t\t<\/div>\n\t\t\t\t<\/div>\n\t\t\t\t<div class=\"elementor-element elementor-element-b96f86d elementor-widget-divider--view-line elementor-widget elementor-widget-divider\" data-id=\"b96f86d\" data-element_type=\"widget\" data-e-type=\"widget\" data-settings=\"{&quot;ekit_we_effect_on&quot;:&quot;none&quot;}\" data-widget_type=\"divider.default\">\n\t\t\t\t<div class=\"elementor-widget-container\">\n\t\t\t\t\t\t\t<div class=\"elementor-divider\">\n\t\t\t<span class=\"elementor-divider-separator\">\n\t\t\t\t\t\t<\/span>\n\t\t<\/div>\n\t\t\t\t\t\t<\/div>\n\t\t\t\t<\/div>\n\t\t\t\t<div class=\"elementor-element elementor-element-3174fe8 elementor-widget elementor-widget-heading\" data-id=\"3174fe8\" data-element_type=\"widget\" data-e-type=\"widget\" data-settings=\"{&quot;ekit_we_effect_on&quot;:&quot;none&quot;}\" data-widget_type=\"heading.default\">\n\t\t\t\t<div class=\"elementor-widget-container\">\n\t\t\t\t\t<h2 class=\"elementor-heading-title elementor-size-default\">Thank you for buying our works!<\/h2>\t\t\t\t<\/div>\n\t\t\t\t<\/div>\n\t\t\t\t<div class=\"elementor-element elementor-element-303d905f elementor-widget elementor-widget-text-editor\" data-id=\"303d905f\" data-element_type=\"widget\" data-e-type=\"widget\" data-settings=\"{&quot;ekit_we_effect_on&quot;:&quot;none&quot;}\" data-widget_type=\"text-editor.default\">\n\t\t\t\t<div class=\"elementor-widget-container\">\n\t\t\t\t\t\t\t\t\t<p>You will recieve an email soon with your order details and other steps regarding payment and shipping. If you haven&#8217;t received the email in next 5 minutes please check your <em>spam<\/em> or <em>promotions <\/em>(if you use Gmail) sections. If you have any additional questions about your order, please <a href=\"https:\/\/monaistudio.lt\/contact\/\" target=\"_blank\" rel=\"noopener\"><span style=\"text-decoration: underline;\">contact us<\/span><\/a>.<\/p><p>While we work on your shipment please do not hesitate to <a href=\"https:\/\/monaistudio.lt\/\"><span style=\"text-decoration: underline;\">go back<\/span><\/a> to our site and browse some more!<\/p>\t\t\t\t\t\t\t\t<\/div>\n\t\t\t\t<\/div>\n\t\t\t\t\t<\/div>\n\t\t<\/div>\n\t\t\t\t<div class=\"elementor-column elementor-col-50 elementor-top-column elementor-element elementor-element-22677ba4\" data-id=\"22677ba4\" data-element_type=\"column\" data-e-type=\"column\">\n\t\t\t<div class=\"elementor-widget-wrap\">\n\t\t\t\t\t\t\t<\/div>\n\t\t<\/div>\n\t\t\t\t\t<\/div>\n\t\t<\/section>\n\t\t\t\t<section class=\"elementor-section elementor-top-section elementor-element elementor-element-2b642b71 elementor-hidden-phone elementor-section-boxed elementor-section-height-default elementor-section-height-default\" data-id=\"2b642b71\" data-element_type=\"section\" data-e-type=\"section\" data-settings=\"{&quot;ekit_has_onepagescroll_dot&quot;:&quot;yes&quot;}\">\n\t\t\t\t\t\t<div class=\"elementor-container elementor-column-gap-default\">\n\t\t\t\t\t<div class=\"elementor-column elementor-col-100 elementor-top-column elementor-element elementor-element-2730f01f\" data-id=\"2730f01f\" data-element_type=\"column\" data-e-type=\"column\">\n\t\t\t<div class=\"elementor-widget-wrap elementor-element-populated\">\n\t\t\t\t\t\t<div class=\"elementor-element elementor-element-6e5f8d57 elementor-widget elementor-widget-image\" data-id=\"6e5f8d57\" data-element_type=\"widget\" data-e-type=\"widget\" data-settings=\"{&quot;ekit_we_effect_on&quot;:&quot;none&quot;}\" data-widget_type=\"image.default\">\n\t\t\t\t<div class=\"elementor-widget-container\">\n\t\t\t\t\t\t\t\t\t\t\t\t\t\t\t<img fetchpriority=\"high\" decoding=\"async\" width=\"1024\" height=\"696\" src=\"https:\/\/monaistudio.lt\/wp-content\/uploads\/2020\/02\/ZMOGAS-SU-DEME-1-1024x696.png\" class=\"attachment-large size-large wp-image-5265\" alt=\"\" srcset=\"https:\/\/monaistudio.lt\/wp-content\/uploads\/2020\/02\/ZMOGAS-SU-DEME-1.png 1024w, https:\/\/monaistudio.lt\/wp-content\/uploads\/2020\/02\/ZMOGAS-SU-DEME-1-600x408.png 600w, https:\/\/monaistudio.lt\/wp-content\/uploads\/2020\/02\/ZMOGAS-SU-DEME-1-300x204.png 300w, https:\/\/monaistudio.lt\/wp-content\/uploads\/2020\/02\/ZMOGAS-SU-DEME-1-768x522.png 768w\" sizes=\"(max-width: 1024px) 100vw, 1024px\" \/>\t\t\t\t\t\t\t\t\t\t\t\t\t\t\t<\/div>\n\t\t\t\t<\/div>\n\t\t\t\t\t<\/div>\n\t\t<\/div>\n\t\t\t\t\t<\/div>\n\t\t<\/section>\n\t\t\t\t<\/div>","protected":false},"excerpt":{"rendered":"<p>A\u010di\u016b, kad perkate pas mus! Netrukus susisieksime su jumis nurodytu el. pa\u0161tu bei pateiksime j\u016bs\u0173 u\u017esakymo detales ir tolesnius su u\u017esakymu susijusius veiksmus. Jei per artimiausias 5 minutes lai\u0161ko negavote, jis gali b\u016bti nu\u0117j\u0119s prie \u0161lam\u0161to (spam) arba reklam\u0173 (promotions) (jei naudojate Gmail). Jei turite papildom\u0173 klausim\u0173 visuomet pra\u0161ome ra\u0161yti, \u010dia m\u016bs\u0173 kontaktai. Kol ruo\u0161iame [&hellip;]<\/p>\n","protected":false},"author":1,"featured_media":0,"parent":0,"menu_order":0,"comment_status":"closed","ping_status":"closed","template":"","meta":{"_acf_changed":false,"ocean_post_layout":"full-width","ocean_both_sidebars_style":"","ocean_both_sidebars_content_width":0,"ocean_both_sidebars_sidebars_width":0,"ocean_sidebar":"0","ocean_second_sidebar":"0","ocean_disable_margins":"enable","ocean_add_body_class":"","ocean_shortcode_before_top_bar":"","ocean_shortcode_after_top_bar":"","ocean_shortcode_before_header":"","ocean_shortcode_after_header":"","ocean_has_shortcode":"","ocean_shortcode_after_title":"","ocean_shortcode_before_footer_widgets":"","ocean_shortcode_after_footer_widgets":"","ocean_shortcode_before_footer_bottom":"","ocean_shortcode_after_footer_bottom":"","ocean_display_top_bar":"default","ocean_display_header":"default","ocean_header_style":"","ocean_center_header_left_menu":"0","ocean_custom_header_template":"0","ocean_custom_logo":0,"ocean_custom_retina_logo":0,"ocean_custom_logo_max_width":0,"ocean_custom_logo_tablet_max_width":0,"ocean_custom_logo_mobile_max_width":0,"ocean_custom_logo_max_height":0,"ocean_custom_logo_tablet_max_height":0,"ocean_custom_logo_mobile_max_height":0,"ocean_header_custom_menu":"0","ocean_menu_typo_font_family":"0","ocean_menu_typo_font_subset":"","ocean_menu_typo_font_size":0,"ocean_menu_typo_font_size_tablet":0,"ocean_menu_typo_font_size_mobile":0,"ocean_menu_typo_font_size_unit":"px","ocean_menu_typo_font_weight":"","ocean_menu_typo_font_weight_tablet":"","ocean_menu_typo_font_weight_mobile":"","ocean_menu_typo_transform":"","ocean_menu_typo_transform_tablet":"","ocean_menu_typo_transform_mobile":"","ocean_menu_typo_line_height":0,"ocean_menu_typo_line_height_tablet":0,"ocean_menu_typo_line_height_mobile":0,"ocean_menu_typo_line_height_unit":"","ocean_menu_typo_spacing":0,"ocean_menu_typo_spacing_tablet":0,"ocean_menu_typo_spacing_mobile":0,"ocean_menu_typo_spacing_unit":"","ocean_menu_link_color":"","ocean_menu_link_color_hover":"","ocean_menu_link_color_active":"","ocean_menu_link_background":"","ocean_menu_link_hover_background":"","ocean_menu_link_active_background":"","ocean_menu_social_links_bg":"","ocean_menu_social_hover_links_bg":"","ocean_menu_social_links_color":"","ocean_menu_social_hover_links_color":"","ocean_disable_title":"default","ocean_disable_heading":"default","ocean_post_title":"","ocean_post_subheading":"","ocean_post_title_style":"","ocean_post_title_background_color":"","ocean_post_title_background":0,"ocean_post_title_bg_image_position":"","ocean_post_title_bg_image_attachment":"","ocean_post_title_bg_image_repeat":"","ocean_post_title_bg_image_size":"","ocean_post_title_height":0,"ocean_post_title_bg_overlay":0.5,"ocean_post_title_bg_overlay_color":"","ocean_disable_breadcrumbs":"default","ocean_breadcrumbs_color":"","ocean_breadcrumbs_separator_color":"","ocean_breadcrumbs_links_color":"","ocean_breadcrumbs_links_hover_color":"","ocean_display_footer_widgets":"default","ocean_display_footer_bottom":"default","ocean_custom_footer_template":"0","footnotes":""},"class_list":["post-5275","page","type-page","status-publish","hentry","entry","owp-thumbs-layout-horizontal","owp-btn-normal","owp-tabs-layout-horizontal","has-no-thumbnails"],"acf":[],"_links":{"self":[{"href":"https:\/\/monaistudio.lt\/en\/wp-json\/wp\/v2\/pages\/5275","targetHints":{"allow":["GET"]}}],"collection":[{"href":"https:\/\/monaistudio.lt\/en\/wp-json\/wp\/v2\/pages"}],"about":[{"href":"https:\/\/monaistudio.lt\/en\/wp-json\/wp\/v2\/types\/page"}],"author":[{"embeddable":true,"href":"https:\/\/monaistudio.lt\/en\/wp-json\/wp\/v2\/users\/1"}],"replies":[{"embeddable":true,"href":"https:\/\/monaistudio.lt\/en\/wp-json\/wp\/v2\/comments?post=5275"}],"version-history":[{"count":5,"href":"https:\/\/monaistudio.lt\/en\/wp-json\/wp\/v2\/pages\/5275\/revisions"}],"predecessor-version":[{"id":5570,"href":"https:\/\/monaistudio.lt\/en\/wp-json\/wp\/v2\/pages\/5275\/revisions\/5570"}],"wp:attachment":[{"href":"https:\/\/monaistudio.lt\/en\/wp-json\/wp\/v2\/media?parent=5275"}],"curies":[{"name":"wp","href":"https:\/\/api.w.org\/{rel}","templated":true}]}}