{"id":627,"date":"2020-02-13T14:48:09","date_gmt":"2020-02-13T14:48:09","guid":{"rendered":"https:\/\/monaistudio.lt\/?page_id=627"},"modified":"2021-10-03T15:34:45","modified_gmt":"2021-10-03T15:34:45","slug":"terms-and-conditions","status":"publish","type":"page","link":"https:\/\/monaistudio.lt\/en\/terms-and-conditions\/","title":{"rendered":"Terms and conditions"},"content":{"rendered":"<div data-elementor-type=\"wp-page\" data-elementor-id=\"627\" class=\"elementor elementor-627\" data-elementor-post-type=\"page\">\n\t\t\t\t\t\t<section class=\"elementor-section elementor-top-section elementor-element elementor-element-572b7f5b elementor-section-boxed elementor-section-height-default elementor-section-height-default\" data-id=\"572b7f5b\" data-element_type=\"section\" data-e-type=\"section\" data-settings=\"{&quot;ekit_has_onepagescroll_dot&quot;:&quot;yes&quot;}\">\n\t\t\t\t\t\t<div class=\"elementor-container elementor-column-gap-default\">\n\t\t\t\t\t<div class=\"elementor-column elementor-col-100 elementor-top-column elementor-element elementor-element-6783e535\" data-id=\"6783e535\" data-element_type=\"column\" data-e-type=\"column\">\n\t\t\t<div class=\"elementor-widget-wrap elementor-element-populated\">\n\t\t\t\t\t\t<div class=\"elementor-element elementor-element-799645c1 elementor-widget elementor-widget-text-editor\" data-id=\"799645c1\" data-element_type=\"widget\" data-e-type=\"widget\" data-settings=\"{&quot;ekit_we_effect_on&quot;:&quot;none&quot;}\" data-widget_type=\"text-editor.default\">\n\t\t\t\t<div class=\"elementor-widget-container\">\n\t\t\t\t\t\t\t\t\t<p><\/p>\n<p>Paskutin\u012f kart\u0105 atnaujinta 2020 vasario 13 d.<\/p>\n<p>Naudodamiesi m\u016bs\u0173 tinklapiu bei jame esan\u010dia internetine parduotuve j\u016bs sutinkate su tinklapio taisykl\u0117mis.<\/p>\n<p>Kilus papildomiems klausimams pra\u0161ome per\u017ei\u016br\u0117ti m\u016bs\u0173 Privatumo politik\u0105 bei Preki\u0173 pristatymo bei gr\u0105\u017einimo taisykles.<\/p>\n<h1>Paskyros suk\u016brimas<\/h1>\n<p>Visi norintys gali susikurti asmenin\u0119 paskyr\u0105 m\u016bs\u0173 tinklapyje. Jis pasiekiama meniu nuoroda &#8222;Mano Monai&#8221;. Paskyroje galite sekti savo u\u017esakymo informacij\u0105, praeities u\u017esakymus, taip pat i\u0161saugoti mok\u0117jimo duomenis bei pristatymo adresus. Paskyra n\u0117ra b\u016btina naudojantis m\u016bs\u0173 internetine parduotuve, prekes galite \u012fsigyti ir kaip svetain\u0117s sve\u010dias.\u00a0<\/p>\n<h1>Mok\u0117jimai<\/h1>\n<p>Monaistudio tinklapyje esan\u010dioje internetin\u0117je parduotuv\u0117je parduodame savo gamybo rank\u0173 darbo keramikos papuo\u0161alus, tapybos darbus, taip pat atvirukus bei kitas prekes. \u0160i\u0173 preki\u0173 kainos su laiku gali keistis, nuolaidos yra taikomos tam tikram laikotarpiui. Klientai u\u017e prekes atsiskaito bankiniu pavedimu arba per internetines mok\u0117jimo platformas. Daugiau informacijos apie mok\u0117jimus, preki\u0173 pristatym\u0105 bei galim\u0105 gr\u0105\u017einim\u0105 galite rasti skiltyje Siuntimas ir preki\u0173 gr\u0105\u017einimas.<\/p>\n<h1>Nuorodos<\/h1>\n<p>M\u016bs\u0173 svetain\u0117je galite aptikti nuorodas \u012f kitus tinklapius, u\u017e j\u0173 turin\u012f bei saugum\u0105 mes neatsakome.<\/p>\n<p>Paspaudus nuorod\u0105 \u012f kit\u0105 svetain\u0119 rekomenduojame susipa\u017einti su tos svetain\u0117s privatumo politika bei taisykl\u0117mis.<\/p>\n<h1>Gin\u010d\u0173 sprendimas<\/h1>\n<p>Jei turite nusiskundim\u0173 ar pastab\u0173 visuomet pirmiausia pra\u0161ome susisiekti tiesiogiai su mumis. Visus gin\u010dus pasistengsime i\u0161spr\u0119sti grei\u010diausiu bei patogiausiu b\u016bdu.<\/p>\n<h1>Susiekite<\/h1>\n<p>Jei turite koki\u0173 nors su s\u0105lygomis susijusi\u0173 klausim\u0173 kvie\u010diame susisiekti el pa\u0161tu (pelkiu.monai@gmail.com) arba para\u0161ant asmenin\u0119 \u017einut\u0119 socialiniuose tinkluose.<\/p>\n<p><\/p>\t\t\t\t\t\t\t\t<\/div>\n\t\t\t\t<\/div>\n\t\t\t\t\t<\/div>\n\t\t<\/div>\n\t\t\t\t\t<\/div>\n\t\t<\/section>\n\t\t\t\t<\/div>","protected":false},"excerpt":{"rendered":"<p>Paskutin\u012f kart\u0105 atnaujinta 2020 vasario 13 d. Naudodamiesi m\u016bs\u0173 tinklapiu bei jame esan\u010dia internetine parduotuve j\u016bs sutinkate su tinklapio taisykl\u0117mis. Kilus papildomiems klausimams pra\u0161ome per\u017ei\u016br\u0117ti m\u016bs\u0173 Privatumo politik\u0105 bei Preki\u0173 pristatymo bei gr\u0105\u017einimo taisykles. Paskyros suk\u016brimas Visi norintys gali susikurti asmenin\u0119 paskyr\u0105 m\u016bs\u0173 tinklapyje. Jis pasiekiama meniu nuoroda &#8222;Mano Monai&#8221;. Paskyroje galite sekti savo u\u017esakymo [&hellip;]<\/p>\n","protected":false},"author":1,"featured_media":0,"parent":0,"menu_order":0,"comment_status":"closed","ping_status":"closed","template":"","meta":{"_acf_changed":false,"ocean_post_layout":"full-width","ocean_both_sidebars_style":"","ocean_both_sidebars_content_width":0,"ocean_both_sidebars_sidebars_width":0,"ocean_sidebar":"0","ocean_second_sidebar":"0","ocean_disable_margins":"enable","ocean_add_body_class":"","ocean_shortcode_before_top_bar":"","ocean_shortcode_after_top_bar":"","ocean_shortcode_before_header":"","ocean_shortcode_after_header":"","ocean_has_shortcode":"","ocean_shortcode_after_title":"","ocean_shortcode_before_footer_widgets":"","ocean_shortcode_after_footer_widgets":"","ocean_shortcode_before_footer_bottom":"","ocean_shortcode_after_footer_bottom":"","ocean_display_top_bar":"default","ocean_display_header":"default","ocean_header_style":"","ocean_center_header_left_menu":"0","ocean_custom_header_template":"0","ocean_custom_logo":0,"ocean_custom_retina_logo":0,"ocean_custom_logo_max_width":0,"ocean_custom_logo_tablet_max_width":0,"ocean_custom_logo_mobile_max_width":0,"ocean_custom_logo_max_height":0,"ocean_custom_logo_tablet_max_height":0,"ocean_custom_logo_mobile_max_height":0,"ocean_header_custom_menu":"0","ocean_menu_typo_font_family":"0","ocean_menu_typo_font_subset":"","ocean_menu_typo_font_size":0,"ocean_menu_typo_font_size_tablet":0,"ocean_menu_typo_font_size_mobile":0,"ocean_menu_typo_font_size_unit":"px","ocean_menu_typo_font_weight":"","ocean_menu_typo_font_weight_tablet":"","ocean_menu_typo_font_weight_mobile":"","ocean_menu_typo_transform":"","ocean_menu_typo_transform_tablet":"","ocean_menu_typo_transform_mobile":"","ocean_menu_typo_line_height":0,"ocean_menu_typo_line_height_tablet":0,"ocean_menu_typo_line_height_mobile":0,"ocean_menu_typo_line_height_unit":"","ocean_menu_typo_spacing":0,"ocean_menu_typo_spacing_tablet":0,"ocean_menu_typo_spacing_mobile":0,"ocean_menu_typo_spacing_unit":"","ocean_menu_link_color":"","ocean_menu_link_color_hover":"","ocean_menu_link_color_active":"","ocean_menu_link_background":"","ocean_menu_link_hover_background":"","ocean_menu_link_active_background":"","ocean_menu_social_links_bg":"","ocean_menu_social_hover_links_bg":"","ocean_menu_social_links_color":"","ocean_menu_social_hover_links_color":"","ocean_disable_title":"default","ocean_disable_heading":"default","ocean_post_title":"","ocean_post_subheading":"","ocean_post_title_style":"","ocean_post_title_background_color":"","ocean_post_title_background":0,"ocean_post_title_bg_image_position":"","ocean_post_title_bg_image_attachment":"","ocean_post_title_bg_image_repeat":"","ocean_post_title_bg_image_size":"","ocean_post_title_height":0,"ocean_post_title_bg_overlay":0.5,"ocean_post_title_bg_overlay_color":"","ocean_disable_breadcrumbs":"default","ocean_breadcrumbs_color":"","ocean_breadcrumbs_separator_color":"","ocean_breadcrumbs_links_color":"","ocean_breadcrumbs_links_hover_color":"","ocean_display_footer_widgets":"default","ocean_display_footer_bottom":"default","ocean_custom_footer_template":"0","footnotes":""},"class_list":["post-627","page","type-page","status-publish","hentry","entry","owp-thumbs-layout-horizontal","owp-btn-normal","owp-tabs-layout-horizontal","has-no-thumbnails"],"acf":[],"_links":{"self":[{"href":"https:\/\/monaistudio.lt\/en\/wp-json\/wp\/v2\/pages\/627","targetHints":{"allow":["GET"]}}],"collection":[{"href":"https:\/\/monaistudio.lt\/en\/wp-json\/wp\/v2\/pages"}],"about":[{"href":"https:\/\/monaistudio.lt\/en\/wp-json\/wp\/v2\/types\/page"}],"author":[{"embeddable":true,"href":"https:\/\/monaistudio.lt\/en\/wp-json\/wp\/v2\/users\/1"}],"replies":[{"embeddable":true,"href":"https:\/\/monaistudio.lt\/en\/wp-json\/wp\/v2\/comments?post=627"}],"version-history":[{"count":12,"href":"https:\/\/monaistudio.lt\/en\/wp-json\/wp\/v2\/pages\/627\/revisions"}],"predecessor-version":[{"id":13850,"href":"https:\/\/monaistudio.lt\/en\/wp-json\/wp\/v2\/pages\/627\/revisions\/13850"}],"wp:attachment":[{"href":"https:\/\/monaistudio.lt\/en\/wp-json\/wp\/v2\/media?parent=627"}],"curies":[{"name":"wp","href":"https:\/\/api.w.org\/{rel}","templated":true}]}}