{"id":631,"date":"2020-02-13T14:58:33","date_gmt":"2020-02-13T14:58:33","guid":{"rendered":"https:\/\/monaistudio.lt\/?page_id=631"},"modified":"2025-11-17T10:44:07","modified_gmt":"2025-11-17T10:44:07","slug":"shipping-and-returns-policy","status":"publish","type":"page","link":"https:\/\/monaistudio.lt\/en\/shipping-and-returns-policy\/","title":{"rendered":"Shipping and returns policy"},"content":{"rendered":"<div data-elementor-type=\"wp-page\" data-elementor-id=\"631\" class=\"elementor elementor-631\" data-elementor-post-type=\"page\">\n\t\t\t\t\t\t<section class=\"elementor-section elementor-top-section elementor-element elementor-element-c73912d elementor-section-boxed elementor-section-height-default elementor-section-height-default\" data-id=\"c73912d\" data-element_type=\"section\" data-e-type=\"section\" data-settings=\"{&quot;ekit_has_onepagescroll_dot&quot;:&quot;yes&quot;}\">\n\t\t\t\t\t\t<div class=\"elementor-container elementor-column-gap-default\">\n\t\t\t\t\t<div class=\"elementor-column elementor-col-100 elementor-top-column elementor-element elementor-element-70a7816\" data-id=\"70a7816\" data-element_type=\"column\" data-e-type=\"column\">\n\t\t\t<div class=\"elementor-widget-wrap elementor-element-populated\">\n\t\t\t\t\t\t<div class=\"elementor-element elementor-element-962567d elementor-widget elementor-widget-heading\" data-id=\"962567d\" data-element_type=\"widget\" data-e-type=\"widget\" data-settings=\"{&quot;ekit_we_effect_on&quot;:&quot;none&quot;}\" data-widget_type=\"heading.default\">\n\t\t\t\t<div class=\"elementor-widget-container\">\n\t\t\t\t\t<h1 class=\"elementor-heading-title elementor-size-default\">Siuntimas ir preki\u0173 gr\u0105\u017einimas<\/h1>\t\t\t\t<\/div>\n\t\t\t\t<\/div>\n\t\t\t\t\t<\/div>\n\t\t<\/div>\n\t\t\t\t\t<\/div>\n\t\t<\/section>\n\t\t\t\t<section class=\"elementor-section elementor-top-section elementor-element elementor-element-5ba3950f elementor-section-boxed elementor-section-height-default elementor-section-height-default\" data-id=\"5ba3950f\" data-element_type=\"section\" data-e-type=\"section\" data-settings=\"{&quot;ekit_has_onepagescroll_dot&quot;:&quot;yes&quot;}\">\n\t\t\t\t\t\t<div class=\"elementor-container elementor-column-gap-default\">\n\t\t\t\t\t<div class=\"elementor-column elementor-col-100 elementor-top-column elementor-element elementor-element-654bbc9b\" data-id=\"654bbc9b\" data-element_type=\"column\" data-e-type=\"column\">\n\t\t\t<div class=\"elementor-widget-wrap elementor-element-populated\">\n\t\t\t\t\t\t<div class=\"elementor-element elementor-element-aae92c5 elementor-widget elementor-widget-text-editor\" data-id=\"aae92c5\" data-element_type=\"widget\" data-e-type=\"widget\" data-settings=\"{&quot;ekit_we_effect_on&quot;:&quot;none&quot;}\" data-widget_type=\"text-editor.default\">\n\t\t\t\t<div class=\"elementor-widget-container\">\n\t\t\t\t\t\t\t\t\t<p>\u017demiau pateikiame informacij\u0105 susijusi\u0105 su preki\u0173 pristatymu bei gr\u0105\u017einimu. Siekdami, kad informacija nepersidengt\u0173 ir b\u016bt\u0173 ai\u0161kiai pasiekiama, mes atskyr\u0117me siuntimo bei preki\u0173 gr\u0105\u017einimo politik\u0105 nuo kit\u0173 puslapio s\u0105lyg\u0173. Nor\u0117dami per\u017ei\u016br\u0117ti likusius dokumentus pra\u0161ome per\u017ei\u016br\u0117ti puslapio Privatumo politik\u0105 bei S\u0105lygas ir taisykles.<\/p><h2>SIUNTIMAS<\/h2><h3>Siuntimo kainos<\/h3><p>Taikome fiksuot\u0105 siuntimo kain\u0105, bendr\u0105 visiems siuntimo b\u016bdams priklausomai nuo regiono:<\/p><p>Lietuvoje: <strong>3<\/strong><strong>\u20ac<\/strong> (arba 15\u20ac jei perkamas paveikslas)<\/p><p>U\u017e Lietuvos rib\u0173: 7<strong>\u20ac<\/strong> (arba 50\u20ac jei perkamas paveikslas)<\/p><h3>Siuntos paruo\u0161imas<\/h3><p>Siuntos paruo\u0161imo laikas tai laiko tarpas nuo siuntos apmok\u0117jimo iki jos i\u0161siuntimo pasirinktu pristatymo b\u016bdu. Patvirtin\u0119, kad gavome apmok\u0117jim\u0105, paprastai i\u0161siun\u010diame prekes per 1\u20133 darbo dienas. Jeigu d\u0117l nenumatyt\u0173 aplinkybi\u0173 siuntos i\u0161siuntimas v\u0117luoja, b\u016bsite apie tai informuoti el pa\u0161tu.<\/p><h3>Siuntimo trukm\u0117<\/h3><p>I\u0161siunt\u0119 prekes jums tolesnio siuntos pristatymo laiko mes nekontroliuojame. \u017demiau esantys siunt\u0173 pristatymo laikai yra preliminar\u016bs, tokie kokius pateikia siunt\u0117jai savo internetiniuose puslapiuose. Taip pat svarbu pasteb\u0117ti, kad auk\u0161\u010diau aptartas siuntos paruo\u0161imo laikas n\u0117ra \u012ftraukiamas \u012f siuntimo trukm\u0119.<\/p><p>DPD arba LP Express pa\u0161tomatu (Lietuvoje): 1\u20133 darbo dienos<\/p><p>Omniva pa\u0161tomatu u\u017e Lietuvos rib\u0173 (galioja Latvijoje bei Estijoje): 2\u20135 darbo dienos<\/p><p>Registruotu pa\u0161tu (Lietuvoje): 2\u20135 darbo dienos<\/p><p>Registruotu pa\u0161tu (u\u017e Lietuvos rib\u0173): 3\u201315 darbo dien\u0173 (priklausomai nuo pristatymo valstyb\u0117s)<\/p><h3>Muitai ir importo mokes\u010diai<\/h3><p>Pirk\u0117jas yra atsakingas u\u017e visus galimus muitus bei importo mokes\u010dius savo valstyb\u0117je. Mes taip pat nesame atsakingi u\u017e bet kokius siuntos v\u0117lavimus d\u0117l muitin\u0117je atliekam\u0173 papildom\u0173 proces\u0173.<\/p><h3>Skubus prek\u0117s perdavimas (tik Vilniuje)<\/h3><p>Kartais prek\u0117 reikalinga tos pa\u010dios dienos vakar\u0105 arba kitos dienos ryt\u0105. Jei jums labai skubu gauti prek\u0119 per artimiausias 24 valandas, susiekite su mumis ir, jei tik tai \u012fmanoma, pasi\u016blysime skubesnio prek\u0117s atsi\u0117mimo variant\u0105.<\/p><h2>PREKI\u0172 GR\u0104\u017dINIMAS<\/h2><h3>Mes visuomet priimame prekes gr\u0105\u017einimui arba pakeitimui \u012f kitas m\u016bs\u0173 gaminamas prekes<\/h3><p>Pra\u0161ome susisiekti su mumis per artimiausias 14 dien\u0173 nuo preki\u0173 gavimo dienos bei i\u0161si\u0173sti mums prekes atgal per 30 dien\u0173 nuo preki\u0173 gavimo dienos.<\/p><p>Visuomet pra\u0161ome susisiekti jei turite nusiskundim\u0173 d\u0117l m\u016bs\u0173 teikiam\u0173 preki\u0173, mes pasiruo\u0161\u0119 pad\u0117ti be rasti geriausi\u0105 sprendim\u0105.<\/p><h3>Gr\u0105\u017einimo s\u0105lygos<\/h3><p>Pirk\u0117jas apmoka preki\u0173 gr\u0105\u017einimo siuntimo kain\u0105. Prek\u0117 turi b\u016bti gr\u0105\u017einta tokios pat b\u016bkl\u0117s kaip ir buvo pristatyta.<\/p><p><!-- \/wp:paragraph --><\/p>\t\t\t\t\t\t\t\t<\/div>\n\t\t\t\t<\/div>\n\t\t\t\t\t<\/div>\n\t\t<\/div>\n\t\t\t\t\t<\/div>\n\t\t<\/section>\n\t\t\t\t<\/div>","protected":false},"excerpt":{"rendered":"<p>Siuntimas ir preki\u0173 gr\u0105\u017einimas \u017demiau pateikiame informacij\u0105 susijusi\u0105 su preki\u0173 pristatymu bei gr\u0105\u017einimu. Siekdami, kad informacija nepersidengt\u0173 ir b\u016bt\u0173 ai\u0161kiai pasiekiama, mes atskyr\u0117me siuntimo bei preki\u0173 gr\u0105\u017einimo politik\u0105 nuo kit\u0173 puslapio s\u0105lyg\u0173. Nor\u0117dami per\u017ei\u016br\u0117ti likusius dokumentus pra\u0161ome per\u017ei\u016br\u0117ti puslapio Privatumo politik\u0105 bei S\u0105lygas ir taisykles. SIUNTIMAS Siuntimo kainos Taikome fiksuot\u0105 siuntimo kain\u0105, bendr\u0105 visiems siuntimo [&hellip;]<\/p>\n","protected":false},"author":1,"featured_media":0,"parent":0,"menu_order":0,"comment_status":"closed","ping_status":"closed","template":"","meta":{"_acf_changed":false,"ocean_post_layout":"full-width","ocean_both_sidebars_style":"","ocean_both_sidebars_content_width":0,"ocean_both_sidebars_sidebars_width":0,"ocean_sidebar":"0","ocean_second_sidebar":"0","ocean_disable_margins":"enable","ocean_add_body_class":"","ocean_shortcode_before_top_bar":"","ocean_shortcode_after_top_bar":"","ocean_shortcode_before_header":"","ocean_shortcode_after_header":"","ocean_has_shortcode":"","ocean_shortcode_after_title":"","ocean_shortcode_before_footer_widgets":"","ocean_shortcode_after_footer_widgets":"","ocean_shortcode_before_footer_bottom":"","ocean_shortcode_after_footer_bottom":"","ocean_display_top_bar":"default","ocean_display_header":"default","ocean_header_style":"","ocean_center_header_left_menu":"0","ocean_custom_header_template":"0","ocean_custom_logo":0,"ocean_custom_retina_logo":0,"ocean_custom_logo_max_width":0,"ocean_custom_logo_tablet_max_width":0,"ocean_custom_logo_mobile_max_width":0,"ocean_custom_logo_max_height":0,"ocean_custom_logo_tablet_max_height":0,"ocean_custom_logo_mobile_max_height":0,"ocean_header_custom_menu":"0","ocean_menu_typo_font_family":"0","ocean_menu_typo_font_subset":"","ocean_menu_typo_font_size":0,"ocean_menu_typo_font_size_tablet":0,"ocean_menu_typo_font_size_mobile":0,"ocean_menu_typo_font_size_unit":"px","ocean_menu_typo_font_weight":"","ocean_menu_typo_font_weight_tablet":"","ocean_menu_typo_font_weight_mobile":"","ocean_menu_typo_transform":"","ocean_menu_typo_transform_tablet":"","ocean_menu_typo_transform_mobile":"","ocean_menu_typo_line_height":0,"ocean_menu_typo_line_height_tablet":0,"ocean_menu_typo_line_height_mobile":0,"ocean_menu_typo_line_height_unit":"","ocean_menu_typo_spacing":0,"ocean_menu_typo_spacing_tablet":0,"ocean_menu_typo_spacing_mobile":0,"ocean_menu_typo_spacing_unit":"","ocean_menu_link_color":"","ocean_menu_link_color_hover":"","ocean_menu_link_color_active":"","ocean_menu_link_background":"","ocean_menu_link_hover_background":"","ocean_menu_link_active_background":"","ocean_menu_social_links_bg":"","ocean_menu_social_hover_links_bg":"","ocean_menu_social_links_color":"","ocean_menu_social_hover_links_color":"","ocean_disable_title":"default","ocean_disable_heading":"default","ocean_post_title":"","ocean_post_subheading":"","ocean_post_title_style":"","ocean_post_title_background_color":"","ocean_post_title_background":0,"ocean_post_title_bg_image_position":"","ocean_post_title_bg_image_attachment":"","ocean_post_title_bg_image_repeat":"","ocean_post_title_bg_image_size":"","ocean_post_title_height":0,"ocean_post_title_bg_overlay":0.5,"ocean_post_title_bg_overlay_color":"","ocean_disable_breadcrumbs":"default","ocean_breadcrumbs_color":"","ocean_breadcrumbs_separator_color":"","ocean_breadcrumbs_links_color":"","ocean_breadcrumbs_links_hover_color":"","ocean_display_footer_widgets":"default","ocean_display_footer_bottom":"default","ocean_custom_footer_template":"0","footnotes":""},"class_list":["post-631","page","type-page","status-publish","hentry","entry","owp-thumbs-layout-horizontal","owp-btn-normal","owp-tabs-layout-horizontal","has-no-thumbnails"],"acf":[],"_links":{"self":[{"href":"https:\/\/monaistudio.lt\/en\/wp-json\/wp\/v2\/pages\/631","targetHints":{"allow":["GET"]}}],"collection":[{"href":"https:\/\/monaistudio.lt\/en\/wp-json\/wp\/v2\/pages"}],"about":[{"href":"https:\/\/monaistudio.lt\/en\/wp-json\/wp\/v2\/types\/page"}],"author":[{"embeddable":true,"href":"https:\/\/monaistudio.lt\/en\/wp-json\/wp\/v2\/users\/1"}],"replies":[{"embeddable":true,"href":"https:\/\/monaistudio.lt\/en\/wp-json\/wp\/v2\/comments?post=631"}],"version-history":[{"count":36,"href":"https:\/\/monaistudio.lt\/en\/wp-json\/wp\/v2\/pages\/631\/revisions"}],"predecessor-version":[{"id":31669,"href":"https:\/\/monaistudio.lt\/en\/wp-json\/wp\/v2\/pages\/631\/revisions\/31669"}],"wp:attachment":[{"href":"https:\/\/monaistudio.lt\/en\/wp-json\/wp\/v2\/media?parent=631"}],"curies":[{"name":"wp","href":"https:\/\/api.w.org\/{rel}","templated":true}]}}