{"id":85,"date":"2020-02-05T16:17:04","date_gmt":"2020-02-05T16:17:04","guid":{"rendered":"https:\/\/monaistudio.lt\/?page_id=85"},"modified":"2022-05-08T15:09:18","modified_gmt":"2022-05-08T15:09:18","slug":"contact","status":"publish","type":"page","link":"https:\/\/monaistudio.lt\/en\/contact\/","title":{"rendered":"Contact"},"content":{"rendered":"<div data-elementor-type=\"wp-page\" data-elementor-id=\"85\" class=\"elementor elementor-85\" data-elementor-post-type=\"page\">\n\t\t\t\t\t\t<section class=\"elementor-section elementor-top-section elementor-element elementor-element-8f7e9f7 elementor-section-boxed elementor-section-height-default elementor-section-height-default\" data-id=\"8f7e9f7\" data-element_type=\"section\" data-e-type=\"section\" data-settings=\"{&quot;ekit_has_onepagescroll_dot&quot;:&quot;yes&quot;}\">\n\t\t\t\t\t\t<div class=\"elementor-container elementor-column-gap-default\">\n\t\t\t\t\t<div class=\"elementor-column elementor-col-50 elementor-top-column elementor-element elementor-element-cb01806\" data-id=\"cb01806\" data-element_type=\"column\" data-e-type=\"column\">\n\t\t\t<div class=\"elementor-widget-wrap elementor-element-populated\">\n\t\t\t\t\t\t<div class=\"elementor-element elementor-element-0ff855f elementor-widget elementor-widget-text-editor\" data-id=\"0ff855f\" data-element_type=\"widget\" data-e-type=\"widget\" data-settings=\"{&quot;ekit_we_effect_on&quot;:&quot;none&quot;}\" data-widget_type=\"text-editor.default\">\n\t\t\t\t<div class=\"elementor-widget-container\">\n\t\t\t\t\t\t\t\t\t<h1>Contact us<\/h1><p>Don\u2019t hesitate to contact us on any platform, day or night (at night we usually sleep though):<\/p><p>E-mail: pelkiu.monai@gmail.com<\/p><p><a style=\"color: #000000;\" href=\"https:\/\/www.facebook.com\/pelkiumonai\"><span style=\"text-decoration: underline;\">Facebook<\/span><\/a><\/p><p><span style=\"text-decoration: underline;\"><a style=\"color: #000000; text-decoration: underline;\" href=\"https:\/\/www.instagram.com\/monaistudio\">Instagram<\/a><\/span><\/p><p>Or simply fill the contact form below!<\/p>\t\t\t\t\t\t\t\t<\/div>\n\t\t\t\t<\/div>\n\t\t\t\t<div class=\"elementor-element elementor-element-4c560d1 elementor-widget-divider--view-line elementor-widget elementor-widget-divider\" data-id=\"4c560d1\" data-element_type=\"widget\" data-e-type=\"widget\" data-settings=\"{&quot;ekit_we_effect_on&quot;:&quot;none&quot;}\" data-widget_type=\"divider.default\">\n\t\t\t\t<div class=\"elementor-widget-container\">\n\t\t\t\t\t\t\t<div class=\"elementor-divider\">\n\t\t\t<span class=\"elementor-divider-separator\">\n\t\t\t\t\t\t<\/span>\n\t\t<\/div>\n\t\t\t\t\t\t<\/div>\n\t\t\t\t<\/div>\n\t\t\t\t<div class=\"elementor-element elementor-element-7bfbeed elementor-widget elementor-widget-text-editor\" data-id=\"7bfbeed\" data-element_type=\"widget\" data-e-type=\"widget\" data-settings=\"{&quot;ekit_we_effect_on&quot;:&quot;none&quot;}\" data-widget_type=\"text-editor.default\">\n\t\t\t\t<div class=\"elementor-widget-container\">\n\t\t\t\t\t\t\t\t\t<h1>Seller details:<\/h1><p>Morta Kaniavien\u0117<\/p><p>IBAN: LT61 7044 0001 2164 8643<\/p><p>Vilnius, Lietuva<\/p><p>katauskaite.morta@gmail.com<\/p><p>Individual business activity certificate no: 885418<\/p>\t\t\t\t\t\t\t\t<\/div>\n\t\t\t\t<\/div>\n\t\t\t\t\t<\/div>\n\t\t<\/div>\n\t\t\t\t<div class=\"elementor-column elementor-col-50 elementor-top-column elementor-element elementor-element-77880c8\" data-id=\"77880c8\" data-element_type=\"column\" data-e-type=\"column\">\n\t\t\t<div class=\"elementor-widget-wrap elementor-element-populated\">\n\t\t\t\t\t\t<div class=\"elementor-element elementor-element-2892035 elementor-widget elementor-widget-image\" data-id=\"2892035\" data-element_type=\"widget\" data-e-type=\"widget\" data-settings=\"{&quot;ekit_we_effect_on&quot;:&quot;none&quot;}\" data-widget_type=\"image.default\">\n\t\t\t\t<div class=\"elementor-widget-container\">\n\t\t\t\t\t\t\t\t\t\t\t\t\t\t\t<img fetchpriority=\"high\" decoding=\"async\" width=\"1024\" height=\"652\" src=\"https:\/\/monaistudio.lt\/wp-content\/uploads\/2020\/04\/peleda-grafit-1024x652.png\" class=\"attachment-large size-large wp-image-2319\" alt=\"\" srcset=\"https:\/\/monaistudio.lt\/wp-content\/uploads\/2020\/04\/peleda-grafit.png 1024w, https:\/\/monaistudio.lt\/wp-content\/uploads\/2020\/04\/peleda-grafit-600x382.png 600w, https:\/\/monaistudio.lt\/wp-content\/uploads\/2020\/04\/peleda-grafit-300x191.png 300w, https:\/\/monaistudio.lt\/wp-content\/uploads\/2020\/04\/peleda-grafit-768x489.png 768w\" sizes=\"(max-width: 1024px) 100vw, 1024px\" \/>\t\t\t\t\t\t\t\t\t\t\t\t\t\t\t<\/div>\n\t\t\t\t<\/div>\n\t\t\t\t\t<\/div>\n\t\t<\/div>\n\t\t\t\t\t<\/div>\n\t\t<\/section>\n\t\t\t\t<section class=\"elementor-section elementor-top-section elementor-element elementor-element-7fff4b8 elementor-section-boxed elementor-section-height-default elementor-section-height-default\" data-id=\"7fff4b8\" data-element_type=\"section\" data-e-type=\"section\" data-settings=\"{&quot;ekit_has_onepagescroll_dot&quot;:&quot;yes&quot;}\">\n\t\t\t\t\t\t<div class=\"elementor-container elementor-column-gap-default\">\n\t\t\t\t\t<div class=\"elementor-column elementor-col-100 elementor-top-column elementor-element elementor-element-8ec1ee7\" data-id=\"8ec1ee7\" data-element_type=\"column\" data-e-type=\"column\">\n\t\t\t<div class=\"elementor-widget-wrap elementor-element-populated\">\n\t\t\t\t\t\t<div class=\"elementor-element elementor-element-50d5614 elementor-widget elementor-widget-image\" data-id=\"50d5614\" data-element_type=\"widget\" data-e-type=\"widget\" data-settings=\"{&quot;ekit_we_effect_on&quot;:&quot;none&quot;}\" data-widget_type=\"image.default\">\n\t\t\t\t<div class=\"elementor-widget-container\">\n\t\t\t\t\t\t\t\t\t\t\t\t\t\t\t<img decoding=\"async\" width=\"1024\" height=\"1024\" data-src=\"https:\/\/monaistudio.lt\/wp-content\/uploads\/2020\/03\/CONTACTS-D\u0116M\u0116-1024x1024.png\" class=\"attachment-large size-large wp-image-997 lazyload\" alt=\"\" data-srcset=\"https:\/\/monaistudio.lt\/wp-content\/uploads\/2020\/03\/CONTACTS-D\u0116M\u0116-1024x1024.png 1024w, https:\/\/monaistudio.lt\/wp-content\/uploads\/2020\/03\/CONTACTS-D\u0116M\u0116-400x400.png 400w, https:\/\/monaistudio.lt\/wp-content\/uploads\/2020\/03\/CONTACTS-D\u0116M\u0116-100x100.png 100w, https:\/\/monaistudio.lt\/wp-content\/uploads\/2020\/03\/CONTACTS-D\u0116M\u0116-600x600.png 600w, https:\/\/monaistudio.lt\/wp-content\/uploads\/2020\/03\/CONTACTS-D\u0116M\u0116-150x150.png 150w, https:\/\/monaistudio.lt\/wp-content\/uploads\/2020\/03\/CONTACTS-D\u0116M\u0116-300x300.png 300w, https:\/\/monaistudio.lt\/wp-content\/uploads\/2020\/03\/CONTACTS-D\u0116M\u0116-768x768.png 768w, https:\/\/monaistudio.lt\/wp-content\/uploads\/2020\/03\/CONTACTS-D\u0116M\u0116.png 1920w\" data-sizes=\"(max-width: 1024px) 100vw, 1024px\" src=\"data:image\/svg+xml;base64,PHN2ZyB3aWR0aD0iMSIgaGVpZ2h0PSIxIiB4bWxucz0iaHR0cDovL3d3dy53My5vcmcvMjAwMC9zdmciPjwvc3ZnPg==\" style=\"--smush-placeholder-width: 1024px; --smush-placeholder-aspect-ratio: 1024\/1024;\" \/>\t\t\t\t\t\t\t\t\t\t\t\t\t\t\t<\/div>\n\t\t\t\t<\/div>\n\t\t\t\t\t<\/div>\n\t\t<\/div>\n\t\t\t\t\t<\/div>\n\t\t<\/section>\n\t\t\t\t<\/div>","protected":false},"excerpt":{"rendered":"<p>Susisiekime Jei kyla koki\u0173 nors klausim\u0173 visuomet galite mums ra\u0161yti visais \u012fmanomais kanalais, dien\u0105 ir nakt\u012f (tiesa, nakt\u012f paprastai miegame): El. pa\u0161tas: pelkiu.monai@gmail.com Facebook Instagram Arba tiesiog u\u017epildykite apa\u010dioje esan\u010di\u0105 form\u0105 Pardav\u0117jo rekvizitai: Morta Kaniavien\u0117 A\/s: LT61 7044 0001 2164 8643 Vilnius, Lietuva katauskaite.morta@gmail.com Individualios veiklos pa\u017eymos nr.: 885418<\/p>","protected":false},"author":1,"featured_media":0,"parent":0,"menu_order":0,"comment_status":"closed","ping_status":"closed","template":"","meta":{"_acf_changed":false,"ocean_post_layout":"full-screen","ocean_both_sidebars_style":"","ocean_both_sidebars_content_width":0,"ocean_both_sidebars_sidebars_width":0,"ocean_sidebar":"0","ocean_second_sidebar":"0","ocean_disable_margins":"enable","ocean_add_body_class":"","ocean_shortcode_before_top_bar":"","ocean_shortcode_after_top_bar":"","ocean_shortcode_before_header":"","ocean_shortcode_after_header":"","ocean_has_shortcode":"","ocean_shortcode_after_title":"","ocean_shortcode_before_footer_widgets":"","ocean_shortcode_after_footer_widgets":"","ocean_shortcode_before_footer_bottom":"","ocean_shortcode_after_footer_bottom":"","ocean_display_top_bar":"default","ocean_display_header":"default","ocean_header_style":"","ocean_center_header_left_menu":"0","ocean_custom_header_template":"0","ocean_custom_logo":0,"ocean_custom_retina_logo":0,"ocean_custom_logo_max_width":0,"ocean_custom_logo_tablet_max_width":0,"ocean_custom_logo_mobile_max_width":0,"ocean_custom_logo_max_height":0,"ocean_custom_logo_tablet_max_height":0,"ocean_custom_logo_mobile_max_height":0,"ocean_header_custom_menu":"0","ocean_menu_typo_font_family":"0","ocean_menu_typo_font_subset":"","ocean_menu_typo_font_size":0,"ocean_menu_typo_font_size_tablet":0,"ocean_menu_typo_font_size_mobile":0,"ocean_menu_typo_font_size_unit":"px","ocean_menu_typo_font_weight":"","ocean_menu_typo_font_weight_tablet":"","ocean_menu_typo_font_weight_mobile":"","ocean_menu_typo_transform":"","ocean_menu_typo_transform_tablet":"","ocean_menu_typo_transform_mobile":"","ocean_menu_typo_line_height":0,"ocean_menu_typo_line_height_tablet":0,"ocean_menu_typo_line_height_mobile":0,"ocean_menu_typo_line_height_unit":"","ocean_menu_typo_spacing":0,"ocean_menu_typo_spacing_tablet":0,"ocean_menu_typo_spacing_mobile":0,"ocean_menu_typo_spacing_unit":"","ocean_menu_link_color":"","ocean_menu_link_color_hover":"","ocean_menu_link_color_active":"","ocean_menu_link_background":"","ocean_menu_link_hover_background":"","ocean_menu_link_active_background":"","ocean_menu_social_links_bg":"","ocean_menu_social_hover_links_bg":"","ocean_menu_social_links_color":"","ocean_menu_social_hover_links_color":"","ocean_disable_title":"default","ocean_disable_heading":"default","ocean_post_title":"","ocean_post_subheading":"","ocean_post_title_style":"","ocean_post_title_background_color":"","ocean_post_title_background":0,"ocean_post_title_bg_image_position":"","ocean_post_title_bg_image_attachment":"","ocean_post_title_bg_image_repeat":"","ocean_post_title_bg_image_size":"","ocean_post_title_height":0,"ocean_post_title_bg_overlay":0.5,"ocean_post_title_bg_overlay_color":"","ocean_disable_breadcrumbs":"default","ocean_breadcrumbs_color":"","ocean_breadcrumbs_separator_color":"","ocean_breadcrumbs_links_color":"","ocean_breadcrumbs_links_hover_color":"","ocean_display_footer_widgets":"default","ocean_display_footer_bottom":"default","ocean_custom_footer_template":"0","footnotes":""},"class_list":["post-85","page","type-page","status-publish","hentry","entry","owp-thumbs-layout-horizontal","owp-btn-normal","owp-tabs-layout-horizontal","has-no-thumbnails"],"acf":[],"_links":{"self":[{"href":"https:\/\/monaistudio.lt\/en\/wp-json\/wp\/v2\/pages\/85","targetHints":{"allow":["GET"]}}],"collection":[{"href":"https:\/\/monaistudio.lt\/en\/wp-json\/wp\/v2\/pages"}],"about":[{"href":"https:\/\/monaistudio.lt\/en\/wp-json\/wp\/v2\/types\/page"}],"author":[{"embeddable":true,"href":"https:\/\/monaistudio.lt\/en\/wp-json\/wp\/v2\/users\/1"}],"replies":[{"embeddable":true,"href":"https:\/\/monaistudio.lt\/en\/wp-json\/wp\/v2\/comments?post=85"}],"version-history":[{"count":32,"href":"https:\/\/monaistudio.lt\/en\/wp-json\/wp\/v2\/pages\/85\/revisions"}],"predecessor-version":[{"id":19500,"href":"https:\/\/monaistudio.lt\/en\/wp-json\/wp\/v2\/pages\/85\/revisions\/19500"}],"wp:attachment":[{"href":"https:\/\/monaistudio.lt\/en\/wp-json\/wp\/v2\/media?parent=85"}],"curies":[{"name":"wp","href":"https:\/\/api.w.org\/{rel}","templated":true}]}}