{"id":10691,"date":"2020-12-18T16:35:34","date_gmt":"2020-12-18T16:35:34","guid":{"rendered":"https:\/\/monaistudio.lt\/?post_type=product&#038;p=10691"},"modified":"2024-02-29T23:53:49","modified_gmt":"2024-02-29T23:53:49","slug":"jump","status":"publish","type":"product","link":"https:\/\/monaistudio.lt\/en\/product\/jump\/","title":{"rendered":"\u0160uolis"},"content":{"rendered":"<p>Dydis: 50 x 70 cm<\/p>\n<p>Akvarelinis popierius, akrilas, tu\u0161as, akvarel\u0117, akvareliniai pie\u0161tukai, aliejin\u0117s pastel\u0117s.<\/p>\n<p>Paveikslas yra ant popieriaus, parduodamas kartu su r\u0117mu. Visas detales d\u0117l to, kaip buis \u012fr\u0117mintas paveikslas, prane\u0161ime atlikus u\u017esakym\u0105.<\/p>\n<p>Paveikslas yra originalus autorinis darbas. Visuomet yra galimyb\u0117 sukurti pana\u0161\u0173 paveiksl\u0105 j\u016bs\u0173 norimais motyvais pagal u\u017esakym\u0105. Tokiu atveju pra\u0161ome susisiekti u\u017epildant \u017eemiau esan\u010di\u0105 form\u0105 arba asmenine \u017einute socialiniuose tinkluose.<\/p>","protected":false},"excerpt":{"rendered":"<p>Dydis: 50 x 70 cm Akvarelinis popierius, akrilas, tu\u0161as, akvarel\u0117, akvareliniai pie\u0161tukai, aliejin\u0117s pastel\u0117s. Paveikslas yra ant popieriaus, parduodamas kartu su r\u0117mu. Visas detales d\u0117l to, kaip buis \u012fr\u0117mintas paveikslas, prane\u0161ime atlikus u\u017esakym\u0105. Paveikslas yra originalus autorinis darbas. Visuomet yra galimyb\u0117 sukurti pana\u0161\u0173 paveiksl\u0105 j\u016bs\u0173 norimais motyvais pagal u\u017esakym\u0105. Tokiu atveju pra\u0161ome susisiekti u\u017epildant \u017eemiau [&hellip;]<\/p>\n","protected":false},"featured_media":13185,"comment_status":"open","ping_status":"closed","template":"","meta":{"_acf_changed":false,"ocean_post_layout":"","ocean_both_sidebars_style":"","ocean_both_sidebars_content_width":0,"ocean_both_sidebars_sidebars_width":0,"ocean_sidebar":"0","ocean_second_sidebar":"0","ocean_disable_margins":"enable","ocean_add_body_class":"","ocean_shortcode_before_top_bar":"","ocean_shortcode_after_top_bar":"","ocean_shortcode_before_header":"","ocean_shortcode_after_header":"","ocean_has_shortcode":"","ocean_shortcode_after_title":"","ocean_shortcode_before_footer_widgets":"","ocean_shortcode_after_footer_widgets":"","ocean_shortcode_before_footer_bottom":"","ocean_shortcode_after_footer_bottom":"","ocean_display_top_bar":"default","ocean_display_header":"default","ocean_header_style":"","ocean_center_header_left_menu":"0","ocean_custom_header_template":"0","ocean_custom_logo":0,"ocean_custom_retina_logo":0,"ocean_custom_logo_max_width":0,"ocean_custom_logo_tablet_max_width":0,"ocean_custom_logo_mobile_max_width":0,"ocean_custom_logo_max_height":0,"ocean_custom_logo_tablet_max_height":0,"ocean_custom_logo_mobile_max_height":0,"ocean_header_custom_menu":"0","ocean_menu_typo_font_family":"0","ocean_menu_typo_font_subset":"","ocean_menu_typo_font_size":0,"ocean_menu_typo_font_size_tablet":0,"ocean_menu_typo_font_size_mobile":0,"ocean_menu_typo_font_size_unit":"px","ocean_menu_typo_font_weight":"","ocean_menu_typo_font_weight_tablet":"","ocean_menu_typo_font_weight_mobile":"","ocean_menu_typo_transform":"","ocean_menu_typo_transform_tablet":"","ocean_menu_typo_transform_mobile":"","ocean_menu_typo_line_height":0,"ocean_menu_typo_line_height_tablet":0,"ocean_menu_typo_line_height_mobile":0,"ocean_menu_typo_line_height_unit":"","ocean_menu_typo_spacing":0,"ocean_menu_typo_spacing_tablet":0,"ocean_menu_typo_spacing_mobile":0,"ocean_menu_typo_spacing_unit":"","ocean_menu_link_color":"","ocean_menu_link_color_hover":"","ocean_menu_link_color_active":"","ocean_menu_link_background":"","ocean_menu_link_hover_background":"","ocean_menu_link_active_background":"","ocean_menu_social_links_bg":"","ocean_menu_social_hover_links_bg":"","ocean_menu_social_links_color":"","ocean_menu_social_hover_links_color":"","ocean_disable_title":"default","ocean_disable_heading":"default","ocean_post_title":"","ocean_post_subheading":"","ocean_post_title_style":"","ocean_post_title_background_color":"","ocean_post_title_background":0,"ocean_post_title_bg_image_position":"","ocean_post_title_bg_image_attachment":"","ocean_post_title_bg_image_repeat":"","ocean_post_title_bg_image_size":"","ocean_post_title_height":0,"ocean_post_title_bg_overlay":0.5,"ocean_post_title_bg_overlay_color":"","ocean_disable_breadcrumbs":"default","ocean_breadcrumbs_color":"","ocean_breadcrumbs_separator_color":"","ocean_breadcrumbs_links_color":"","ocean_breadcrumbs_links_hover_color":"","ocean_display_footer_widgets":"default","ocean_display_footer_bottom":"default","ocean_custom_footer_template":"0"},"product_brand":[],"product_cat":[26],"product_tag":[],"class_list":{"0":"post-10691","1":"product","2":"type-product","3":"status-publish","4":"has-post-thumbnail","6":"product_cat-7paintings","7":"product_shipping_class-paintings_shipping","9":"entry","10":"has-media","12":"first","13":"instock","14":"sold-individually","15":"shipping-taxable","16":"purchasable","17":"product-type-simple","18":"col","19":"span_1_of_3","20":"owp-content-center","21":"owp-thumbs-layout-horizontal","22":"owp-btn-normal","23":"owp-tabs-layout-horizontal"},"acf":[],"_links":{"self":[{"href":"https:\/\/monaistudio.lt\/en\/wp-json\/wp\/v2\/product\/10691","targetHints":{"allow":["GET"]}}],"collection":[{"href":"https:\/\/monaistudio.lt\/en\/wp-json\/wp\/v2\/product"}],"about":[{"href":"https:\/\/monaistudio.lt\/en\/wp-json\/wp\/v2\/types\/product"}],"replies":[{"embeddable":true,"href":"https:\/\/monaistudio.lt\/en\/wp-json\/wp\/v2\/comments?post=10691"}],"version-history":[{"count":4,"href":"https:\/\/monaistudio.lt\/en\/wp-json\/wp\/v2\/product\/10691\/revisions"}],"predecessor-version":[{"id":13674,"href":"https:\/\/monaistudio.lt\/en\/wp-json\/wp\/v2\/product\/10691\/revisions\/13674"}],"wp:featuredmedia":[{"embeddable":true,"href":"https:\/\/monaistudio.lt\/en\/wp-json\/wp\/v2\/media\/13185"}],"wp:attachment":[{"href":"https:\/\/monaistudio.lt\/en\/wp-json\/wp\/v2\/media?parent=10691"}],"wp:term":[{"taxonomy":"product_brand","embeddable":true,"href":"https:\/\/monaistudio.lt\/en\/wp-json\/wp\/v2\/product_brand?post=10691"},{"taxonomy":"product_cat","embeddable":true,"href":"https:\/\/monaistudio.lt\/en\/wp-json\/wp\/v2\/product_cat?post=10691"},{"taxonomy":"product_tag","embeddable":true,"href":"https:\/\/monaistudio.lt\/en\/wp-json\/wp\/v2\/product_tag?post=10691"}],"curies":[{"name":"wp","href":"https:\/\/api.w.org\/{rel}","templated":true}]}}