{"id":15211,"date":"2021-10-31T17:22:48","date_gmt":"2021-10-31T17:22:48","guid":{"rendered":"https:\/\/monaistudio.lt\/?post_type=product&#038;p=15211"},"modified":"2022-11-25T11:54:37","modified_gmt":"2022-11-25T11:54:37","slug":"mediniu-dekoraciju-komplektas-3-vnt-copy","status":"publish","type":"product","link":"https:\/\/monaistudio.lt\/en\/product\/mediniu-dekoraciju-komplektas-3-vnt-copy\/","title":{"rendered":"Medini\u0173 dekoracij\u0173 komplektas (3 vnt.)"},"content":{"rendered":"<p>Pagal jau pa\u017e\u012fstamus Mon\u0173 persona\u017eus sukurta medini\u0173 \u017eaisliuk\u0173 kompanija:<\/p>\n<ul>\n<li>Lazda pasir\u0117m\u0119s, ragais pasidabin\u0119s ir b\u016bgnel\u012f mu\u0161antis \u0160amanas, pasiruo\u0161\u0119s pasidalinti savo i\u0161mintimi. (Dydis: 6,3 x 7,5 cm)<\/li>\n<li>Lap\u0117s pavidalu pasirodanti Girios dvasia, ne\u0161anti magi\u0161kus sapnus. (Dydis: 7 x 6 cm)<\/li>\n<li>Kasnakt M\u0117nul\u012f sauganti ir savo \u017evaig\u017ed\u0117tais sparnais dang\u0173 u\u017eklojanti naktin\u0117 Pel\u0117da. (Dydis: 8 x 6,5 cm)<\/li>\n<\/ul>\n<p>\u017daisliukai i\u0161graviruoti i\u0161 abiej\u0173 pusi\u0173.<\/p>","protected":false},"excerpt":{"rendered":"<p>Pagal jau pa\u017e\u012fstamus Mon\u0173 persona\u017eus sukurta medini\u0173 \u017eaisliuk\u0173 kompanija: Lazda pasir\u0117m\u0119s, ragais pasidabin\u0119s ir b\u016bgnel\u012f mu\u0161antis \u0160amanas, pasiruo\u0161\u0119s pasidalinti savo i\u0161mintimi. (Dydis: 6,3 x 7,5 cm) Lap\u0117s pavidalu pasirodanti Girios dvasia, ne\u0161anti magi\u0161kus sapnus. (Dydis: 7 x 6 cm) Kasnakt M\u0117nul\u012f sauganti ir savo \u017evaig\u017ed\u0117tais sparnais dang\u0173 u\u017eklojanti naktin\u0117 Pel\u0117da. (Dydis: 8 x 6,5 cm) [&hellip;]<\/p>\n","protected":false},"featured_media":15194,"comment_status":"open","ping_status":"closed","template":"","meta":{"_acf_changed":false,"ocean_post_layout":"","ocean_both_sidebars_style":"","ocean_both_sidebars_content_width":0,"ocean_both_sidebars_sidebars_width":0,"ocean_sidebar":"0","ocean_second_sidebar":"0","ocean_disable_margins":"enable","ocean_add_body_class":"","ocean_shortcode_before_top_bar":"","ocean_shortcode_after_top_bar":"","ocean_shortcode_before_header":"","ocean_shortcode_after_header":"","ocean_has_shortcode":"","ocean_shortcode_after_title":"","ocean_shortcode_before_footer_widgets":"","ocean_shortcode_after_footer_widgets":"","ocean_shortcode_before_footer_bottom":"","ocean_shortcode_after_footer_bottom":"","ocean_display_top_bar":"default","ocean_display_header":"default","ocean_header_style":"","ocean_center_header_left_menu":"0","ocean_custom_header_template":"0","ocean_custom_logo":0,"ocean_custom_retina_logo":0,"ocean_custom_logo_max_width":0,"ocean_custom_logo_tablet_max_width":0,"ocean_custom_logo_mobile_max_width":0,"ocean_custom_logo_max_height":0,"ocean_custom_logo_tablet_max_height":0,"ocean_custom_logo_mobile_max_height":0,"ocean_header_custom_menu":"0","ocean_menu_typo_font_family":"0","ocean_menu_typo_font_subset":"","ocean_menu_typo_font_size":0,"ocean_menu_typo_font_size_tablet":0,"ocean_menu_typo_font_size_mobile":0,"ocean_menu_typo_font_size_unit":"px","ocean_menu_typo_font_weight":"","ocean_menu_typo_font_weight_tablet":"","ocean_menu_typo_font_weight_mobile":"","ocean_menu_typo_transform":"","ocean_menu_typo_transform_tablet":"","ocean_menu_typo_transform_mobile":"","ocean_menu_typo_line_height":0,"ocean_menu_typo_line_height_tablet":0,"ocean_menu_typo_line_height_mobile":0,"ocean_menu_typo_line_height_unit":"","ocean_menu_typo_spacing":0,"ocean_menu_typo_spacing_tablet":0,"ocean_menu_typo_spacing_mobile":0,"ocean_menu_typo_spacing_unit":"","ocean_menu_link_color":"","ocean_menu_link_color_hover":"","ocean_menu_link_color_active":"","ocean_menu_link_background":"","ocean_menu_link_hover_background":"","ocean_menu_link_active_background":"","ocean_menu_social_links_bg":"","ocean_menu_social_hover_links_bg":"","ocean_menu_social_links_color":"","ocean_menu_social_hover_links_color":"","ocean_disable_title":"default","ocean_disable_heading":"default","ocean_post_title":"","ocean_post_subheading":"","ocean_post_title_style":"","ocean_post_title_background_color":"","ocean_post_title_background":0,"ocean_post_title_bg_image_position":"","ocean_post_title_bg_image_attachment":"","ocean_post_title_bg_image_repeat":"","ocean_post_title_bg_image_size":"","ocean_post_title_height":0,"ocean_post_title_bg_overlay":0.5,"ocean_post_title_bg_overlay_color":"","ocean_disable_breadcrumbs":"default","ocean_breadcrumbs_color":"","ocean_breadcrumbs_separator_color":"","ocean_breadcrumbs_links_color":"","ocean_breadcrumbs_links_hover_color":"","ocean_display_footer_widgets":"default","ocean_display_footer_bottom":"default","ocean_custom_footer_template":"0"},"product_brand":[],"product_cat":[98],"product_tag":[],"class_list":{"0":"post-15211","1":"product","2":"type-product","3":"status-publish","4":"has-post-thumbnail","6":"product_cat-9home","7":"product_shipping_class-else","9":"entry","10":"has-media","12":"first","13":"outofstock","14":"shipping-taxable","15":"purchasable","16":"product-type-simple","17":"col","18":"span_1_of_3","19":"owp-content-center","20":"owp-thumbs-layout-horizontal","21":"owp-btn-normal","22":"owp-tabs-layout-horizontal"},"acf":[],"_links":{"self":[{"href":"https:\/\/monaistudio.lt\/en\/wp-json\/wp\/v2\/product\/15211","targetHints":{"allow":["GET"]}}],"collection":[{"href":"https:\/\/monaistudio.lt\/en\/wp-json\/wp\/v2\/product"}],"about":[{"href":"https:\/\/monaistudio.lt\/en\/wp-json\/wp\/v2\/types\/product"}],"replies":[{"embeddable":true,"href":"https:\/\/monaistudio.lt\/en\/wp-json\/wp\/v2\/comments?post=15211"}],"version-history":[{"count":2,"href":"https:\/\/monaistudio.lt\/en\/wp-json\/wp\/v2\/product\/15211\/revisions"}],"predecessor-version":[{"id":15213,"href":"https:\/\/monaistudio.lt\/en\/wp-json\/wp\/v2\/product\/15211\/revisions\/15213"}],"wp:featuredmedia":[{"embeddable":true,"href":"https:\/\/monaistudio.lt\/en\/wp-json\/wp\/v2\/media\/15194"}],"wp:attachment":[{"href":"https:\/\/monaistudio.lt\/en\/wp-json\/wp\/v2\/media?parent=15211"}],"wp:term":[{"taxonomy":"product_brand","embeddable":true,"href":"https:\/\/monaistudio.lt\/en\/wp-json\/wp\/v2\/product_brand?post=15211"},{"taxonomy":"product_cat","embeddable":true,"href":"https:\/\/monaistudio.lt\/en\/wp-json\/wp\/v2\/product_cat?post=15211"},{"taxonomy":"product_tag","embeddable":true,"href":"https:\/\/monaistudio.lt\/en\/wp-json\/wp\/v2\/product_tag?post=15211"}],"curies":[{"name":"wp","href":"https:\/\/api.w.org\/{rel}","templated":true}]}}