{"id":22759,"date":"2023-02-13T15:27:16","date_gmt":"2023-02-13T15:27:16","guid":{"rendered":"https:\/\/monaistudio.lt\/?post_type=product&#038;p=22759"},"modified":"2024-12-11T15:23:36","modified_gmt":"2024-12-11T15:23:36","slug":"dovanu-kuponas-50e","status":"publish","type":"product","link":"https:\/\/monaistudio.lt\/en\/product\/dovanu-kuponas-50e\/","title":{"rendered":"Dovan\u0173 kuponas 50\u20ac"},"content":{"rendered":"<p>SVARBU: dovan\u0173 kuponas pristatomas tik elektronine versija, j\u016bs\u0173 nurodytu el. pa\u0161tu. Fiziniais dovan\u0173 kuponais neprekiaujame.<\/p>\n<p>Apmok\u0117jimo metu prie u\u017esakymo komentar\u0173 galite \u012fra\u0161yti \u017emogaus, kuriam skiriamas kuponas, vard\u0105.<\/p>\n<p>\u012esigydami m\u016bs\u0173 dovan\u0173 kupon\u0105, dovanojate savo artimam \u017emogui galimyb\u0119 jam pa\u010diam i\u0161sirinkti mieliausius ir \u0161ird\u017eiai artimiausius Monus. Atlikus apmok\u0117jim\u0105 su jumis susisieksime ir atsi\u0173sime sumaketuot\u0105 dovan\u0173 kupon\u0105. Galimos ir kitos, internetin\u0117je parduotuv\u0117je nenurodytos dovan\u0173 kupono vert\u0117s &#8211; norin\u010diu kvie\u010diame susisiekti asmeni\u0161kai.<\/p>\n<p>Dovan\u0173 kuponas \u012f pinigus nekei\u010diamas. Nei\u0161naudojus visos kupone nurodytos sumos skirtumas negra\u017einamas. Kupon\u0105 galima panaudoti perkant internetu, \u0161iame puslapyje www.monaistudio.lt , atsiskaitymo metu pasirinkus apmok\u0117jim\u0105 dovan\u0173 kuponu. I\u0161kilus klausimams kreiptis: www.monaistudio.lt\/contact<\/p>","protected":false},"excerpt":{"rendered":"<p>SVARBU: dovan\u0173 kuponas pristatomas tik elektronine versija, j\u016bs\u0173 nurodytu el. pa\u0161tu. Fiziniais dovan\u0173 kuponais neprekiaujame. Apmok\u0117jimo metu prie u\u017esakymo komentar\u0173 galite \u012fra\u0161yti \u017emogaus, kuriam skiriamas kuponas, vard\u0105. \u012esigydami m\u016bs\u0173 dovan\u0173 kupon\u0105, dovanojate savo artimam \u017emogui galimyb\u0119 jam pa\u010diam i\u0161sirinkti mieliausius ir \u0161ird\u017eiai artimiausius Monus. Atlikus apmok\u0117jim\u0105 su jumis susisieksime ir atsi\u0173sime sumaketuot\u0105 dovan\u0173 kupon\u0105. Galimos [&hellip;]<\/p>\n","protected":false},"featured_media":22753,"comment_status":"open","ping_status":"closed","template":"","meta":{"_acf_changed":false,"ocean_post_layout":"","ocean_both_sidebars_style":"","ocean_both_sidebars_content_width":0,"ocean_both_sidebars_sidebars_width":0,"ocean_sidebar":"0","ocean_second_sidebar":"0","ocean_disable_margins":"enable","ocean_add_body_class":"","ocean_shortcode_before_top_bar":"","ocean_shortcode_after_top_bar":"","ocean_shortcode_before_header":"","ocean_shortcode_after_header":"","ocean_has_shortcode":"","ocean_shortcode_after_title":"","ocean_shortcode_before_footer_widgets":"","ocean_shortcode_after_footer_widgets":"","ocean_shortcode_before_footer_bottom":"","ocean_shortcode_after_footer_bottom":"","ocean_display_top_bar":"default","ocean_display_header":"default","ocean_header_style":"","ocean_center_header_left_menu":"0","ocean_custom_header_template":"0","ocean_custom_logo":0,"ocean_custom_retina_logo":0,"ocean_custom_logo_max_width":0,"ocean_custom_logo_tablet_max_width":0,"ocean_custom_logo_mobile_max_width":0,"ocean_custom_logo_max_height":0,"ocean_custom_logo_tablet_max_height":0,"ocean_custom_logo_mobile_max_height":0,"ocean_header_custom_menu":"0","ocean_menu_typo_font_family":"0","ocean_menu_typo_font_subset":"","ocean_menu_typo_font_size":0,"ocean_menu_typo_font_size_tablet":0,"ocean_menu_typo_font_size_mobile":0,"ocean_menu_typo_font_size_unit":"px","ocean_menu_typo_font_weight":"","ocean_menu_typo_font_weight_tablet":"","ocean_menu_typo_font_weight_mobile":"","ocean_menu_typo_transform":"","ocean_menu_typo_transform_tablet":"","ocean_menu_typo_transform_mobile":"","ocean_menu_typo_line_height":0,"ocean_menu_typo_line_height_tablet":0,"ocean_menu_typo_line_height_mobile":0,"ocean_menu_typo_line_height_unit":"","ocean_menu_typo_spacing":0,"ocean_menu_typo_spacing_tablet":0,"ocean_menu_typo_spacing_mobile":0,"ocean_menu_typo_spacing_unit":"","ocean_menu_link_color":"","ocean_menu_link_color_hover":"","ocean_menu_link_color_active":"","ocean_menu_link_background":"","ocean_menu_link_hover_background":"","ocean_menu_link_active_background":"","ocean_menu_social_links_bg":"","ocean_menu_social_hover_links_bg":"","ocean_menu_social_links_color":"","ocean_menu_social_hover_links_color":"","ocean_disable_title":"default","ocean_disable_heading":"default","ocean_post_title":"","ocean_post_subheading":"","ocean_post_title_style":"","ocean_post_title_background_color":"","ocean_post_title_background":0,"ocean_post_title_bg_image_position":"","ocean_post_title_bg_image_attachment":"","ocean_post_title_bg_image_repeat":"","ocean_post_title_bg_image_size":"","ocean_post_title_height":0,"ocean_post_title_bg_overlay":0.5,"ocean_post_title_bg_overlay_color":"","ocean_disable_breadcrumbs":"default","ocean_breadcrumbs_color":"","ocean_breadcrumbs_separator_color":"","ocean_breadcrumbs_links_color":"","ocean_breadcrumbs_links_hover_color":"","ocean_display_footer_widgets":"default","ocean_display_footer_bottom":"default","ocean_custom_footer_template":"0"},"product_brand":[],"product_cat":[116],"product_tag":[],"class_list":{"0":"post-22759","1":"product","2":"type-product","3":"status-publish","4":"has-post-thumbnail","6":"product_cat-kuponas","7":"product_shipping_class-free","9":"entry","10":"has-media","12":"first","13":"instock","14":"shipping-taxable","15":"purchasable","16":"product-type-simple","17":"col","18":"span_1_of_3","19":"owp-content-center","20":"owp-thumbs-layout-horizontal","21":"owp-btn-normal","22":"owp-tabs-layout-horizontal"},"acf":[],"_links":{"self":[{"href":"https:\/\/monaistudio.lt\/en\/wp-json\/wp\/v2\/product\/22759","targetHints":{"allow":["GET"]}}],"collection":[{"href":"https:\/\/monaistudio.lt\/en\/wp-json\/wp\/v2\/product"}],"about":[{"href":"https:\/\/monaistudio.lt\/en\/wp-json\/wp\/v2\/types\/product"}],"replies":[{"embeddable":true,"href":"https:\/\/monaistudio.lt\/en\/wp-json\/wp\/v2\/comments?post=22759"}],"version-history":[{"count":4,"href":"https:\/\/monaistudio.lt\/en\/wp-json\/wp\/v2\/product\/22759\/revisions"}],"predecessor-version":[{"id":27086,"href":"https:\/\/monaistudio.lt\/en\/wp-json\/wp\/v2\/product\/22759\/revisions\/27086"}],"wp:featuredmedia":[{"embeddable":true,"href":"https:\/\/monaistudio.lt\/en\/wp-json\/wp\/v2\/media\/22753"}],"wp:attachment":[{"href":"https:\/\/monaistudio.lt\/en\/wp-json\/wp\/v2\/media?parent=22759"}],"wp:term":[{"taxonomy":"product_brand","embeddable":true,"href":"https:\/\/monaistudio.lt\/en\/wp-json\/wp\/v2\/product_brand?post=22759"},{"taxonomy":"product_cat","embeddable":true,"href":"https:\/\/monaistudio.lt\/en\/wp-json\/wp\/v2\/product_cat?post=22759"},{"taxonomy":"product_tag","embeddable":true,"href":"https:\/\/monaistudio.lt\/en\/wp-json\/wp\/v2\/product_tag?post=22759"}],"curies":[{"name":"wp","href":"https:\/\/api.w.org\/{rel}","templated":true}]}}