{"id":27354,"date":"2025-04-13T19:46:51","date_gmt":"2025-04-13T19:46:51","guid":{"rendered":"https:\/\/monaistudio.lt\/product\/girinis\/"},"modified":"2025-06-13T15:02:09","modified_gmt":"2025-06-13T15:02:09","slug":"girinis","status":"publish","type":"product","link":"https:\/\/monaistudio.lt\/en\/product\/girinis\/","title":{"rendered":"Girinis"},"content":{"rendered":"<p>All our works are unique and one of a kind.<\/p>\n<p>Due to specific ceramic technique, the surface of our jewelry could have some minor unevenness. It does not affect the quality of the item.<\/p>\n<p>Ceramic parts are made from earthenware clay, fired at approx 1000 C, then hand-painted, glazed bright and fired again.<\/p>\n<p>The cord of a pendant is made from leather. Leather cord is our default, but feel free to leave me a note during checkout if you don't use leather. Cord could be changed to nylon on customers demand.<\/p>\n<p>You will receive your order in a carton gift box.<\/p>\n<p>If your favorite item is already sold, it is possible to request a custom order of similar piece of jewelry. But please have in mind that custom orders usually takes a long time to make (up to 3 or 4 months). Contact us for more info!<\/p>","protected":false},"excerpt":{"rendered":"<p>Visi Mon\u0173 papuo\u0161alai yra unikal\u016bs ir vienetiniai. Kadangi visi darbai gaminami rankomis, d\u0117l naudojamos technikos vir\u0161utiniame glaz\u016bros sluoksnyje galimi ne\u017eym\u016bs pavir\u0161iaus nelygumai. Papuo\u0161alai pagaminti i\u0161 keramikos. I\u0161 balto molio nulipdytos formos i\u0161degamos 1000 laipsni\u0173 temperat\u016broje, tada i\u0161pai\u0161omos rankomis, padengiamos bespalve glaz\u016bra ir i\u0161degamos antr\u0105kart. Pakabukas pakabintas ant odin\u0117s virvel\u0117s Visi papuo\u0161alai pristatomi kartonin\u0117je d\u0117\u017eut\u0117je su [&hellip;]<\/p>\n","protected":false},"featured_media":27312,"comment_status":"closed","ping_status":"closed","template":"","meta":{"_acf_changed":false,"ocean_post_layout":"","ocean_both_sidebars_style":"","ocean_both_sidebars_content_width":0,"ocean_both_sidebars_sidebars_width":0,"ocean_sidebar":"0","ocean_second_sidebar":"0","ocean_disable_margins":"enable","ocean_add_body_class":"","ocean_shortcode_before_top_bar":"","ocean_shortcode_after_top_bar":"","ocean_shortcode_before_header":"","ocean_shortcode_after_header":"","ocean_has_shortcode":"","ocean_shortcode_after_title":"","ocean_shortcode_before_footer_widgets":"","ocean_shortcode_after_footer_widgets":"","ocean_shortcode_before_footer_bottom":"","ocean_shortcode_after_footer_bottom":"","ocean_display_top_bar":"default","ocean_display_header":"default","ocean_header_style":"","ocean_center_header_left_menu":"0","ocean_custom_header_template":"0","ocean_custom_logo":0,"ocean_custom_retina_logo":0,"ocean_custom_logo_max_width":0,"ocean_custom_logo_tablet_max_width":0,"ocean_custom_logo_mobile_max_width":0,"ocean_custom_logo_max_height":0,"ocean_custom_logo_tablet_max_height":0,"ocean_custom_logo_mobile_max_height":0,"ocean_header_custom_menu":"0","ocean_menu_typo_font_family":"0","ocean_menu_typo_font_subset":"","ocean_menu_typo_font_size":0,"ocean_menu_typo_font_size_tablet":0,"ocean_menu_typo_font_size_mobile":0,"ocean_menu_typo_font_size_unit":"px","ocean_menu_typo_font_weight":"","ocean_menu_typo_font_weight_tablet":"","ocean_menu_typo_font_weight_mobile":"","ocean_menu_typo_transform":"","ocean_menu_typo_transform_tablet":"","ocean_menu_typo_transform_mobile":"","ocean_menu_typo_line_height":0,"ocean_menu_typo_line_height_tablet":0,"ocean_menu_typo_line_height_mobile":0,"ocean_menu_typo_line_height_unit":"","ocean_menu_typo_spacing":0,"ocean_menu_typo_spacing_tablet":0,"ocean_menu_typo_spacing_mobile":0,"ocean_menu_typo_spacing_unit":"","ocean_menu_link_color":"","ocean_menu_link_color_hover":"","ocean_menu_link_color_active":"","ocean_menu_link_background":"","ocean_menu_link_hover_background":"","ocean_menu_link_active_background":"","ocean_menu_social_links_bg":"","ocean_menu_social_hover_links_bg":"","ocean_menu_social_links_color":"","ocean_menu_social_hover_links_color":"","ocean_disable_title":"default","ocean_disable_heading":"default","ocean_post_title":"","ocean_post_subheading":"","ocean_post_title_style":"","ocean_post_title_background_color":"","ocean_post_title_background":0,"ocean_post_title_bg_image_position":"","ocean_post_title_bg_image_attachment":"","ocean_post_title_bg_image_repeat":"","ocean_post_title_bg_image_size":"","ocean_post_title_height":0,"ocean_post_title_bg_overlay":0.5,"ocean_post_title_bg_overlay_color":"","ocean_disable_breadcrumbs":"default","ocean_breadcrumbs_color":"","ocean_breadcrumbs_separator_color":"","ocean_breadcrumbs_links_color":"","ocean_breadcrumbs_links_hover_color":"","ocean_display_footer_widgets":"default","ocean_display_footer_bottom":"default","ocean_custom_footer_template":"0"},"product_brand":[],"product_cat":[103,20,82],"product_tag":[],"class_list":{"0":"post-27354","1":"product","2":"type-product","3":"status-publish","4":"has-post-thumbnail","6":"product_cat-tinynecklaces","7":"product_cat-1necklaces","8":"product_cat-dudes","9":"product_shipping_class-else","11":"entry","12":"has-media","14":"first","15":"instock","16":"sold-individually","17":"purchasable","18":"product-type-simple","19":"col","20":"span_1_of_3","21":"owp-content-center","22":"owp-thumbs-layout-horizontal","23":"owp-btn-normal","24":"owp-tabs-layout-horizontal"},"acf":[],"_links":{"self":[{"href":"https:\/\/monaistudio.lt\/en\/wp-json\/wp\/v2\/product\/27354","targetHints":{"allow":["GET"]}}],"collection":[{"href":"https:\/\/monaistudio.lt\/en\/wp-json\/wp\/v2\/product"}],"about":[{"href":"https:\/\/monaistudio.lt\/en\/wp-json\/wp\/v2\/types\/product"}],"replies":[{"embeddable":true,"href":"https:\/\/monaistudio.lt\/en\/wp-json\/wp\/v2\/comments?post=27354"}],"version-history":[{"count":1,"href":"https:\/\/monaistudio.lt\/en\/wp-json\/wp\/v2\/product\/27354\/revisions"}],"predecessor-version":[{"id":27473,"href":"https:\/\/monaistudio.lt\/en\/wp-json\/wp\/v2\/product\/27354\/revisions\/27473"}],"wp:featuredmedia":[{"embeddable":true,"href":"https:\/\/monaistudio.lt\/en\/wp-json\/wp\/v2\/media\/27312"}],"wp:attachment":[{"href":"https:\/\/monaistudio.lt\/en\/wp-json\/wp\/v2\/media?parent=27354"}],"wp:term":[{"taxonomy":"product_brand","embeddable":true,"href":"https:\/\/monaistudio.lt\/en\/wp-json\/wp\/v2\/product_brand?post=27354"},{"taxonomy":"product_cat","embeddable":true,"href":"https:\/\/monaistudio.lt\/en\/wp-json\/wp\/v2\/product_cat?post=27354"},{"taxonomy":"product_tag","embeddable":true,"href":"https:\/\/monaistudio.lt\/en\/wp-json\/wp\/v2\/product_tag?post=27354"}],"curies":[{"name":"wp","href":"https:\/\/api.w.org\/{rel}","templated":true}]}}