{"id":28176,"date":"2025-04-14T15:04:34","date_gmt":"2025-04-14T15:04:34","guid":{"rendered":"https:\/\/monaistudio.lt\/product\/augimas\/"},"modified":"2025-06-13T15:08:21","modified_gmt":"2025-06-13T15:08:21","slug":"augimas","status":"publish","type":"product","link":"https:\/\/monaistudio.lt\/en\/product\/augimas\/","title":{"rendered":"Growth"},"content":{"rendered":"<p>Ceramic parts are made from earthenware clay, fired at approx 1000 C, then hand-painted, glazed bright and fired again.<\/p>\n<p>Apyrank\u0117ms naudojamos odin\u0117s virvel\u0117s kuri\u0173 ilgis reguliuojamas dviem mazgeliais. Jei nenaudojate odos, u\u017esakymo metu informuokite apie tai prie &#8222;papildomos informacijos&#8221;, mielai pakeisime odin\u0119 virvel\u0119 \u012f sintetin\u0119.<\/p>\n<p>Keramikin\u0117 detal\u0117: 33 x 12 mm<\/p>\n<p>Maksimalus odin\u0117s virvel\u0117s diametras: apie 8 cm<\/p>\n<p>You will receive your order in a carton gift box.<\/p>","protected":false},"excerpt":{"rendered":"<p>Papuo\u0161alai pagaminti i\u0161 keramikos. I\u0161 balto molio nulipdytos formos i\u0161degamos 1000 laipsni\u0173 temperat\u016broje, tada i\u0161pai\u0161omos rankomis, padengiamos bespalve glaz\u016bra ir i\u0161degamos antr\u0105kart. Apyrank\u0117ms naudojamos odin\u0117s virvel\u0117s kuri\u0173 ilgis reguliuojamas dviem mazgeliais. Jei nenaudojate odos, u\u017esakymo metu informuokite apie tai prie &#8222;papildomos informacijos&#8221;, mielai pakeisime odin\u0119 virvel\u0119 \u012f sintetin\u0119. Keramikin\u0117 detal\u0117: 33 x 12 mm Maksimalus [&hellip;]<\/p>\n","protected":false},"featured_media":28182,"comment_status":"open","ping_status":"closed","template":"","meta":{"_acf_changed":false,"ocean_post_layout":"","ocean_both_sidebars_style":"","ocean_both_sidebars_content_width":0,"ocean_both_sidebars_sidebars_width":0,"ocean_sidebar":"0","ocean_second_sidebar":"0","ocean_disable_margins":"enable","ocean_add_body_class":"","ocean_shortcode_before_top_bar":"","ocean_shortcode_after_top_bar":"","ocean_shortcode_before_header":"","ocean_shortcode_after_header":"","ocean_has_shortcode":"","ocean_shortcode_after_title":"","ocean_shortcode_before_footer_widgets":"","ocean_shortcode_after_footer_widgets":"","ocean_shortcode_before_footer_bottom":"","ocean_shortcode_after_footer_bottom":"","ocean_display_top_bar":"default","ocean_display_header":"default","ocean_header_style":"","ocean_center_header_left_menu":"0","ocean_custom_header_template":"0","ocean_custom_logo":0,"ocean_custom_retina_logo":0,"ocean_custom_logo_max_width":0,"ocean_custom_logo_tablet_max_width":0,"ocean_custom_logo_mobile_max_width":0,"ocean_custom_logo_max_height":0,"ocean_custom_logo_tablet_max_height":0,"ocean_custom_logo_mobile_max_height":0,"ocean_header_custom_menu":"0","ocean_menu_typo_font_family":"0","ocean_menu_typo_font_subset":"","ocean_menu_typo_font_size":0,"ocean_menu_typo_font_size_tablet":0,"ocean_menu_typo_font_size_mobile":0,"ocean_menu_typo_font_size_unit":"px","ocean_menu_typo_font_weight":"","ocean_menu_typo_font_weight_tablet":"","ocean_menu_typo_font_weight_mobile":"","ocean_menu_typo_transform":"","ocean_menu_typo_transform_tablet":"","ocean_menu_typo_transform_mobile":"","ocean_menu_typo_line_height":0,"ocean_menu_typo_line_height_tablet":0,"ocean_menu_typo_line_height_mobile":0,"ocean_menu_typo_line_height_unit":"","ocean_menu_typo_spacing":0,"ocean_menu_typo_spacing_tablet":0,"ocean_menu_typo_spacing_mobile":0,"ocean_menu_typo_spacing_unit":"","ocean_menu_link_color":"","ocean_menu_link_color_hover":"","ocean_menu_link_color_active":"","ocean_menu_link_background":"","ocean_menu_link_hover_background":"","ocean_menu_link_active_background":"","ocean_menu_social_links_bg":"","ocean_menu_social_hover_links_bg":"","ocean_menu_social_links_color":"","ocean_menu_social_hover_links_color":"","ocean_disable_title":"default","ocean_disable_heading":"default","ocean_post_title":"","ocean_post_subheading":"","ocean_post_title_style":"","ocean_post_title_background_color":"","ocean_post_title_background":0,"ocean_post_title_bg_image_position":"","ocean_post_title_bg_image_attachment":"","ocean_post_title_bg_image_repeat":"","ocean_post_title_bg_image_size":"","ocean_post_title_height":0,"ocean_post_title_bg_overlay":0.5,"ocean_post_title_bg_overlay_color":"","ocean_disable_breadcrumbs":"default","ocean_breadcrumbs_color":"","ocean_breadcrumbs_separator_color":"","ocean_breadcrumbs_links_color":"","ocean_breadcrumbs_links_hover_color":"","ocean_display_footer_widgets":"default","ocean_display_footer_bottom":"default","ocean_custom_footer_template":"0"},"product_brand":[],"product_cat":[39],"product_tag":[],"class_list":{"0":"post-28176","1":"product","2":"type-product","3":"status-publish","4":"has-post-thumbnail","6":"product_cat-3bracelets","7":"product_shipping_class-else","9":"entry","10":"has-media","12":"first","13":"instock","14":"sold-individually","15":"purchasable","16":"product-type-simple","17":"col","18":"span_1_of_3","19":"owp-content-center","20":"owp-thumbs-layout-horizontal","21":"owp-btn-normal","22":"owp-tabs-layout-horizontal"},"acf":[],"_links":{"self":[{"href":"https:\/\/monaistudio.lt\/en\/wp-json\/wp\/v2\/product\/28176","targetHints":{"allow":["GET"]}}],"collection":[{"href":"https:\/\/monaistudio.lt\/en\/wp-json\/wp\/v2\/product"}],"about":[{"href":"https:\/\/monaistudio.lt\/en\/wp-json\/wp\/v2\/types\/product"}],"replies":[{"embeddable":true,"href":"https:\/\/monaistudio.lt\/en\/wp-json\/wp\/v2\/comments?post=28176"}],"version-history":[{"count":1,"href":"https:\/\/monaistudio.lt\/en\/wp-json\/wp\/v2\/product\/28176\/revisions"}],"predecessor-version":[{"id":28189,"href":"https:\/\/monaistudio.lt\/en\/wp-json\/wp\/v2\/product\/28176\/revisions\/28189"}],"wp:featuredmedia":[{"embeddable":true,"href":"https:\/\/monaistudio.lt\/en\/wp-json\/wp\/v2\/media\/28182"}],"wp:attachment":[{"href":"https:\/\/monaistudio.lt\/en\/wp-json\/wp\/v2\/media?parent=28176"}],"wp:term":[{"taxonomy":"product_brand","embeddable":true,"href":"https:\/\/monaistudio.lt\/en\/wp-json\/wp\/v2\/product_brand?post=28176"},{"taxonomy":"product_cat","embeddable":true,"href":"https:\/\/monaistudio.lt\/en\/wp-json\/wp\/v2\/product_cat?post=28176"},{"taxonomy":"product_tag","embeddable":true,"href":"https:\/\/monaistudio.lt\/en\/wp-json\/wp\/v2\/product_tag?post=28176"}],"curies":[{"name":"wp","href":"https:\/\/api.w.org\/{rel}","templated":true}]}}