{"id":29798,"date":"2025-10-17T08:00:32","date_gmt":"2025-10-17T08:00:32","guid":{"rendered":"https:\/\/monaistudio.lt\/?post_type=product&#038;p=29798"},"modified":"2025-12-03T16:03:26","modified_gmt":"2025-12-03T16:03:26","slug":"penkiu-magnetu-rinkinys-butybes","status":"publish","type":"product","link":"https:\/\/monaistudio.lt\/en\/product\/penkiu-magnetu-rinkinys-butybes\/","title":{"rendered":"Penki\u0173 magnet\u0173 rinkinys B\u016btyb\u0117s"},"content":{"rendered":"<p>\u0160\u012f rinkin\u012f sudaro penki balti\u0161k\u0173 b\u016btybi\u0173 magnetai i\u0161marginti ra\u0161tais ir simboliais. Rinkinyje yra:<\/p>\n<p>Mon\u0173 \u0160amanas. \u0160io magneto forma \u2013\u00a0 Mon\u0173 \u0161amanas, jau tap\u0119s mylimu persona\u017eu Mon\u0173 pasaulyje. Pirmiausia atvaizdas sukurtas atviruko pie\u0161iniui, v\u0117liau nugul\u0117 ant mar\u0161kin\u0117li\u0173 ir paveiksl\u0173. \u0160\u012fkart \u012fgavo erdvin\u0119 form\u0105 galin\u010dia \u012fne\u0161ti paslaptingo puo\u0161numo j\u016bs\u0173 namams \u2013 tai magnetas \u0160amanas.<\/p>\n<p>Vilkolakis. \u0160io magneto forma &#8211;\u00a0 Vilkolakis. Tai mitin\u0117 b\u016btyb\u0117 tam tikromis s\u0105lygomis i\u0161 \u017emogaus galinti pasiversti \u012f vilk\u0105. Mums ji primena m\u016bs\u0173 laukin\u0119 prigimt\u012f, esan\u010di\u0105 kiekviename i\u0161 m\u016bs\u0173. Ji kvie\u010dia pasiduoti gamtos kvietimui laisvai lakioti mi\u0161kais ir laukais.\u00a0 Magnetas Vilkolakis skirtas namams tam, kad da\u017eniau pajaustume laukian\u010di\u0105 gamt\u0105 ir vis da\u017eniau \u012f j\u0105 i\u0161tr\u016bktume.<\/p>\n<p>Mieganti Lap\u0117. \u0160io magneto forma \u2013\u00a0 Mon\u0173 gerb\u0117j\u0173 labai mylima Mieganti Lap\u0117. Tai jaukus atvaizdas \u2013\u00a0 laukinis susirang\u0119s padar\u0117lis, sapnuojantis mitinius sapnus. I\u0161marginta balti\u0161kais simboliais \u012fne\u0161 namams autenti\u0161kumo, o jaukus atvaizdas kurs nam\u0173 ramyb\u0119.<\/p>\n<p>Lap\u0117s snukutis. \u0160io magneto forma &#8211;\u00a0 gudrus Lap\u0117s snukutis. Lap\u0117 smalsi, i\u0161mintinga, o tuo pa\u010diu \u017eavi savo sta\u010diomis ausel\u0117mis ir smailia nosele. I\u0161marginta etno simboliais ir ra\u0161tais \u012fne\u0161 namams autenti\u0161kumo.<\/p>\n<p>Raitelis. \u0160io magneto forma \u2013\u00a0 Raitelis. Raitelis jau nuo seno esantis lietuvyb\u0117s simbolis, \u010dia atgyja naujai \u2013 balti\u0161kais simboliais ir ra\u0161tais i\u0161margintas lipdinys namuose da\u017enai primins m\u016bs\u0173 prigimt\u012f ir stiprius m\u016bs\u0173 prot\u0117vius.<\/p>\n<p>Magnetai kuriami rankomis naudojant autorines \u012fspaud\u0173 formeles i\u0161 ore stingstan\u010dio nat\u016bralaus molio. V\u0117liau dekoruojami ir lakuojami. Prie nugar\u0117l\u0117s specialiais klijais skirtais keramikai priklijuotas magnetas.<\/p>\n<p>Kadangi magnetai lipdomi ir dekoruojami rankomis vienas nuo kito \u0161iek tiek skiriasi &#8211; gali truputi skirtis forma ir patonavimas.<\/p>","protected":false},"excerpt":{"rendered":"<p>\u0160\u012f rinkin\u012f sudaro penki balti\u0161k\u0173 b\u016btybi\u0173 magnetai i\u0161marginti ra\u0161tais ir simboliais. Rinkinyje yra: Mon\u0173 \u0160amanas. \u0160io magneto forma \u2013\u00a0 Mon\u0173 \u0161amanas, jau tap\u0119s mylimu persona\u017eu Mon\u0173 pasaulyje. Pirmiausia atvaizdas sukurtas atviruko pie\u0161iniui, v\u0117liau nugul\u0117 ant mar\u0161kin\u0117li\u0173 ir paveiksl\u0173. \u0160\u012fkart \u012fgavo erdvin\u0119 form\u0105 galin\u010dia \u012fne\u0161ti paslaptingo puo\u0161numo j\u016bs\u0173 namams \u2013 tai magnetas \u0160amanas. Vilkolakis. \u0160io magneto [&hellip;]<\/p>\n","protected":false},"featured_media":29758,"comment_status":"open","ping_status":"closed","template":"","meta":{"_acf_changed":false,"ocean_post_layout":"","ocean_both_sidebars_style":"","ocean_both_sidebars_content_width":0,"ocean_both_sidebars_sidebars_width":0,"ocean_sidebar":"0","ocean_second_sidebar":"0","ocean_disable_margins":"enable","ocean_add_body_class":"","ocean_shortcode_before_top_bar":"","ocean_shortcode_after_top_bar":"","ocean_shortcode_before_header":"","ocean_shortcode_after_header":"","ocean_has_shortcode":"","ocean_shortcode_after_title":"","ocean_shortcode_before_footer_widgets":"","ocean_shortcode_after_footer_widgets":"","ocean_shortcode_before_footer_bottom":"","ocean_shortcode_after_footer_bottom":"","ocean_display_top_bar":"default","ocean_display_header":"default","ocean_header_style":"","ocean_center_header_left_menu":"0","ocean_custom_header_template":"0","ocean_custom_logo":0,"ocean_custom_retina_logo":0,"ocean_custom_logo_max_width":0,"ocean_custom_logo_tablet_max_width":0,"ocean_custom_logo_mobile_max_width":0,"ocean_custom_logo_max_height":0,"ocean_custom_logo_tablet_max_height":0,"ocean_custom_logo_mobile_max_height":0,"ocean_header_custom_menu":"0","ocean_menu_typo_font_family":"0","ocean_menu_typo_font_subset":"","ocean_menu_typo_font_size":0,"ocean_menu_typo_font_size_tablet":0,"ocean_menu_typo_font_size_mobile":0,"ocean_menu_typo_font_size_unit":"px","ocean_menu_typo_font_weight":"","ocean_menu_typo_font_weight_tablet":"","ocean_menu_typo_font_weight_mobile":"","ocean_menu_typo_transform":"","ocean_menu_typo_transform_tablet":"","ocean_menu_typo_transform_mobile":"","ocean_menu_typo_line_height":0,"ocean_menu_typo_line_height_tablet":0,"ocean_menu_typo_line_height_mobile":0,"ocean_menu_typo_line_height_unit":"","ocean_menu_typo_spacing":0,"ocean_menu_typo_spacing_tablet":0,"ocean_menu_typo_spacing_mobile":0,"ocean_menu_typo_spacing_unit":"","ocean_menu_link_color":"","ocean_menu_link_color_hover":"","ocean_menu_link_color_active":"","ocean_menu_link_background":"","ocean_menu_link_hover_background":"","ocean_menu_link_active_background":"","ocean_menu_social_links_bg":"","ocean_menu_social_hover_links_bg":"","ocean_menu_social_links_color":"","ocean_menu_social_hover_links_color":"","ocean_disable_title":"default","ocean_disable_heading":"default","ocean_post_title":"","ocean_post_subheading":"","ocean_post_title_style":"","ocean_post_title_background_color":"","ocean_post_title_background":0,"ocean_post_title_bg_image_position":"","ocean_post_title_bg_image_attachment":"","ocean_post_title_bg_image_repeat":"","ocean_post_title_bg_image_size":"","ocean_post_title_height":0,"ocean_post_title_bg_overlay":0.5,"ocean_post_title_bg_overlay_color":"","ocean_disable_breadcrumbs":"default","ocean_breadcrumbs_color":"","ocean_breadcrumbs_separator_color":"","ocean_breadcrumbs_links_color":"","ocean_breadcrumbs_links_hover_color":"","ocean_display_footer_widgets":"default","ocean_display_footer_bottom":"default","ocean_custom_footer_template":"0"},"product_brand":[],"product_cat":[99],"product_tag":[],"class_list":{"0":"post-29798","1":"product","2":"type-product","3":"status-publish","4":"has-post-thumbnail","6":"product_cat-6magnets","7":"product_shipping_class-else","9":"entry","10":"has-media","12":"first","13":"outofstock","14":"shipping-taxable","15":"purchasable","16":"product-type-simple","17":"col","18":"span_1_of_3","19":"owp-content-center","20":"owp-thumbs-layout-horizontal","21":"owp-btn-normal","22":"owp-tabs-layout-horizontal"},"acf":[],"_links":{"self":[{"href":"https:\/\/monaistudio.lt\/en\/wp-json\/wp\/v2\/product\/29798","targetHints":{"allow":["GET"]}}],"collection":[{"href":"https:\/\/monaistudio.lt\/en\/wp-json\/wp\/v2\/product"}],"about":[{"href":"https:\/\/monaistudio.lt\/en\/wp-json\/wp\/v2\/types\/product"}],"replies":[{"embeddable":true,"href":"https:\/\/monaistudio.lt\/en\/wp-json\/wp\/v2\/comments?post=29798"}],"version-history":[{"count":2,"href":"https:\/\/monaistudio.lt\/en\/wp-json\/wp\/v2\/product\/29798\/revisions"}],"predecessor-version":[{"id":29800,"href":"https:\/\/monaistudio.lt\/en\/wp-json\/wp\/v2\/product\/29798\/revisions\/29800"}],"wp:featuredmedia":[{"embeddable":true,"href":"https:\/\/monaistudio.lt\/en\/wp-json\/wp\/v2\/media\/29758"}],"wp:attachment":[{"href":"https:\/\/monaistudio.lt\/en\/wp-json\/wp\/v2\/media?parent=29798"}],"wp:term":[{"taxonomy":"product_brand","embeddable":true,"href":"https:\/\/monaistudio.lt\/en\/wp-json\/wp\/v2\/product_brand?post=29798"},{"taxonomy":"product_cat","embeddable":true,"href":"https:\/\/monaistudio.lt\/en\/wp-json\/wp\/v2\/product_cat?post=29798"},{"taxonomy":"product_tag","embeddable":true,"href":"https:\/\/monaistudio.lt\/en\/wp-json\/wp\/v2\/product_tag?post=29798"}],"curies":[{"name":"wp","href":"https:\/\/api.w.org\/{rel}","templated":true}]}}