{"id":31676,"date":"2025-11-18T15:40:46","date_gmt":"2025-11-18T15:40:46","guid":{"rendered":"https:\/\/monaistudio.lt\/?post_type=product&#038;p=31676"},"modified":"2026-03-16T07:23:21","modified_gmt":"2026-03-16T07:23:21","slug":"perkunas","status":"publish","type":"product","link":"https:\/\/monaistudio.lt\/en\/product\/perkunas\/","title":{"rendered":"Perk\u016bnas"},"content":{"rendered":"<p>\u0160io paveiksl\u0117lio id\u0117ja &#8211;\u00a0 \u017eaismingas ir pa\u0161\u0117l\u0119s balt\u0173 dievyb\u0117s Perk\u016bno pavaizdavimas. Pasi\u0161iau\u0161\u0119s nuo v\u0117jo, trypiantis kojomis debesis, griaud\u017eia Dundulis. Debesyse skrajoja Perk\u016bno o\u017eeliai, kol Perk\u016bnas dainuoja mums lietaus sakmes. Tegul dunda dundulis linksmai ir tegul lietus atne\u0161a gyvyb\u0119 ir augina.<\/p>\n<p>\u0160i\u0173 paveiksl\u0117li\u0173 serija sukurta naudojant autorines rank\u0173 darbo formeles. D\u0117l k\u016brimo proceso, kiekvienas paveiksl\u0117lis savitas ir \u0161iek tiek skirtingas. Keramikos detal\u0117 priklijuota ant padekoruotos spygliuo\u010dio lentel\u0117s.<\/p>\n<p>Paveiksl\u0117lio i\u0161matavimai: 20x20cm.<\/p>\n<p>Paveiksl\u0117lio kitoje pus\u0117je prisukta virvel\u0117 patogiam pakabinimui.<\/p>","protected":false},"excerpt":{"rendered":"<p>\u0160io paveiksl\u0117lio id\u0117ja &#8211;\u00a0 \u017eaismingas ir pa\u0161\u0117l\u0119s balt\u0173 dievyb\u0117s Perk\u016bno pavaizdavimas. Pasi\u0161iau\u0161\u0119s nuo v\u0117jo, trypiantis kojomis debesis, griaud\u017eia Dundulis. Debesyse skrajoja Perk\u016bno o\u017eeliai, kol Perk\u016bnas dainuoja mums lietaus sakmes. Tegul dunda dundulis linksmai ir tegul lietus atne\u0161a gyvyb\u0119 ir augina. \u0160i\u0173 paveiksl\u0117li\u0173 serija sukurta naudojant autorines rank\u0173 darbo formeles. D\u0117l k\u016brimo proceso, kiekvienas paveiksl\u0117lis savitas [&hellip;]<\/p>\n","protected":false},"featured_media":31677,"comment_status":"open","ping_status":"closed","template":"","meta":{"_acf_changed":false,"ocean_post_layout":"","ocean_both_sidebars_style":"","ocean_both_sidebars_content_width":0,"ocean_both_sidebars_sidebars_width":0,"ocean_sidebar":"0","ocean_second_sidebar":"0","ocean_disable_margins":"enable","ocean_add_body_class":"","ocean_shortcode_before_top_bar":"","ocean_shortcode_after_top_bar":"","ocean_shortcode_before_header":"","ocean_shortcode_after_header":"","ocean_has_shortcode":"","ocean_shortcode_after_title":"","ocean_shortcode_before_footer_widgets":"","ocean_shortcode_after_footer_widgets":"","ocean_shortcode_before_footer_bottom":"","ocean_shortcode_after_footer_bottom":"","ocean_display_top_bar":"default","ocean_display_header":"default","ocean_header_style":"","ocean_center_header_left_menu":"0","ocean_custom_header_template":"0","ocean_custom_logo":0,"ocean_custom_retina_logo":0,"ocean_custom_logo_max_width":0,"ocean_custom_logo_tablet_max_width":0,"ocean_custom_logo_mobile_max_width":0,"ocean_custom_logo_max_height":0,"ocean_custom_logo_tablet_max_height":0,"ocean_custom_logo_mobile_max_height":0,"ocean_header_custom_menu":"0","ocean_menu_typo_font_family":"0","ocean_menu_typo_font_subset":"","ocean_menu_typo_font_size":0,"ocean_menu_typo_font_size_tablet":0,"ocean_menu_typo_font_size_mobile":0,"ocean_menu_typo_font_size_unit":"px","ocean_menu_typo_font_weight":"","ocean_menu_typo_font_weight_tablet":"","ocean_menu_typo_font_weight_mobile":"","ocean_menu_typo_transform":"","ocean_menu_typo_transform_tablet":"","ocean_menu_typo_transform_mobile":"","ocean_menu_typo_line_height":0,"ocean_menu_typo_line_height_tablet":0,"ocean_menu_typo_line_height_mobile":0,"ocean_menu_typo_line_height_unit":"","ocean_menu_typo_spacing":0,"ocean_menu_typo_spacing_tablet":0,"ocean_menu_typo_spacing_mobile":0,"ocean_menu_typo_spacing_unit":"","ocean_menu_link_color":"","ocean_menu_link_color_hover":"","ocean_menu_link_color_active":"","ocean_menu_link_background":"","ocean_menu_link_hover_background":"","ocean_menu_link_active_background":"","ocean_menu_social_links_bg":"","ocean_menu_social_hover_links_bg":"","ocean_menu_social_links_color":"","ocean_menu_social_hover_links_color":"","ocean_disable_title":"default","ocean_disable_heading":"default","ocean_post_title":"","ocean_post_subheading":"","ocean_post_title_style":"","ocean_post_title_background_color":"","ocean_post_title_background":0,"ocean_post_title_bg_image_position":"","ocean_post_title_bg_image_attachment":"","ocean_post_title_bg_image_repeat":"","ocean_post_title_bg_image_size":"","ocean_post_title_height":0,"ocean_post_title_bg_overlay":0.5,"ocean_post_title_bg_overlay_color":"","ocean_disable_breadcrumbs":"default","ocean_breadcrumbs_color":"","ocean_breadcrumbs_separator_color":"","ocean_breadcrumbs_links_color":"","ocean_breadcrumbs_links_hover_color":"","ocean_display_footer_widgets":"default","ocean_display_footer_bottom":"default","ocean_custom_footer_template":"0"},"product_brand":[],"product_cat":[26],"product_tag":[],"class_list":{"0":"post-31676","1":"product","2":"type-product","3":"status-publish","4":"has-post-thumbnail","6":"product_cat-7paintings","7":"product_shipping_class-else","9":"entry","10":"has-media","12":"first","13":"outofstock","14":"shipping-taxable","15":"purchasable","16":"product-type-simple","17":"col","18":"span_1_of_3","19":"owp-content-center","20":"owp-thumbs-layout-horizontal","21":"owp-btn-normal","22":"owp-tabs-layout-horizontal"},"acf":[],"_links":{"self":[{"href":"https:\/\/monaistudio.lt\/en\/wp-json\/wp\/v2\/product\/31676","targetHints":{"allow":["GET"]}}],"collection":[{"href":"https:\/\/monaistudio.lt\/en\/wp-json\/wp\/v2\/product"}],"about":[{"href":"https:\/\/monaistudio.lt\/en\/wp-json\/wp\/v2\/types\/product"}],"replies":[{"embeddable":true,"href":"https:\/\/monaistudio.lt\/en\/wp-json\/wp\/v2\/comments?post=31676"}],"version-history":[{"count":1,"href":"https:\/\/monaistudio.lt\/en\/wp-json\/wp\/v2\/product\/31676\/revisions"}],"predecessor-version":[{"id":31688,"href":"https:\/\/monaistudio.lt\/en\/wp-json\/wp\/v2\/product\/31676\/revisions\/31688"}],"wp:featuredmedia":[{"embeddable":true,"href":"https:\/\/monaistudio.lt\/en\/wp-json\/wp\/v2\/media\/31677"}],"wp:attachment":[{"href":"https:\/\/monaistudio.lt\/en\/wp-json\/wp\/v2\/media?parent=31676"}],"wp:term":[{"taxonomy":"product_brand","embeddable":true,"href":"https:\/\/monaistudio.lt\/en\/wp-json\/wp\/v2\/product_brand?post=31676"},{"taxonomy":"product_cat","embeddable":true,"href":"https:\/\/monaistudio.lt\/en\/wp-json\/wp\/v2\/product_cat?post=31676"},{"taxonomy":"product_tag","embeddable":true,"href":"https:\/\/monaistudio.lt\/en\/wp-json\/wp\/v2\/product_tag?post=31676"}],"curies":[{"name":"wp","href":"https:\/\/api.w.org\/{rel}","templated":true}]}}