{"id":31719,"date":"2025-12-03T09:30:32","date_gmt":"2025-12-03T09:30:32","guid":{"rendered":"https:\/\/monaistudio.lt\/?post_type=product&#038;p=31719"},"modified":"2026-03-24T10:37:17","modified_gmt":"2026-03-24T10:37:17","slug":"samaniskas-rinkinys-1-segemagnetasatvirukas","status":"publish","type":"product","link":"https:\/\/monaistudio.lt\/en\/product\/samaniskas-rinkinys-1-segemagnetasatvirukas\/","title":{"rendered":"\u0160amani\u0161kas rinkinys 1 (seg\u0117+magnetas+atvirukas)"},"content":{"rendered":"<p>Tai \u0161amani\u0161kas dovan\u0173 rinkinys, kur\u012f sudaro vienoje d\u0117\u017eut\u0117je supakuoti:<\/p>\n<ol>\n<li>Seg\u0117-\u017eenkliukas \u0161amanas<\/li>\n<li>Magnetas \u0160amanas<\/li>\n<li>Atvirukas \u0160amanas<\/li>\n<\/ol>\n<p>S\u0117g\u0117 ir magnetas sukurti naudojant autorines formeles. Kiekvienas k\u016brinys \u0161iek tiek skirtingas d\u0117l rank\u0173 darbo technologijos.<\/p>\n<p>Atvirukui naudojamas autorinis pie\u0161inys, kuris atskenuotas auk\u0161\u010diausia kokybe ir atspaustas spaustuv\u0117je ant 350gsm kreidinio popieriaus.<\/p>\n<p>Atviruko dydis 10x14cm. Tai atvirlai\u0161kio tipo atvirukas.<\/p>","protected":false},"excerpt":{"rendered":"<p>Tai \u0161amani\u0161kas dovan\u0173 rinkinys, kur\u012f sudaro vienoje d\u0117\u017eut\u0117je supakuoti: Seg\u0117-\u017eenkliukas \u0161amanas Magnetas \u0160amanas Atvirukas \u0160amanas S\u0117g\u0117 ir magnetas sukurti naudojant autorines formeles. Kiekvienas k\u016brinys \u0161iek tiek skirtingas d\u0117l rank\u0173 darbo technologijos. Atvirukui naudojamas autorinis pie\u0161inys, kuris atskenuotas auk\u0161\u010diausia kokybe ir atspaustas spaustuv\u0117je ant 350gsm kreidinio popieriaus. Atviruko dydis 10x14cm. Tai atvirlai\u0161kio tipo atvirukas.<\/p>","protected":false},"featured_media":31726,"comment_status":"open","ping_status":"closed","template":"","meta":{"_acf_changed":false,"ocean_post_layout":"","ocean_both_sidebars_style":"","ocean_both_sidebars_content_width":0,"ocean_both_sidebars_sidebars_width":0,"ocean_sidebar":"0","ocean_second_sidebar":"0","ocean_disable_margins":"enable","ocean_add_body_class":"","ocean_shortcode_before_top_bar":"","ocean_shortcode_after_top_bar":"","ocean_shortcode_before_header":"","ocean_shortcode_after_header":"","ocean_has_shortcode":"","ocean_shortcode_after_title":"","ocean_shortcode_before_footer_widgets":"","ocean_shortcode_after_footer_widgets":"","ocean_shortcode_before_footer_bottom":"","ocean_shortcode_after_footer_bottom":"","ocean_display_top_bar":"default","ocean_display_header":"default","ocean_header_style":"","ocean_center_header_left_menu":"0","ocean_custom_header_template":"0","ocean_custom_logo":0,"ocean_custom_retina_logo":0,"ocean_custom_logo_max_width":0,"ocean_custom_logo_tablet_max_width":0,"ocean_custom_logo_mobile_max_width":0,"ocean_custom_logo_max_height":0,"ocean_custom_logo_tablet_max_height":0,"ocean_custom_logo_mobile_max_height":0,"ocean_header_custom_menu":"0","ocean_menu_typo_font_family":"0","ocean_menu_typo_font_subset":"","ocean_menu_typo_font_size":0,"ocean_menu_typo_font_size_tablet":0,"ocean_menu_typo_font_size_mobile":0,"ocean_menu_typo_font_size_unit":"px","ocean_menu_typo_font_weight":"","ocean_menu_typo_font_weight_tablet":"","ocean_menu_typo_font_weight_mobile":"","ocean_menu_typo_transform":"","ocean_menu_typo_transform_tablet":"","ocean_menu_typo_transform_mobile":"","ocean_menu_typo_line_height":0,"ocean_menu_typo_line_height_tablet":0,"ocean_menu_typo_line_height_mobile":0,"ocean_menu_typo_line_height_unit":"","ocean_menu_typo_spacing":0,"ocean_menu_typo_spacing_tablet":0,"ocean_menu_typo_spacing_mobile":0,"ocean_menu_typo_spacing_unit":"","ocean_menu_link_color":"","ocean_menu_link_color_hover":"","ocean_menu_link_color_active":"","ocean_menu_link_background":"","ocean_menu_link_hover_background":"","ocean_menu_link_active_background":"","ocean_menu_social_links_bg":"","ocean_menu_social_hover_links_bg":"","ocean_menu_social_links_color":"","ocean_menu_social_hover_links_color":"","ocean_disable_title":"default","ocean_disable_heading":"default","ocean_post_title":"","ocean_post_subheading":"","ocean_post_title_style":"","ocean_post_title_background_color":"","ocean_post_title_background":0,"ocean_post_title_bg_image_position":"","ocean_post_title_bg_image_attachment":"","ocean_post_title_bg_image_repeat":"","ocean_post_title_bg_image_size":"","ocean_post_title_height":0,"ocean_post_title_bg_overlay":0.5,"ocean_post_title_bg_overlay_color":"","ocean_disable_breadcrumbs":"default","ocean_breadcrumbs_color":"","ocean_breadcrumbs_separator_color":"","ocean_breadcrumbs_links_color":"","ocean_breadcrumbs_links_hover_color":"","ocean_display_footer_widgets":"default","ocean_display_footer_bottom":"default","ocean_custom_footer_template":"0"},"product_brand":[],"product_cat":[122],"product_tag":[],"class_list":{"0":"post-31719","1":"product","2":"type-product","3":"status-publish","4":"has-post-thumbnail","6":"product_cat-dovanurinkiniai","7":"product_shipping_class-else","9":"entry","10":"has-media","12":"first","13":"instock","14":"shipping-taxable","15":"purchasable","16":"product-type-simple","17":"col","18":"span_1_of_3","19":"owp-content-center","20":"owp-thumbs-layout-horizontal","21":"owp-btn-normal","22":"owp-tabs-layout-horizontal"},"acf":[],"_links":{"self":[{"href":"https:\/\/monaistudio.lt\/en\/wp-json\/wp\/v2\/product\/31719","targetHints":{"allow":["GET"]}}],"collection":[{"href":"https:\/\/monaistudio.lt\/en\/wp-json\/wp\/v2\/product"}],"about":[{"href":"https:\/\/monaistudio.lt\/en\/wp-json\/wp\/v2\/types\/product"}],"replies":[{"embeddable":true,"href":"https:\/\/monaistudio.lt\/en\/wp-json\/wp\/v2\/comments?post=31719"}],"version-history":[{"count":1,"href":"https:\/\/monaistudio.lt\/en\/wp-json\/wp\/v2\/product\/31719\/revisions"}],"predecessor-version":[{"id":31791,"href":"https:\/\/monaistudio.lt\/en\/wp-json\/wp\/v2\/product\/31719\/revisions\/31791"}],"wp:featuredmedia":[{"embeddable":true,"href":"https:\/\/monaistudio.lt\/en\/wp-json\/wp\/v2\/media\/31726"}],"wp:attachment":[{"href":"https:\/\/monaistudio.lt\/en\/wp-json\/wp\/v2\/media?parent=31719"}],"wp:term":[{"taxonomy":"product_brand","embeddable":true,"href":"https:\/\/monaistudio.lt\/en\/wp-json\/wp\/v2\/product_brand?post=31719"},{"taxonomy":"product_cat","embeddable":true,"href":"https:\/\/monaistudio.lt\/en\/wp-json\/wp\/v2\/product_cat?post=31719"},{"taxonomy":"product_tag","embeddable":true,"href":"https:\/\/monaistudio.lt\/en\/wp-json\/wp\/v2\/product_tag?post=31719"}],"curies":[{"name":"wp","href":"https:\/\/api.w.org\/{rel}","templated":true}]}}