{"id":32159,"date":"2026-01-28T13:23:01","date_gmt":"2026-01-28T13:23:01","guid":{"rendered":"https:\/\/monaistudio.lt\/?post_type=product&#038;p=32159"},"modified":"2026-02-24T18:13:05","modified_gmt":"2026-02-24T18:13:05","slug":"dzemperis-raudonojo-molio-zverynas-tik-isankstinis-uzsakymas","status":"publish","type":"product","link":"https:\/\/monaistudio.lt\/en\/product\/dzemperis-raudonojo-molio-zverynas-tik-isankstinis-uzsakymas\/","title":{"rendered":"D\u017eemperis Raudonojo molio \u017ev\u0117rynas (Tik i\u0161ankstinis u\u017esakymas)"},"content":{"rendered":"<p>\u0160i tekstil\u0117s dekoro kolekcija gim\u0117 i\u0161 senos meil\u0117s terracotta(raudonojo molio) spalvai ir naujos meil\u0117s &#8211; lino rai\u017einio spaudai. D\u017eemper\u012f dekoruoju savo rankomis sukurtais lino rai\u017einio antspaudais.\u00a0 Pie\u0161inys gimsta pama\u017eu kaip mozaika sukurtus \u017ev\u0117reli\u0173 ir gamtos motyv\u0173 spaudus d\u0117liojant ir komponuojant. Kiekviena formel\u0117 atspaud\u017eiama atskirai, tod\u0117l kiekvienas d\u017eemperis visuomet vos kitoks, jau\u010diamas rank\u0173 prisilietimas.<\/p>\n<p>Gaminu tik i\u0161ankstiniu u\u017esakymu. U\u017esakymus renku kas m\u0117nes\u012f, m\u0117nesio pirm\u0105 savait\u0119 u\u017esakau i\u0161 tiek\u0117jo d\u017eemperius, o jiems atkeliavus dekoruoju ir ruo\u0161iu siuntimui.<\/p>\n<p><span style=\"color: #993300;\"><strong>U\u017esisakius iki vasario 28 d. d\u017eemperis bus paruo\u0161tas i\u0161si\u0173sti iki kovo 31 d.<\/strong><\/span><\/p>\n<p>Unisex<\/p>\n<p>100% medviln\u0117 (80% organin\u0117 medviln\u0117, 20% perdirbta medviln\u0117)<\/p>\n<p>350gsm<\/p>\n<p>Viduje mink\u0161tos med\u017eiagos<\/p>\n<p>Skalbti 30 laipsni\u0173 temperat\u016broje, i\u0161verst\u0105 vidine puse \u012f i\u0161or\u0119. Nelyginti per pie\u0161in\u012f.<\/p>\n<p>I\u0161matavimai lentel\u0117je<\/p>\n<p>Spalva \u2013 raudono molio<\/p>","protected":false},"excerpt":{"rendered":"<p>\u0160i tekstil\u0117s dekoro kolekcija gim\u0117 i\u0161 senos meil\u0117s terracotta(raudonojo molio) spalvai ir naujos meil\u0117s &#8211; lino rai\u017einio spaudai. D\u017eemper\u012f dekoruoju savo rankomis sukurtais lino rai\u017einio antspaudais.\u00a0 Pie\u0161inys gimsta pama\u017eu kaip mozaika sukurtus \u017ev\u0117reli\u0173 ir gamtos motyv\u0173 spaudus d\u0117liojant ir komponuojant. Kiekviena formel\u0117 atspaud\u017eiama atskirai, tod\u0117l kiekvienas d\u017eemperis visuomet vos kitoks, jau\u010diamas rank\u0173 prisilietimas. Gaminu tik [&hellip;]<\/p>\n","protected":false},"featured_media":32025,"comment_status":"open","ping_status":"closed","template":"","meta":{"_acf_changed":false,"ocean_post_layout":"","ocean_both_sidebars_style":"","ocean_both_sidebars_content_width":0,"ocean_both_sidebars_sidebars_width":0,"ocean_sidebar":"0","ocean_second_sidebar":"0","ocean_disable_margins":"enable","ocean_add_body_class":"","ocean_shortcode_before_top_bar":"","ocean_shortcode_after_top_bar":"","ocean_shortcode_before_header":"","ocean_shortcode_after_header":"","ocean_has_shortcode":"","ocean_shortcode_after_title":"","ocean_shortcode_before_footer_widgets":"","ocean_shortcode_after_footer_widgets":"","ocean_shortcode_before_footer_bottom":"","ocean_shortcode_after_footer_bottom":"","ocean_display_top_bar":"default","ocean_display_header":"default","ocean_header_style":"","ocean_center_header_left_menu":"0","ocean_custom_header_template":"0","ocean_custom_logo":0,"ocean_custom_retina_logo":0,"ocean_custom_logo_max_width":0,"ocean_custom_logo_tablet_max_width":0,"ocean_custom_logo_mobile_max_width":0,"ocean_custom_logo_max_height":0,"ocean_custom_logo_tablet_max_height":0,"ocean_custom_logo_mobile_max_height":0,"ocean_header_custom_menu":"0","ocean_menu_typo_font_family":"0","ocean_menu_typo_font_subset":"","ocean_menu_typo_font_size":0,"ocean_menu_typo_font_size_tablet":0,"ocean_menu_typo_font_size_mobile":0,"ocean_menu_typo_font_size_unit":"px","ocean_menu_typo_font_weight":"","ocean_menu_typo_font_weight_tablet":"","ocean_menu_typo_font_weight_mobile":"","ocean_menu_typo_transform":"","ocean_menu_typo_transform_tablet":"","ocean_menu_typo_transform_mobile":"","ocean_menu_typo_line_height":0,"ocean_menu_typo_line_height_tablet":0,"ocean_menu_typo_line_height_mobile":0,"ocean_menu_typo_line_height_unit":"","ocean_menu_typo_spacing":0,"ocean_menu_typo_spacing_tablet":0,"ocean_menu_typo_spacing_mobile":0,"ocean_menu_typo_spacing_unit":"","ocean_menu_link_color":"","ocean_menu_link_color_hover":"","ocean_menu_link_color_active":"","ocean_menu_link_background":"","ocean_menu_link_hover_background":"","ocean_menu_link_active_background":"","ocean_menu_social_links_bg":"","ocean_menu_social_hover_links_bg":"","ocean_menu_social_links_color":"","ocean_menu_social_hover_links_color":"","ocean_disable_title":"default","ocean_disable_heading":"default","ocean_post_title":"","ocean_post_subheading":"","ocean_post_title_style":"","ocean_post_title_background_color":"","ocean_post_title_background":0,"ocean_post_title_bg_image_position":"","ocean_post_title_bg_image_attachment":"","ocean_post_title_bg_image_repeat":"","ocean_post_title_bg_image_size":"","ocean_post_title_height":0,"ocean_post_title_bg_overlay":0.5,"ocean_post_title_bg_overlay_color":"","ocean_disable_breadcrumbs":"default","ocean_breadcrumbs_color":"","ocean_breadcrumbs_separator_color":"","ocean_breadcrumbs_links_color":"","ocean_breadcrumbs_links_hover_color":"","ocean_display_footer_widgets":"default","ocean_display_footer_bottom":"default","ocean_custom_footer_template":"0"},"product_brand":[],"product_cat":[92],"product_tag":[138],"class_list":{"0":"post-32159","1":"product","2":"type-product","3":"status-publish","4":"has-post-thumbnail","6":"product_cat-8t-shirts","7":"product_tag-preorder","8":"product_shipping_class-else","10":"entry","11":"has-media","13":"first","14":"onbackorder","15":"shipping-taxable","16":"purchasable","17":"product-type-variable","18":"col","19":"span_1_of_3","20":"owp-content-center","21":"owp-thumbs-layout-horizontal","22":"owp-btn-normal","23":"owp-tabs-layout-horizontal"},"acf":[],"_links":{"self":[{"href":"https:\/\/monaistudio.lt\/en\/wp-json\/wp\/v2\/product\/32159","targetHints":{"allow":["GET"]}}],"collection":[{"href":"https:\/\/monaistudio.lt\/en\/wp-json\/wp\/v2\/product"}],"about":[{"href":"https:\/\/monaistudio.lt\/en\/wp-json\/wp\/v2\/types\/product"}],"replies":[{"embeddable":true,"href":"https:\/\/monaistudio.lt\/en\/wp-json\/wp\/v2\/comments?post=32159"}],"version-history":[{"count":6,"href":"https:\/\/monaistudio.lt\/en\/wp-json\/wp\/v2\/product\/32159\/revisions"}],"predecessor-version":[{"id":32242,"href":"https:\/\/monaistudio.lt\/en\/wp-json\/wp\/v2\/product\/32159\/revisions\/32242"}],"wp:featuredmedia":[{"embeddable":true,"href":"https:\/\/monaistudio.lt\/en\/wp-json\/wp\/v2\/media\/32025"}],"wp:attachment":[{"href":"https:\/\/monaistudio.lt\/en\/wp-json\/wp\/v2\/media?parent=32159"}],"wp:term":[{"taxonomy":"product_brand","embeddable":true,"href":"https:\/\/monaistudio.lt\/en\/wp-json\/wp\/v2\/product_brand?post=32159"},{"taxonomy":"product_cat","embeddable":true,"href":"https:\/\/monaistudio.lt\/en\/wp-json\/wp\/v2\/product_cat?post=32159"},{"taxonomy":"product_tag","embeddable":true,"href":"https:\/\/monaistudio.lt\/en\/wp-json\/wp\/v2\/product_tag?post=32159"}],"curies":[{"name":"wp","href":"https:\/\/api.w.org\/{rel}","templated":true}]}}