{"id":33381,"date":"2026-03-28T12:50:52","date_gmt":"2026-03-28T12:50:52","guid":{"rendered":"https:\/\/monaistudio.lt\/product\/bruknyno\/"},"modified":"2026-03-28T13:27:18","modified_gmt":"2026-03-28T13:27:18","slug":"bruknyno","status":"publish","type":"product","link":"https:\/\/monaistudio.lt\/en\/product\/bruknyno\/","title":{"rendered":"Bruknyno"},"content":{"rendered":"<p>Papuo\u0161alai pagaminti i\u0161 keramikos. I\u0161 molio nulipdytos formos i\u0161degamos 1000 laipsni\u0173 temperat\u016broje, tada i\u0161pai\u0161omos rankomis, padengiamos bespalve glaz\u016bra ir i\u0161degamos antr\u0105kart. Metalin\u0117 \u017eenkliuko adat\u0117l\u0117 pagaminta i\u0161 ner\u016bdijan\u010dio plieno, kitoje pus\u0117je u\u017espaud\u017eiama tvirta kietos gumos detale.<\/p>\n<p>You will receive your order in a carton gift box.<\/p>","protected":false},"excerpt":{"rendered":"<p>Papuo\u0161alai pagaminti i\u0161 keramikos. I\u0161 molio nulipdytos formos i\u0161degamos 1000 laipsni\u0173 temperat\u016broje, tada i\u0161pai\u0161omos rankomis, padengiamos bespalve glaz\u016bra ir i\u0161degamos antr\u0105kart. Metalin\u0117 \u017eenkliuko adat\u0117l\u0117 pagaminta i\u0161 ner\u016bdijan\u010dio plieno, kitoje pus\u0117je u\u017espaud\u017eiama tvirta kietos gumos detale. Visi papuo\u0161alai pristatomi kartonin\u0117je d\u0117\u017eut\u0117je su m\u016bs\u0173 logotipu, atsakingai supakuoti rudo popieriaus dro\u017el\u0117se.<\/p>","protected":false},"featured_media":33310,"comment_status":"closed","ping_status":"closed","template":"","meta":{"_acf_changed":false,"ocean_post_layout":"","ocean_both_sidebars_style":"","ocean_both_sidebars_content_width":0,"ocean_both_sidebars_sidebars_width":0,"ocean_sidebar":"0","ocean_second_sidebar":"0","ocean_disable_margins":"enable","ocean_add_body_class":"","ocean_shortcode_before_top_bar":"","ocean_shortcode_after_top_bar":"","ocean_shortcode_before_header":"","ocean_shortcode_after_header":"","ocean_has_shortcode":"","ocean_shortcode_after_title":"","ocean_shortcode_before_footer_widgets":"","ocean_shortcode_after_footer_widgets":"","ocean_shortcode_before_footer_bottom":"","ocean_shortcode_after_footer_bottom":"","ocean_display_top_bar":"default","ocean_display_header":"default","ocean_header_style":"","ocean_center_header_left_menu":"0","ocean_custom_header_template":"0","ocean_custom_logo":0,"ocean_custom_retina_logo":0,"ocean_custom_logo_max_width":0,"ocean_custom_logo_tablet_max_width":0,"ocean_custom_logo_mobile_max_width":0,"ocean_custom_logo_max_height":0,"ocean_custom_logo_tablet_max_height":0,"ocean_custom_logo_mobile_max_height":0,"ocean_header_custom_menu":"0","ocean_menu_typo_font_family":"0","ocean_menu_typo_font_subset":"","ocean_menu_typo_font_size":0,"ocean_menu_typo_font_size_tablet":0,"ocean_menu_typo_font_size_mobile":0,"ocean_menu_typo_font_size_unit":"px","ocean_menu_typo_font_weight":"","ocean_menu_typo_font_weight_tablet":"","ocean_menu_typo_font_weight_mobile":"","ocean_menu_typo_transform":"","ocean_menu_typo_transform_tablet":"","ocean_menu_typo_transform_mobile":"","ocean_menu_typo_line_height":0,"ocean_menu_typo_line_height_tablet":0,"ocean_menu_typo_line_height_mobile":0,"ocean_menu_typo_line_height_unit":"","ocean_menu_typo_spacing":0,"ocean_menu_typo_spacing_tablet":0,"ocean_menu_typo_spacing_mobile":0,"ocean_menu_typo_spacing_unit":"","ocean_menu_link_color":"","ocean_menu_link_color_hover":"","ocean_menu_link_color_active":"","ocean_menu_link_background":"","ocean_menu_link_hover_background":"","ocean_menu_link_active_background":"","ocean_menu_social_links_bg":"","ocean_menu_social_hover_links_bg":"","ocean_menu_social_links_color":"","ocean_menu_social_hover_links_color":"","ocean_disable_title":"default","ocean_disable_heading":"default","ocean_post_title":"","ocean_post_subheading":"","ocean_post_title_style":"","ocean_post_title_background_color":"","ocean_post_title_background":0,"ocean_post_title_bg_image_position":"","ocean_post_title_bg_image_attachment":"","ocean_post_title_bg_image_repeat":"","ocean_post_title_bg_image_size":"","ocean_post_title_height":0,"ocean_post_title_bg_overlay":0.5,"ocean_post_title_bg_overlay_color":"","ocean_disable_breadcrumbs":"default","ocean_breadcrumbs_color":"","ocean_breadcrumbs_separator_color":"","ocean_breadcrumbs_links_color":"","ocean_breadcrumbs_links_hover_color":"","ocean_display_footer_widgets":"default","ocean_display_footer_bottom":"default","ocean_custom_footer_template":"0"},"product_brand":[],"product_cat":[25],"product_tag":[],"class_list":{"0":"post-33381","1":"product","2":"type-product","3":"status-publish","4":"has-post-thumbnail","6":"product_cat-4pins","7":"product_shipping_class-else","9":"entry","10":"has-media","12":"first","13":"instock","14":"sold-individually","15":"purchasable","16":"product-type-simple","17":"col","18":"span_1_of_3","19":"owp-content-center","20":"owp-thumbs-layout-horizontal","21":"owp-btn-normal","22":"owp-tabs-layout-horizontal"},"acf":[],"_links":{"self":[{"href":"https:\/\/monaistudio.lt\/en\/wp-json\/wp\/v2\/product\/33381","targetHints":{"allow":["GET"]}}],"collection":[{"href":"https:\/\/monaistudio.lt\/en\/wp-json\/wp\/v2\/product"}],"about":[{"href":"https:\/\/monaistudio.lt\/en\/wp-json\/wp\/v2\/types\/product"}],"replies":[{"embeddable":true,"href":"https:\/\/monaistudio.lt\/en\/wp-json\/wp\/v2\/comments?post=33381"}],"version-history":[{"count":1,"href":"https:\/\/monaistudio.lt\/en\/wp-json\/wp\/v2\/product\/33381\/revisions"}],"predecessor-version":[{"id":33454,"href":"https:\/\/monaistudio.lt\/en\/wp-json\/wp\/v2\/product\/33381\/revisions\/33454"}],"wp:featuredmedia":[{"embeddable":true,"href":"https:\/\/monaistudio.lt\/en\/wp-json\/wp\/v2\/media\/33310"}],"wp:attachment":[{"href":"https:\/\/monaistudio.lt\/en\/wp-json\/wp\/v2\/media?parent=33381"}],"wp:term":[{"taxonomy":"product_brand","embeddable":true,"href":"https:\/\/monaistudio.lt\/en\/wp-json\/wp\/v2\/product_brand?post=33381"},{"taxonomy":"product_cat","embeddable":true,"href":"https:\/\/monaistudio.lt\/en\/wp-json\/wp\/v2\/product_cat?post=33381"},{"taxonomy":"product_tag","embeddable":true,"href":"https:\/\/monaistudio.lt\/en\/wp-json\/wp\/v2\/product_tag?post=33381"}],"curies":[{"name":"wp","href":"https:\/\/api.w.org\/{rel}","templated":true}]}}