{"id":33951,"date":"2026-03-31T09:58:52","date_gmt":"2026-03-31T09:58:52","guid":{"rendered":"https:\/\/monaistudio.lt\/?post_type=product&#038;p=33951"},"modified":"2026-03-31T10:00:06","modified_gmt":"2026-03-31T10:00:06","slug":"lekstele-saulute","status":"publish","type":"product","link":"https:\/\/monaistudio.lt\/en\/product\/lekstele-saulute\/","title":{"rendered":"L\u0117k\u0161tel\u0117 Saulut\u0117"},"content":{"rendered":"<p>\u0160is indas lipdytas rankomis i\u0161 raudono molio. Tuomet i\u0161degtas pirm\u0105j\u012f kart\u0105 keramikos krosnyje, i\u0161pie\u0161tas poglaz\u016briniais da\u017eais, nuglaz\u016bruotas indelio vidus ir antr\u0105 kart\u0105 i\u0161degtas krosnyje. Dekoravimui naudota juodafig\u016br\u0117s keramikos technika, \u017einoma nuo seno, kai nat\u016bralaus raudono molio fone juodais da\u017eais i\u0161pie\u0161iamos fig\u016bros ir jos padekoruojamos i\u0161rai\u017eant pie\u0161inius r\u0117\u017etuku. Indo i\u0161or\u0117 neglaz\u016bruota, nat\u016bralaus molio, nerekomenduojama plauti indaplov\u0117je.<\/p>\n<p>L\u0117k\u0161tel\u0117s i\u0161matavimai: Vir\u0161aus plotis &#8211; 9cm, auk\u0161tis\u00a0 &#8211; 3,4cm.<\/p>\n<p>&nbsp;<\/p>","protected":false},"excerpt":{"rendered":"<p>\u0160is indas lipdytas rankomis i\u0161 raudono molio. Tuomet i\u0161degtas pirm\u0105j\u012f kart\u0105 keramikos krosnyje, i\u0161pie\u0161tas poglaz\u016briniais da\u017eais, nuglaz\u016bruotas indelio vidus ir antr\u0105 kart\u0105 i\u0161degtas krosnyje. Dekoravimui naudota juodafig\u016br\u0117s keramikos technika, \u017einoma nuo seno, kai nat\u016bralaus raudono molio fone juodais da\u017eais i\u0161pie\u0161iamos fig\u016bros ir jos padekoruojamos i\u0161rai\u017eant pie\u0161inius r\u0117\u017etuku. Indo i\u0161or\u0117 neglaz\u016bruota, nat\u016bralaus molio, nerekomenduojama plauti indaplov\u0117je. [&hellip;]<\/p>\n","protected":false},"featured_media":33794,"comment_status":"open","ping_status":"closed","template":"","meta":{"_acf_changed":false,"ocean_post_layout":"","ocean_both_sidebars_style":"","ocean_both_sidebars_content_width":0,"ocean_both_sidebars_sidebars_width":0,"ocean_sidebar":"0","ocean_second_sidebar":"0","ocean_disable_margins":"enable","ocean_add_body_class":"","ocean_shortcode_before_top_bar":"","ocean_shortcode_after_top_bar":"","ocean_shortcode_before_header":"","ocean_shortcode_after_header":"","ocean_has_shortcode":"","ocean_shortcode_after_title":"","ocean_shortcode_before_footer_widgets":"","ocean_shortcode_after_footer_widgets":"","ocean_shortcode_before_footer_bottom":"","ocean_shortcode_after_footer_bottom":"","ocean_display_top_bar":"default","ocean_display_header":"default","ocean_header_style":"","ocean_center_header_left_menu":"0","ocean_custom_header_template":"0","ocean_custom_logo":0,"ocean_custom_retina_logo":0,"ocean_custom_logo_max_width":0,"ocean_custom_logo_tablet_max_width":0,"ocean_custom_logo_mobile_max_width":0,"ocean_custom_logo_max_height":0,"ocean_custom_logo_tablet_max_height":0,"ocean_custom_logo_mobile_max_height":0,"ocean_header_custom_menu":"0","ocean_menu_typo_font_family":"0","ocean_menu_typo_font_subset":"","ocean_menu_typo_font_size":0,"ocean_menu_typo_font_size_tablet":0,"ocean_menu_typo_font_size_mobile":0,"ocean_menu_typo_font_size_unit":"px","ocean_menu_typo_font_weight":"","ocean_menu_typo_font_weight_tablet":"","ocean_menu_typo_font_weight_mobile":"","ocean_menu_typo_transform":"","ocean_menu_typo_transform_tablet":"","ocean_menu_typo_transform_mobile":"","ocean_menu_typo_line_height":0,"ocean_menu_typo_line_height_tablet":0,"ocean_menu_typo_line_height_mobile":0,"ocean_menu_typo_line_height_unit":"","ocean_menu_typo_spacing":0,"ocean_menu_typo_spacing_tablet":0,"ocean_menu_typo_spacing_mobile":0,"ocean_menu_typo_spacing_unit":"","ocean_menu_link_color":"","ocean_menu_link_color_hover":"","ocean_menu_link_color_active":"","ocean_menu_link_background":"","ocean_menu_link_hover_background":"","ocean_menu_link_active_background":"","ocean_menu_social_links_bg":"","ocean_menu_social_hover_links_bg":"","ocean_menu_social_links_color":"","ocean_menu_social_hover_links_color":"","ocean_disable_title":"default","ocean_disable_heading":"default","ocean_post_title":"","ocean_post_subheading":"","ocean_post_title_style":"","ocean_post_title_background_color":"","ocean_post_title_background":0,"ocean_post_title_bg_image_position":"","ocean_post_title_bg_image_attachment":"","ocean_post_title_bg_image_repeat":"","ocean_post_title_bg_image_size":"","ocean_post_title_height":0,"ocean_post_title_bg_overlay":0.5,"ocean_post_title_bg_overlay_color":"","ocean_disable_breadcrumbs":"default","ocean_breadcrumbs_color":"","ocean_breadcrumbs_separator_color":"","ocean_breadcrumbs_links_color":"","ocean_breadcrumbs_links_hover_color":"","ocean_display_footer_widgets":"default","ocean_display_footer_bottom":"default","ocean_custom_footer_template":"0"},"product_brand":[],"product_cat":[98],"product_tag":[],"class_list":{"0":"post-33951","1":"product","2":"type-product","3":"status-publish","4":"has-post-thumbnail","6":"product_cat-9home","7":"product_shipping_class-else","9":"entry","10":"has-media","12":"first","13":"instock","14":"shipping-taxable","15":"purchasable","16":"product-type-simple","17":"col","18":"span_1_of_3","19":"owp-content-center","20":"owp-thumbs-layout-horizontal","21":"owp-btn-normal","22":"owp-tabs-layout-horizontal"},"acf":[],"_links":{"self":[{"href":"https:\/\/monaistudio.lt\/en\/wp-json\/wp\/v2\/product\/33951","targetHints":{"allow":["GET"]}}],"collection":[{"href":"https:\/\/monaistudio.lt\/en\/wp-json\/wp\/v2\/product"}],"about":[{"href":"https:\/\/monaistudio.lt\/en\/wp-json\/wp\/v2\/types\/product"}],"replies":[{"embeddable":true,"href":"https:\/\/monaistudio.lt\/en\/wp-json\/wp\/v2\/comments?post=33951"}],"version-history":[{"count":1,"href":"https:\/\/monaistudio.lt\/en\/wp-json\/wp\/v2\/product\/33951\/revisions"}],"predecessor-version":[{"id":33952,"href":"https:\/\/monaistudio.lt\/en\/wp-json\/wp\/v2\/product\/33951\/revisions\/33952"}],"wp:featuredmedia":[{"embeddable":true,"href":"https:\/\/monaistudio.lt\/en\/wp-json\/wp\/v2\/media\/33794"}],"wp:attachment":[{"href":"https:\/\/monaistudio.lt\/en\/wp-json\/wp\/v2\/media?parent=33951"}],"wp:term":[{"taxonomy":"product_brand","embeddable":true,"href":"https:\/\/monaistudio.lt\/en\/wp-json\/wp\/v2\/product_brand?post=33951"},{"taxonomy":"product_cat","embeddable":true,"href":"https:\/\/monaistudio.lt\/en\/wp-json\/wp\/v2\/product_cat?post=33951"},{"taxonomy":"product_tag","embeddable":true,"href":"https:\/\/monaistudio.lt\/en\/wp-json\/wp\/v2\/product_tag?post=33951"}],"curies":[{"name":"wp","href":"https:\/\/api.w.org\/{rel}","templated":true}]}}