{"id":34163,"date":"2026-03-31T12:50:47","date_gmt":"2026-03-31T12:50:47","guid":{"rendered":"https:\/\/monaistudio.lt\/?post_type=product&#038;p=34163"},"modified":"2026-03-31T12:51:41","modified_gmt":"2026-03-31T12:51:41","slug":"didzioji-mieganti-ruda-lape","status":"publish","type":"product","link":"https:\/\/monaistudio.lt\/en\/product\/didzioji-mieganti-ruda-lape\/","title":{"rendered":"Did\u017eioji mieganti ruda lap\u0117"},"content":{"rendered":"<p>\u0160ie Mon\u0173 kabu\u010diai gaminami naudojant autorines formeles.<\/p>\n<p>Galima u\u017esakyti didesn\u012f kiek\u012f susisiekus.<\/p>\n<p>Papuo\u0161alai pagaminti i\u0161 keramikos. I\u0161 rudo molio nulipdytos formos i\u0161degamos 1000 laipsni\u0173 temperat\u016broje, tada tonuojamos rankomis.<\/p>\n<p>Visi papuo\u0161alai pristatomi kartonin\u0117je d\u0117\u017eut\u0117je su m\u016bs\u0173 logotipu, atsakingai supakuoti popieriaus dro\u017el\u0117se.<\/p>","protected":false},"excerpt":{"rendered":"<p>\u0160ie Mon\u0173 kabu\u010diai gaminami naudojant autorines formeles. Galima u\u017esakyti didesn\u012f kiek\u012f susisiekus. Papuo\u0161alai pagaminti i\u0161 keramikos. I\u0161 rudo molio nulipdytos formos i\u0161degamos 1000 laipsni\u0173 temperat\u016broje, tada tonuojamos rankomis. Visi papuo\u0161alai pristatomi kartonin\u0117je d\u0117\u017eut\u0117je su m\u016bs\u0173 logotipu, atsakingai supakuoti popieriaus dro\u017el\u0117se.<\/p>","protected":false},"featured_media":34076,"comment_status":"closed","ping_status":"closed","template":"","meta":{"_acf_changed":false,"ocean_post_layout":"","ocean_both_sidebars_style":"","ocean_both_sidebars_content_width":0,"ocean_both_sidebars_sidebars_width":0,"ocean_sidebar":"0","ocean_second_sidebar":"0","ocean_disable_margins":"enable","ocean_add_body_class":"","ocean_shortcode_before_top_bar":"","ocean_shortcode_after_top_bar":"","ocean_shortcode_before_header":"","ocean_shortcode_after_header":"","ocean_has_shortcode":"","ocean_shortcode_after_title":"","ocean_shortcode_before_footer_widgets":"","ocean_shortcode_after_footer_widgets":"","ocean_shortcode_before_footer_bottom":"","ocean_shortcode_after_footer_bottom":"","ocean_display_top_bar":"default","ocean_display_header":"default","ocean_header_style":"","ocean_center_header_left_menu":"0","ocean_custom_header_template":"0","ocean_custom_logo":0,"ocean_custom_retina_logo":0,"ocean_custom_logo_max_width":0,"ocean_custom_logo_tablet_max_width":0,"ocean_custom_logo_mobile_max_width":0,"ocean_custom_logo_max_height":0,"ocean_custom_logo_tablet_max_height":0,"ocean_custom_logo_mobile_max_height":0,"ocean_header_custom_menu":"0","ocean_menu_typo_font_family":"0","ocean_menu_typo_font_subset":"","ocean_menu_typo_font_size":0,"ocean_menu_typo_font_size_tablet":0,"ocean_menu_typo_font_size_mobile":0,"ocean_menu_typo_font_size_unit":"px","ocean_menu_typo_font_weight":"","ocean_menu_typo_font_weight_tablet":"","ocean_menu_typo_font_weight_mobile":"","ocean_menu_typo_transform":"","ocean_menu_typo_transform_tablet":"","ocean_menu_typo_transform_mobile":"","ocean_menu_typo_line_height":0,"ocean_menu_typo_line_height_tablet":0,"ocean_menu_typo_line_height_mobile":0,"ocean_menu_typo_line_height_unit":"","ocean_menu_typo_spacing":0,"ocean_menu_typo_spacing_tablet":0,"ocean_menu_typo_spacing_mobile":0,"ocean_menu_typo_spacing_unit":"","ocean_menu_link_color":"","ocean_menu_link_color_hover":"","ocean_menu_link_color_active":"","ocean_menu_link_background":"","ocean_menu_link_hover_background":"","ocean_menu_link_active_background":"","ocean_menu_social_links_bg":"","ocean_menu_social_hover_links_bg":"","ocean_menu_social_links_color":"","ocean_menu_social_hover_links_color":"","ocean_disable_title":"default","ocean_disable_heading":"default","ocean_post_title":"","ocean_post_subheading":"","ocean_post_title_style":"","ocean_post_title_background_color":"","ocean_post_title_background":0,"ocean_post_title_bg_image_position":"","ocean_post_title_bg_image_attachment":"","ocean_post_title_bg_image_repeat":"","ocean_post_title_bg_image_size":"","ocean_post_title_height":0,"ocean_post_title_bg_overlay":0.5,"ocean_post_title_bg_overlay_color":"","ocean_disable_breadcrumbs":"default","ocean_breadcrumbs_color":"","ocean_breadcrumbs_separator_color":"","ocean_breadcrumbs_links_color":"","ocean_breadcrumbs_links_hover_color":"","ocean_display_footer_widgets":"default","ocean_display_footer_bottom":"default","ocean_custom_footer_template":"0"},"product_brand":[],"product_cat":[77,103,20,121],"product_tag":[],"class_list":{"0":"post-34163","1":"product","2":"type-product","3":"status-publish","4":"has-post-thumbnail","6":"product_cat-animals","7":"product_cat-tinynecklaces","8":"product_cat-1necklaces","9":"product_cat-1re_pakabukai","10":"product_shipping_class-else","12":"entry","13":"has-media","15":"first","16":"instock","17":"sold-individually","18":"purchasable","19":"product-type-simple","20":"col","21":"span_1_of_3","22":"owp-content-center","23":"owp-thumbs-layout-horizontal","24":"owp-btn-normal","25":"owp-tabs-layout-horizontal"},"acf":[],"_links":{"self":[{"href":"https:\/\/monaistudio.lt\/en\/wp-json\/wp\/v2\/product\/34163","targetHints":{"allow":["GET"]}}],"collection":[{"href":"https:\/\/monaistudio.lt\/en\/wp-json\/wp\/v2\/product"}],"about":[{"href":"https:\/\/monaistudio.lt\/en\/wp-json\/wp\/v2\/types\/product"}],"replies":[{"embeddable":true,"href":"https:\/\/monaistudio.lt\/en\/wp-json\/wp\/v2\/comments?post=34163"}],"version-history":[{"count":1,"href":"https:\/\/monaistudio.lt\/en\/wp-json\/wp\/v2\/product\/34163\/revisions"}],"predecessor-version":[{"id":34164,"href":"https:\/\/monaistudio.lt\/en\/wp-json\/wp\/v2\/product\/34163\/revisions\/34164"}],"wp:featuredmedia":[{"embeddable":true,"href":"https:\/\/monaistudio.lt\/en\/wp-json\/wp\/v2\/media\/34076"}],"wp:attachment":[{"href":"https:\/\/monaistudio.lt\/en\/wp-json\/wp\/v2\/media?parent=34163"}],"wp:term":[{"taxonomy":"product_brand","embeddable":true,"href":"https:\/\/monaistudio.lt\/en\/wp-json\/wp\/v2\/product_brand?post=34163"},{"taxonomy":"product_cat","embeddable":true,"href":"https:\/\/monaistudio.lt\/en\/wp-json\/wp\/v2\/product_cat?post=34163"},{"taxonomy":"product_tag","embeddable":true,"href":"https:\/\/monaistudio.lt\/en\/wp-json\/wp\/v2\/product_tag?post=34163"}],"curies":[{"name":"wp","href":"https:\/\/api.w.org\/{rel}","templated":true}]}}