{"id":34169,"date":"2026-03-31T13:00:42","date_gmt":"2026-03-31T13:00:42","guid":{"rendered":"https:\/\/monaistudio.lt\/?post_type=product&#038;p=34169"},"modified":"2026-03-31T13:01:41","modified_gmt":"2026-03-31T13:01:41","slug":"melsva-medine-dezele-su-miegancia-lape","status":"publish","type":"product","link":"https:\/\/monaistudio.lt\/en\/product\/melsva-medine-dezele-su-miegancia-lape\/","title":{"rendered":"Melsva medin\u0117 de\u017eel\u0117 su Miegan\u010dia lape"},"content":{"rendered":"<p>\u0160i ma\u017ea d\u0117\u017eut\u0117 pagaminta i\u0161 med\u017eio, dekoruota mano kurta keramikos detale &#8211; reljefine miegan\u010dia lape. D\u0117\u017eut\u0117s vidus i\u0161klotas \u017ealiomis impregnuotomis samanomis, kurios laikui b\u0117gant nepraranda savo spalvos.<\/p>\n<p>Puikiai tinkama saugoti \u017eiedel\u012f, dovanoti smulki\u0105 juvelyrik\u0105, ar dar kokiam j\u016bs\u0173 svarbiam prisiminimui saugoti.<\/p>\n<p>Medin\u0117s d\u0117\u017eut\u0117s i\u0161matavimai(be keramikos detal\u0117s): auk\u0161tis &#8211; 36mm, vidinis auk\u0161tis (su u\u017edarytu dangteliu) &#8211; 26mm, \u00a0vidinis diametras &#8211; 38mm, diametras &#8211; 50mm.<\/p>\n<p>&nbsp;<\/p>","protected":false},"excerpt":{"rendered":"<p>\u0160i ma\u017ea d\u0117\u017eut\u0117 pagaminta i\u0161 med\u017eio, dekoruota mano kurta keramikos detale &#8211; reljefine miegan\u010dia lape. D\u0117\u017eut\u0117s vidus i\u0161klotas \u017ealiomis impregnuotomis samanomis, kurios laikui b\u0117gant nepraranda savo spalvos. Puikiai tinkama saugoti \u017eiedel\u012f, dovanoti smulki\u0105 juvelyrik\u0105, ar dar kokiam j\u016bs\u0173 svarbiam prisiminimui saugoti. Medin\u0117s d\u0117\u017eut\u0117s i\u0161matavimai(be keramikos detal\u0117s): auk\u0161tis &#8211; 36mm, vidinis auk\u0161tis (su u\u017edarytu dangteliu) &#8211; [&hellip;]<\/p>\n","protected":false},"featured_media":34141,"comment_status":"open","ping_status":"closed","template":"","meta":{"_acf_changed":false,"ocean_post_layout":"","ocean_both_sidebars_style":"","ocean_both_sidebars_content_width":0,"ocean_both_sidebars_sidebars_width":0,"ocean_sidebar":"0","ocean_second_sidebar":"0","ocean_disable_margins":"enable","ocean_add_body_class":"","ocean_shortcode_before_top_bar":"","ocean_shortcode_after_top_bar":"","ocean_shortcode_before_header":"","ocean_shortcode_after_header":"","ocean_has_shortcode":"","ocean_shortcode_after_title":"","ocean_shortcode_before_footer_widgets":"","ocean_shortcode_after_footer_widgets":"","ocean_shortcode_before_footer_bottom":"","ocean_shortcode_after_footer_bottom":"","ocean_display_top_bar":"default","ocean_display_header":"default","ocean_header_style":"","ocean_center_header_left_menu":"0","ocean_custom_header_template":"0","ocean_custom_logo":0,"ocean_custom_retina_logo":0,"ocean_custom_logo_max_width":0,"ocean_custom_logo_tablet_max_width":0,"ocean_custom_logo_mobile_max_width":0,"ocean_custom_logo_max_height":0,"ocean_custom_logo_tablet_max_height":0,"ocean_custom_logo_mobile_max_height":0,"ocean_header_custom_menu":"0","ocean_menu_typo_font_family":"0","ocean_menu_typo_font_subset":"","ocean_menu_typo_font_size":0,"ocean_menu_typo_font_size_tablet":0,"ocean_menu_typo_font_size_mobile":0,"ocean_menu_typo_font_size_unit":"px","ocean_menu_typo_font_weight":"","ocean_menu_typo_font_weight_tablet":"","ocean_menu_typo_font_weight_mobile":"","ocean_menu_typo_transform":"","ocean_menu_typo_transform_tablet":"","ocean_menu_typo_transform_mobile":"","ocean_menu_typo_line_height":0,"ocean_menu_typo_line_height_tablet":0,"ocean_menu_typo_line_height_mobile":0,"ocean_menu_typo_line_height_unit":"","ocean_menu_typo_spacing":0,"ocean_menu_typo_spacing_tablet":0,"ocean_menu_typo_spacing_mobile":0,"ocean_menu_typo_spacing_unit":"","ocean_menu_link_color":"","ocean_menu_link_color_hover":"","ocean_menu_link_color_active":"","ocean_menu_link_background":"","ocean_menu_link_hover_background":"","ocean_menu_link_active_background":"","ocean_menu_social_links_bg":"","ocean_menu_social_hover_links_bg":"","ocean_menu_social_links_color":"","ocean_menu_social_hover_links_color":"","ocean_disable_title":"default","ocean_disable_heading":"default","ocean_post_title":"","ocean_post_subheading":"","ocean_post_title_style":"","ocean_post_title_background_color":"","ocean_post_title_background":0,"ocean_post_title_bg_image_position":"","ocean_post_title_bg_image_attachment":"","ocean_post_title_bg_image_repeat":"","ocean_post_title_bg_image_size":"","ocean_post_title_height":0,"ocean_post_title_bg_overlay":0.5,"ocean_post_title_bg_overlay_color":"","ocean_disable_breadcrumbs":"default","ocean_breadcrumbs_color":"","ocean_breadcrumbs_separator_color":"","ocean_breadcrumbs_links_color":"","ocean_breadcrumbs_links_hover_color":"","ocean_display_footer_widgets":"default","ocean_display_footer_bottom":"default","ocean_custom_footer_template":"0"},"product_brand":[],"product_cat":[98],"product_tag":[],"class_list":{"0":"post-34169","1":"product","2":"type-product","3":"status-publish","4":"has-post-thumbnail","6":"product_cat-9home","7":"product_shipping_class-else","9":"entry","10":"has-media","12":"first","13":"instock","14":"shipping-taxable","15":"purchasable","16":"product-type-simple","17":"col","18":"span_1_of_3","19":"owp-content-center","20":"owp-thumbs-layout-horizontal","21":"owp-btn-normal","22":"owp-tabs-layout-horizontal"},"acf":[],"_links":{"self":[{"href":"https:\/\/monaistudio.lt\/en\/wp-json\/wp\/v2\/product\/34169","targetHints":{"allow":["GET"]}}],"collection":[{"href":"https:\/\/monaistudio.lt\/en\/wp-json\/wp\/v2\/product"}],"about":[{"href":"https:\/\/monaistudio.lt\/en\/wp-json\/wp\/v2\/types\/product"}],"replies":[{"embeddable":true,"href":"https:\/\/monaistudio.lt\/en\/wp-json\/wp\/v2\/comments?post=34169"}],"version-history":[{"count":1,"href":"https:\/\/monaistudio.lt\/en\/wp-json\/wp\/v2\/product\/34169\/revisions"}],"predecessor-version":[{"id":34170,"href":"https:\/\/monaistudio.lt\/en\/wp-json\/wp\/v2\/product\/34169\/revisions\/34170"}],"wp:featuredmedia":[{"embeddable":true,"href":"https:\/\/monaistudio.lt\/en\/wp-json\/wp\/v2\/media\/34141"}],"wp:attachment":[{"href":"https:\/\/monaistudio.lt\/en\/wp-json\/wp\/v2\/media?parent=34169"}],"wp:term":[{"taxonomy":"product_brand","embeddable":true,"href":"https:\/\/monaistudio.lt\/en\/wp-json\/wp\/v2\/product_brand?post=34169"},{"taxonomy":"product_cat","embeddable":true,"href":"https:\/\/monaistudio.lt\/en\/wp-json\/wp\/v2\/product_cat?post=34169"},{"taxonomy":"product_tag","embeddable":true,"href":"https:\/\/monaistudio.lt\/en\/wp-json\/wp\/v2\/product_tag?post=34169"}],"curies":[{"name":"wp","href":"https:\/\/api.w.org\/{rel}","templated":true}]}}