{"id":5583,"date":"2020-05-28T10:47:03","date_gmt":"2020-05-28T10:47:03","guid":{"rendered":"https:\/\/monaistudio.lt\/?post_type=product&#038;p=5583"},"modified":"2026-04-06T14:33:46","modified_gmt":"2026-04-06T14:33:46","slug":"wildlife-postcard-set","status":"publish","type":"product","link":"https:\/\/monaistudio.lt\/en\/product\/wildlife-postcard-set\/","title":{"rendered":"Mitini\u0173 mi\u0161ko b\u016btybi\u0173 atviruk\u0173 komplektas"},"content":{"rendered":"<p>Mi\u0161ko dvasi\u0173 ir mitologijos \u012fkv\u0117ptas atviruk\u0173 komplektas iliustruotas mano autoriniais pie\u0161iniais. Pie\u0161iniai pie\u0161ti akvarele ant popieriaus arba akriliniais da\u017eais ant drob\u0117s ir v\u0117liau nuskenuoti.<\/p>\n<p>Puikiai tinka si\u0173sti u\u017eburian\u010dius link\u0117jimus savo gentainiams pasaulio kra\u0161tuose, arba net \u012fsir\u0117minti kaip ma\u017e\u0105 paveiksl\u0117l\u012f nam\u0173 jaukumui.<\/p>\n<p>Dydis: 14 x 10 cm<br \/>\nPopierius: 350 gsm, matinis<\/p>\n<p>Komplekt\u0105 sudaro 10 atviruk\u0173:<br \/>\n1. Saul\u0117gr\u012f\u017ea<br \/>\n2. Pasaulio hipis ir skraidantis tipis<br \/>\n3. Naktinis mi\u0161ko sargas<br \/>\n4. Pel\u0117d\u0173 mi\u0161kas<br \/>\n5. Naktinis mi\u0161ko gyvenimas<br \/>\n6. Snausti<br \/>\n7. Laiko valdovas<br \/>\n8. Kalno bud\u0117tojai<br \/>\n9. Jaunas m\u0117nulis<br \/>\n10. L\u016b\u0161is \u0161ermuk\u0161nio kailyje<\/p>\n<p class=\"translation-block\">","protected":false},"excerpt":{"rendered":"<p>Mi\u0161ko dvasi\u0173 ir mitologijos \u012fkv\u0117ptas atviruk\u0173 komplektas iliustruotas mano autoriniais pie\u0161iniais. Pie\u0161iniai pie\u0161ti akvarele ant popieriaus arba akriliniais da\u017eais ant drob\u0117s ir v\u0117liau nuskenuoti. Puikiai tinka si\u0173sti u\u017eburian\u010dius link\u0117jimus savo gentainiams pasaulio kra\u0161tuose, arba net \u012fsir\u0117minti kaip ma\u017e\u0105 paveiksl\u0117l\u012f nam\u0173 jaukumui. Dydis: 14 x 10 cm Popierius: 350 gsm, matinis Komplekt\u0105 sudaro 10 atviruk\u0173: 1. [&hellip;]<\/p>\n","protected":false},"featured_media":28787,"comment_status":"open","ping_status":"closed","template":"","meta":{"_acf_changed":false,"ocean_post_layout":"","ocean_both_sidebars_style":"","ocean_both_sidebars_content_width":0,"ocean_both_sidebars_sidebars_width":0,"ocean_sidebar":"0","ocean_second_sidebar":"0","ocean_disable_margins":"enable","ocean_add_body_class":"","ocean_shortcode_before_top_bar":"","ocean_shortcode_after_top_bar":"","ocean_shortcode_before_header":"","ocean_shortcode_after_header":"","ocean_has_shortcode":"","ocean_shortcode_after_title":"","ocean_shortcode_before_footer_widgets":"","ocean_shortcode_after_footer_widgets":"","ocean_shortcode_before_footer_bottom":"","ocean_shortcode_after_footer_bottom":"","ocean_display_top_bar":"default","ocean_display_header":"default","ocean_header_style":"","ocean_center_header_left_menu":"0","ocean_custom_header_template":"0","ocean_custom_logo":0,"ocean_custom_retina_logo":0,"ocean_custom_logo_max_width":0,"ocean_custom_logo_tablet_max_width":0,"ocean_custom_logo_mobile_max_width":0,"ocean_custom_logo_max_height":0,"ocean_custom_logo_tablet_max_height":0,"ocean_custom_logo_mobile_max_height":0,"ocean_header_custom_menu":"0","ocean_menu_typo_font_family":"0","ocean_menu_typo_font_subset":"","ocean_menu_typo_font_size":0,"ocean_menu_typo_font_size_tablet":0,"ocean_menu_typo_font_size_mobile":0,"ocean_menu_typo_font_size_unit":"px","ocean_menu_typo_font_weight":"","ocean_menu_typo_font_weight_tablet":"","ocean_menu_typo_font_weight_mobile":"","ocean_menu_typo_transform":"","ocean_menu_typo_transform_tablet":"","ocean_menu_typo_transform_mobile":"","ocean_menu_typo_line_height":0,"ocean_menu_typo_line_height_tablet":0,"ocean_menu_typo_line_height_mobile":0,"ocean_menu_typo_line_height_unit":"","ocean_menu_typo_spacing":0,"ocean_menu_typo_spacing_tablet":0,"ocean_menu_typo_spacing_mobile":0,"ocean_menu_typo_spacing_unit":"","ocean_menu_link_color":"","ocean_menu_link_color_hover":"","ocean_menu_link_color_active":"","ocean_menu_link_background":"","ocean_menu_link_hover_background":"","ocean_menu_link_active_background":"","ocean_menu_social_links_bg":"","ocean_menu_social_hover_links_bg":"","ocean_menu_social_links_color":"","ocean_menu_social_hover_links_color":"","ocean_disable_title":"default","ocean_disable_heading":"default","ocean_post_title":"","ocean_post_subheading":"","ocean_post_title_style":"","ocean_post_title_background_color":"","ocean_post_title_background":0,"ocean_post_title_bg_image_position":"","ocean_post_title_bg_image_attachment":"","ocean_post_title_bg_image_repeat":"","ocean_post_title_bg_image_size":"","ocean_post_title_height":0,"ocean_post_title_bg_overlay":0.5,"ocean_post_title_bg_overlay_color":"","ocean_disable_breadcrumbs":"default","ocean_breadcrumbs_color":"","ocean_breadcrumbs_separator_color":"","ocean_breadcrumbs_links_color":"","ocean_breadcrumbs_links_hover_color":"","ocean_display_footer_widgets":"default","ocean_display_footer_bottom":"default","ocean_custom_footer_template":"0"},"product_brand":[],"product_cat":[22],"product_tag":[],"class_list":{"0":"post-5583","1":"product","2":"type-product","3":"status-publish","4":"has-post-thumbnail","6":"product_cat-5postcards","7":"product_shipping_class-else","9":"entry","10":"has-media","12":"first","13":"instock","14":"shipping-taxable","15":"purchasable","16":"product-type-simple","17":"col","18":"span_1_of_3","19":"owp-content-center","20":"owp-thumbs-layout-horizontal","21":"owp-btn-normal","22":"owp-tabs-layout-horizontal"},"acf":[],"_links":{"self":[{"href":"https:\/\/monaistudio.lt\/en\/wp-json\/wp\/v2\/product\/5583","targetHints":{"allow":["GET"]}}],"collection":[{"href":"https:\/\/monaistudio.lt\/en\/wp-json\/wp\/v2\/product"}],"about":[{"href":"https:\/\/monaistudio.lt\/en\/wp-json\/wp\/v2\/types\/product"}],"replies":[{"embeddable":true,"href":"https:\/\/monaistudio.lt\/en\/wp-json\/wp\/v2\/comments?post=5583"}],"version-history":[{"count":6,"href":"https:\/\/monaistudio.lt\/en\/wp-json\/wp\/v2\/product\/5583\/revisions"}],"predecessor-version":[{"id":28786,"href":"https:\/\/monaistudio.lt\/en\/wp-json\/wp\/v2\/product\/5583\/revisions\/28786"}],"wp:featuredmedia":[{"embeddable":true,"href":"https:\/\/monaistudio.lt\/en\/wp-json\/wp\/v2\/media\/28787"}],"wp:attachment":[{"href":"https:\/\/monaistudio.lt\/en\/wp-json\/wp\/v2\/media?parent=5583"}],"wp:term":[{"taxonomy":"product_brand","embeddable":true,"href":"https:\/\/monaistudio.lt\/en\/wp-json\/wp\/v2\/product_brand?post=5583"},{"taxonomy":"product_cat","embeddable":true,"href":"https:\/\/monaistudio.lt\/en\/wp-json\/wp\/v2\/product_cat?post=5583"},{"taxonomy":"product_tag","embeddable":true,"href":"https:\/\/monaistudio.lt\/en\/wp-json\/wp\/v2\/product_tag?post=5583"}],"curies":[{"name":"wp","href":"https:\/\/api.w.org\/{rel}","templated":true}]}}